{"id":1530,"date":"2024-02-21T15:06:31","date_gmt":"2024-02-21T14:06:31","guid":{"rendered":"https:\/\/dev.entwicklung-schweiz.bertastrasse1.ch\/?page_id=1530"},"modified":"2026-03-31T14:09:31","modified_gmt":"2026-03-31T12:09:31","slug":"publications","status":"publish","type":"page","link":"https:\/\/entwicklung-schweiz.ch\/fr\/publications\/","title":{"rendered":"Autres publications"},"content":{"rendered":"\n<p>L\u2019association fournit r\u00e9guli\u00e8rement un service pr\u00e9cieux en compilant les contenus importants pour le secteur. Cela permet aux membres de s\u2019informer et s\u2019orienter, de trouver des argumentaires et de suivre l\u2019\u00e9volution de probl\u00e8mes concrets.<\/p>\n\n\n\n            <section class=\"accordion-block\">\n            <div class=\"accordion\">\n                                    <div class=\"accordion-item\">\n                        <div class=\"accordion-item-header-block bg-color-red border-color-red\" data-number=\"1\">\n                            <h3 class=\"mb-0 text-white\"><strong>Rapports annuels<\/strong><\/h3>\n                        <\/div>\n\n                        <div class=\"accordion-item-content-block border-color-red\">\n                            <div class=\"accordion-item-content-inner-block\">\n                                                                            <div><a href=\"https:\/\/entwicklung-schweiz.ch\/wp-content\/uploads\/2025\/06\/20250505_Entwicklung_Schweiz_DRUCK_JB_mit_Stanzform_FR_komprimiert.pdf\" class=\"mb-0 link-hover-color-red\">Rapport annuel 2024<\/a><\/div>\n                                                                                    <div><a href=\"https:\/\/entwicklung-schweiz.ch\/wp-content\/uploads\/2024\/11\/20240507_Entwicklung_Schweiz_Layout_JB_FR_Ansicht_ik02.pdf\" class=\"mb-0 link-hover-color-red\">Rapport annuel 2023<\/a><\/div>\n                                                                                    <div><a href=\"https:\/\/entwicklung-schweiz.ch\/wp-content\/uploads\/2024\/05\/es_jb_2022_f.pdf\" class=\"mb-0 link-hover-color-red\">Rapport annuel 2022<\/a><\/div>\n                                                                                    <div><a href=\"https:\/\/entwicklung-schweiz.ch\/wp-content\/uploads\/2024\/05\/es_jb_2021_f.pdf\" class=\"mb-0 link-hover-color-red\">Rapport annuel 2021<\/a><\/div>\n                                                                                    <div><a href=\"https:\/\/entwicklung-schweiz.ch\/wp-content\/uploads\/2024\/05\/es_jb_2020_f.pdf\" class=\"mb-0 link-hover-color-red\">Rapport annuel 2020<\/a><\/div>\n                                                                    <\/div>\n                        <\/div>\n                    <\/div>\n                            <\/div>\n        <\/section>\n    \n\n\n\n\n\n<p>Si vous souhaitez que nous traitions un sujet particulier ou une pr\u00e9occupation, n\u2019h\u00e9sitez pas \u00e0 prendre contact avec nous.&nbsp;<\/p>\n\n\n\n<h2 class=\"wp-block-heading\" id=\"h-documents-de-position\"><strong>Documents de position<\/strong><\/h2>\n\n\n\n<p>Les membres de D\u00e9veloppement Suisse assument des responsabilit\u00e9s pour la qualit\u00e9 de vie et du logement dans notre pays. Ils contribuent \u00e0 un d\u00e9veloppement judicieux de la Suisse, tenant compte des effets \u00e9conomiques, \u00e9cologiques et sociaux. Ils s\u2019engagent activement dans la vie publique, politique et \u00e9conomique, ainsi qu\u2019aupr\u00e8s des autorit\u00e9s communales et cantonales.<\/p>\n\n\n\n<p>Les membres de D\u00e9veloppement Suisse assument des responsabilit\u00e9s pour la qualit\u00e9 de vie et du logement dans notre pays. Ils contribuent \u00e0 un d\u00e9veloppement judicieux de la Suisse, tenant compte des effets \u00e9conomiques, \u00e9cologiques et sociaux.<\/p>\n\n\n\n<p><\/p>\n\n\n\n            <section class=\"accordion-block\">\n            <div class=\"accordion\">\n                                    <div class=\"accordion-item\">\n                        <div class=\"accordion-item-header-block bg-color-red border-color-red\" data-number=\"1\">\n                            <h3 class=\"mb-0 text-white\"><strong>Documents de position<\/strong><\/h3>\n                        <\/div>\n\n                        <div class=\"accordion-item-content-block border-color-red\">\n                            <div class=\"accordion-item-content-inner-block\">\n                                                                            <div><a href=\"https:\/\/entwicklung-schweiz.ch\/wp-content\/uploads\/2025\/06\/Positionspapier-Entwicklung-Schweiz-Wohnungsknappheit-FR.pdf\" class=\"mb-0 link-hover-color-red\">P\u00e9nurie de logements<\/a><\/div>\n                                                                                    <div><a href=\"https:\/\/entwicklung-schweiz.ch\/wp-content\/uploads\/2024\/05\/es_positionspapier_qualitaet_f.pdf\" class=\"mb-0 link-hover-color-red\">Qualit\u00e9<\/a><\/div>\n                                                                                    <div><a href=\"https:\/\/entwicklung-schweiz.ch\/wp-content\/uploads\/2024\/05\/es_handout_zusammenarbeitsmodell_f.pdf\" class=\"mb-0 link-hover-color-red\">Le bon mod\u00e8le de collaboration<\/a><\/div>\n                                                                                    <div><a href=\"https:\/\/entwicklung-schweiz.ch\/wp-content\/uploads\/2024\/05\/es_positionspapier_baukultur_f.pdf\" class=\"mb-0 link-hover-color-red\">Culture du b\u00e2ti<\/a><\/div>\n                                                                                    <div><a href=\"https:\/\/entwicklung-schweiz.ch\/wp-content\/uploads\/2024\/05\/ds_prise_de_position_amenagement_du_territoire.pdf\" class=\"mb-0 link-hover-color-red\">Am\u00e9nagement du territoire<\/a><\/div>\n                                                                                    <div><a href=\"https:\/\/entwicklung-schweiz.ch\/wp-content\/uploads\/2024\/05\/ds_prise_de_position_developpement_de_quartiers_et_de_zones.pdf\" class=\"mb-0 link-hover-color-red\">D\u00e9veloppement de quartiers et de zones<\/a><\/div>\n                                                                                    <div><a href=\"https:\/\/entwicklung-schweiz.ch\/wp-content\/uploads\/2024\/05\/ds_prise_de_position_energie.pdf\" class=\"mb-0 link-hover-color-red\">Energie<\/a><\/div>\n                                                                    <\/div>\n                        <\/div>\n                    <\/div>\n                            <\/div>\n        <\/section>\n    \n\n\n\n\n\n<h2 class=\"wp-block-heading\" id=\"h-fiche-d-information\">Fiche d&rsquo;information<\/h2>\n\n\n\n            <section class=\"accordion-block\">\n            <div class=\"accordion\">\n                                    <div class=\"accordion-item\">\n                        <div class=\"accordion-item-header-block bg-color-red border-color-red\" data-number=\"1\">\n                            <h3 class=\"mb-0 text-white\"><strong>Fiche d&rsquo;information<\/strong><\/h3>\n                        <\/div>\n\n                        <div class=\"accordion-item-content-block border-color-red\">\n                            <div class=\"accordion-item-content-inner-block\">\n                                                                            <div><a href=\"https:\/\/entwicklung-schweiz.ch\/wp-content\/uploads\/2026\/02\/20260219-Fact-Sheet-VNL-Umwelt-def.-fr.pdf\" class=\"mb-0 link-hover-color-red\">Consultation sur les ordonnances environnementales<\/a><\/div>\n                                                                                    <div><a href=\"https:\/\/entwicklung-schweiz.ch\/wp-content\/uploads\/2026\/03\/Fact-Sheet-revUSG-und-Laermschutz_def-fr.pdf\" class=\"mb-0 link-hover-color-red\">R\u00e9vision de la loi sur la protection de l&rsquo;environnement et protection contre le bruit<\/a><\/div>\n                                                                                    <div><a href=\"https:\/\/entwicklung-schweiz.ch\/wp-content\/uploads\/2026\/03\/Bauenschweiz_PFAS_Aktueller-Stand-und-Position_11Maerz2026_F.pdf\" class=\"mb-0 link-hover-color-red\">Contexte et \u00e9tat actuel de la question des PFAS dans le secteur de la construction<\/a><\/div>\n                                                                    <\/div>\n                        <\/div>\n                    <\/div>\n                            <\/div>\n        <\/section>\n    \n\n\n\n\n\n<h2 class=\"wp-block-heading\" id=\"h-procedures-de-consultation\"><strong>Proc\u00e9dures de consultation<\/strong><\/h2>\n\n\n\n<p>Les autorit\u00e9s comp\u00e9tentes nous invitent \u00e0 participer \u00e0 des proc\u00e9dures de consultation au niveau tant cantonal que national. Ensemble et en tenant compte de nos th\u00e8mes cl\u00e9s, nous d\u00e9cidons ensuite si nous voulons mener notre propre consultation, nous aligner sur constructionsuisse ou nous abstenir parce que le sujet n\u2019a pas de priorit\u00e9 pour nous.<\/p>\n","protected":false},"excerpt":{"rendered":"<p>L\u2019association fournit r\u00e9guli\u00e8rement un service pr\u00e9cieux en compilant les contenus importants pour le secteur. Cela permet aux membres de s\u2019informer et s\u2019orienter, de trouver des argumentaires et de suivre l\u2019\u00e9volution de probl\u00e8mes concrets. Si vous souhaitez que nous traitions un sujet particulier ou une pr\u00e9occupation, n\u2019h\u00e9sitez pas \u00e0 prendre contact avec nous.&nbsp; Documents de position [&hellip;]<\/p>\n","protected":false},"author":2,"featured_media":66,"parent":0,"menu_order":4,"comment_status":"closed","ping_status":"closed","template":"","meta":{"_acf_changed":false,"inline_featured_image":false,"_themeisle_gutenberg_block_has_review":false,"footnotes":""},"acf":[],"yoast_head":"<!-- This site is optimized with the Yoast SEO Premium plugin v22.7 (Yoast SEO v22.7) - https:\/\/yoast.com\/wordpress\/plugins\/seo\/ -->\n<title>Autres publications - Entwicklung Schweiz<\/title>\n<meta name=\"robots\" content=\"index, follow, max-snippet:-1, max-image-preview:large, max-video-preview:-1\" \/>\n<link rel=\"canonical\" href=\"https:\/\/entwicklung-schweiz.ch\/fr\/publications\/\" \/>\n<meta property=\"og:locale\" content=\"fr_FR\" \/>\n<meta property=\"og:type\" content=\"article\" \/>\n<meta property=\"og:title\" content=\"Autres publications\" \/>\n<meta property=\"og:description\" content=\"L\u2019association fournit r\u00e9guli\u00e8rement un service pr\u00e9cieux en compilant les contenus importants pour le secteur. Cela permet aux membres de s\u2019informer et s\u2019orienter, de trouver des argumentaires et de suivre l\u2019\u00e9volution de probl\u00e8mes concrets. Si vous souhaitez que nous traitions un sujet particulier ou une pr\u00e9occupation, n\u2019h\u00e9sitez pas \u00e0 prendre contact avec nous.&nbsp; Documents de position [&hellip;]\" \/>\n<meta property=\"og:url\" content=\"https:\/\/entwicklung-schweiz.ch\/fr\/publications\/\" \/>\n<meta property=\"og:site_name\" content=\"Entwicklung Schweiz\" \/>\n<meta property=\"article:modified_time\" content=\"2026-03-31T12:09:31+00:00\" \/>\n<meta property=\"og:image\" content=\"https:\/\/entwicklung-schweiz.ch\/wp-content\/uploads\/2024\/02\/b0df5bbd57ae3e03954da3d3c1af5149.jpeg\" \/>\n\t<meta property=\"og:image:width\" content=\"1380\" \/>\n\t<meta property=\"og:image:height\" content=\"975\" \/>\n\t<meta property=\"og:image:type\" content=\"image\/jpeg\" \/>\n<meta name=\"twitter:card\" content=\"summary_large_image\" \/>\n<meta name=\"twitter:label1\" content=\"Dur\u00e9e de lecture estim\u00e9e\" \/>\n\t<meta name=\"twitter:data1\" content=\"2 minutes\" \/>\n<script type=\"application\/ld+json\" class=\"yoast-schema-graph\">{\"@context\":\"https:\/\/schema.org\",\"@graph\":[{\"@type\":\"WebPage\",\"@id\":\"https:\/\/entwicklung-schweiz.ch\/fr\/publications\/\",\"url\":\"https:\/\/entwicklung-schweiz.ch\/fr\/publications\/\",\"name\":\"Autres publications - Entwicklung Schweiz\",\"isPartOf\":{\"@id\":\"https:\/\/entwicklung-schweiz.ch\/#website\"},\"primaryImageOfPage\":{\"@id\":\"https:\/\/entwicklung-schweiz.ch\/fr\/publications\/#primaryimage\"},\"image\":{\"@id\":\"https:\/\/entwicklung-schweiz.ch\/fr\/publications\/#primaryimage\"},\"thumbnailUrl\":\"https:\/\/entwicklung-schweiz.ch\/wp-content\/uploads\/2024\/02\/b0df5bbd57ae3e03954da3d3c1af5149.jpeg\",\"datePublished\":\"2024-02-21T14:06:31+00:00\",\"dateModified\":\"2026-03-31T12:09:31+00:00\",\"breadcrumb\":{\"@id\":\"https:\/\/entwicklung-schweiz.ch\/fr\/publications\/#breadcrumb\"},\"inLanguage\":\"fr-FR\",\"potentialAction\":[{\"@type\":\"ReadAction\",\"target\":[\"https:\/\/entwicklung-schweiz.ch\/fr\/publications\/\"]}]},{\"@type\":\"ImageObject\",\"inLanguage\":\"fr-FR\",\"@id\":\"https:\/\/entwicklung-schweiz.ch\/fr\/publications\/#primaryimage\",\"url\":\"https:\/\/entwicklung-schweiz.ch\/wp-content\/uploads\/2024\/02\/b0df5bbd57ae3e03954da3d3c1af5149.jpeg\",\"contentUrl\":\"https:\/\/entwicklung-schweiz.ch\/wp-content\/uploads\/2024\/02\/b0df5bbd57ae3e03954da3d3c1af5149.jpeg\",\"width\":1380,\"height\":975},{\"@type\":\"BreadcrumbList\",\"@id\":\"https:\/\/entwicklung-schweiz.ch\/fr\/publications\/#breadcrumb\",\"itemListElement\":[{\"@type\":\"ListItem\",\"position\":1,\"name\":\"Home\",\"item\":\"https:\/\/entwicklung-schweiz.ch\/fr\/\"},{\"@type\":\"ListItem\",\"position\":2,\"name\":\"Autres publications\"}]},{\"@type\":\"WebSite\",\"@id\":\"https:\/\/entwicklung-schweiz.ch\/#website\",\"url\":\"https:\/\/entwicklung-schweiz.ch\/\",\"name\":\"Entwicklung Schweiz\",\"description\":\"\",\"publisher\":{\"@id\":\"https:\/\/entwicklung-schweiz.ch\/#organization\"},\"potentialAction\":[{\"@type\":\"SearchAction\",\"target\":{\"@type\":\"EntryPoint\",\"urlTemplate\":\"https:\/\/entwicklung-schweiz.ch\/?s={search_term_string}\"},\"query-input\":\"required name=search_term_string\"}],\"inLanguage\":\"fr-FR\"},{\"@type\":\"Organization\",\"@id\":\"https:\/\/entwicklung-schweiz.ch\/#organization\",\"name\":\"Entwicklung Schweiz\",\"url\":\"https:\/\/entwicklung-schweiz.ch\/\",\"logo\":{\"@type\":\"ImageObject\",\"inLanguage\":\"fr-FR\",\"@id\":\"https:\/\/entwicklung-schweiz.ch\/#\/schema\/logo\/image\/\",\"url\":\"https:\/\/entwicklung-schweiz.ch\/wp-content\/uploads\/2024\/02\/Logo_colors.svg\",\"contentUrl\":\"https:\/\/entwicklung-schweiz.ch\/wp-content\/uploads\/2024\/02\/Logo_colors.svg\",\"width\":243,\"height\":49,\"caption\":\"Entwicklung Schweiz\"},\"image\":{\"@id\":\"https:\/\/entwicklung-schweiz.ch\/#\/schema\/logo\/image\/\"}}]}<\/script>\n<!-- \/ Yoast SEO Premium plugin. -->","yoast_head_json":{"title":"Autres publications - Entwicklung Schweiz","robots":{"index":"index","follow":"follow","max-snippet":"max-snippet:-1","max-image-preview":"max-image-preview:large","max-video-preview":"max-video-preview:-1"},"canonical":"https:\/\/entwicklung-schweiz.ch\/fr\/publications\/","og_locale":"fr_FR","og_type":"article","og_title":"Autres publications","og_description":"L\u2019association fournit r\u00e9guli\u00e8rement un service pr\u00e9cieux en compilant les contenus importants pour le secteur. Cela permet aux membres de s\u2019informer et s\u2019orienter, de trouver des argumentaires et de suivre l\u2019\u00e9volution de probl\u00e8mes concrets. Si vous souhaitez que nous traitions un sujet particulier ou une pr\u00e9occupation, n\u2019h\u00e9sitez pas \u00e0 prendre contact avec nous.&nbsp; Documents de position [&hellip;]","og_url":"https:\/\/entwicklung-schweiz.ch\/fr\/publications\/","og_site_name":"Entwicklung Schweiz","article_modified_time":"2026-03-31T12:09:31+00:00","og_image":[{"width":1380,"height":975,"url":"https:\/\/entwicklung-schweiz.ch\/wp-content\/uploads\/2024\/02\/b0df5bbd57ae3e03954da3d3c1af5149.jpeg","type":"image\/jpeg"}],"twitter_card":"summary_large_image","twitter_misc":{"Dur\u00e9e de lecture estim\u00e9e":"2 minutes"},"schema":{"@context":"https:\/\/schema.org","@graph":[{"@type":"WebPage","@id":"https:\/\/entwicklung-schweiz.ch\/fr\/publications\/","url":"https:\/\/entwicklung-schweiz.ch\/fr\/publications\/","name":"Autres publications - Entwicklung Schweiz","isPartOf":{"@id":"https:\/\/entwicklung-schweiz.ch\/#website"},"primaryImageOfPage":{"@id":"https:\/\/entwicklung-schweiz.ch\/fr\/publications\/#primaryimage"},"image":{"@id":"https:\/\/entwicklung-schweiz.ch\/fr\/publications\/#primaryimage"},"thumbnailUrl":"https:\/\/entwicklung-schweiz.ch\/wp-content\/uploads\/2024\/02\/b0df5bbd57ae3e03954da3d3c1af5149.jpeg","datePublished":"2024-02-21T14:06:31+00:00","dateModified":"2026-03-31T12:09:31+00:00","breadcrumb":{"@id":"https:\/\/entwicklung-schweiz.ch\/fr\/publications\/#breadcrumb"},"inLanguage":"fr-FR","potentialAction":[{"@type":"ReadAction","target":["https:\/\/entwicklung-schweiz.ch\/fr\/publications\/"]}]},{"@type":"ImageObject","inLanguage":"fr-FR","@id":"https:\/\/entwicklung-schweiz.ch\/fr\/publications\/#primaryimage","url":"https:\/\/entwicklung-schweiz.ch\/wp-content\/uploads\/2024\/02\/b0df5bbd57ae3e03954da3d3c1af5149.jpeg","contentUrl":"https:\/\/entwicklung-schweiz.ch\/wp-content\/uploads\/2024\/02\/b0df5bbd57ae3e03954da3d3c1af5149.jpeg","width":1380,"height":975},{"@type":"BreadcrumbList","@id":"https:\/\/entwicklung-schweiz.ch\/fr\/publications\/#breadcrumb","itemListElement":[{"@type":"ListItem","position":1,"name":"Home","item":"https:\/\/entwicklung-schweiz.ch\/fr\/"},{"@type":"ListItem","position":2,"name":"Autres publications"}]},{"@type":"WebSite","@id":"https:\/\/entwicklung-schweiz.ch\/#website","url":"https:\/\/entwicklung-schweiz.ch\/","name":"Entwicklung Schweiz","description":"","publisher":{"@id":"https:\/\/entwicklung-schweiz.ch\/#organization"},"potentialAction":[{"@type":"SearchAction","target":{"@type":"EntryPoint","urlTemplate":"https:\/\/entwicklung-schweiz.ch\/?s={search_term_string}"},"query-input":"required name=search_term_string"}],"inLanguage":"fr-FR"},{"@type":"Organization","@id":"https:\/\/entwicklung-schweiz.ch\/#organization","name":"Entwicklung Schweiz","url":"https:\/\/entwicklung-schweiz.ch\/","logo":{"@type":"ImageObject","inLanguage":"fr-FR","@id":"https:\/\/entwicklung-schweiz.ch\/#\/schema\/logo\/image\/","url":"https:\/\/entwicklung-schweiz.ch\/wp-content\/uploads\/2024\/02\/Logo_colors.svg","contentUrl":"https:\/\/entwicklung-schweiz.ch\/wp-content\/uploads\/2024\/02\/Logo_colors.svg","width":243,"height":49,"caption":"Entwicklung Schweiz"},"image":{"@id":"https:\/\/entwicklung-schweiz.ch\/#\/schema\/logo\/image\/"}}]}},"_links":{"self":[{"href":"https:\/\/entwicklung-schweiz.ch\/fr\/wp-json\/wp\/v2\/pages\/1530"}],"collection":[{"href":"https:\/\/entwicklung-schweiz.ch\/fr\/wp-json\/wp\/v2\/pages"}],"about":[{"href":"https:\/\/entwicklung-schweiz.ch\/fr\/wp-json\/wp\/v2\/types\/page"}],"author":[{"embeddable":true,"href":"https:\/\/entwicklung-schweiz.ch\/fr\/wp-json\/wp\/v2\/users\/2"}],"replies":[{"embeddable":true,"href":"https:\/\/entwicklung-schweiz.ch\/fr\/wp-json\/wp\/v2\/comments?post=1530"}],"version-history":[{"count":10,"href":"https:\/\/entwicklung-schweiz.ch\/fr\/wp-json\/wp\/v2\/pages\/1530\/revisions"}],"predecessor-version":[{"id":3279,"href":"https:\/\/entwicklung-schweiz.ch\/fr\/wp-json\/wp\/v2\/pages\/1530\/revisions\/3279"}],"wp:featuredmedia":[{"embeddable":true,"href":"https:\/\/entwicklung-schweiz.ch\/fr\/wp-json\/wp\/v2\/media\/66"}],"wp:attachment":[{"href":"https:\/\/entwicklung-schweiz.ch\/fr\/wp-json\/wp\/v2\/media?parent=1530"}],"curies":[{"name":"wp","href":"https:\/\/api.w.org\/{rel}","templated":true}]}}