{"id":1627,"date":"2024-02-21T14:13:34","date_gmt":"2024-02-21T13:13:34","guid":{"rendered":"https:\/\/dev.entwicklung-schweiz.bertastrasse1.ch\/?page_id=1627"},"modified":"2024-05-23T10:35:53","modified_gmt":"2024-05-23T08:35:53","slug":"a-propos-de-nous","status":"publish","type":"page","link":"https:\/\/entwicklung-schweiz.ch\/fr\/a-propos-de-nous\/","title":{"rendered":"\u00c0 propos de nous"},"content":{"rendered":"\n<p>Les membres de D\u00e9veloppement Suisse assument des responsabilit\u00e9s pour la qualit\u00e9 de vie et du logement dans notre pays. Ils contribuent \u00e0 un d\u00e9veloppement judicieux de la Suisse, tenant compte des effets \u00e9conomiques, \u00e9cologiques et sociaux. Ils s\u2019engagent activement dans la vie publique, politique et \u00e9conomique, ainsi qu\u2019aupr\u00e8s des autorit\u00e9s communales et cantonales.<\/p>\n\n\n\n<figure class=\"wp-block-embed is-type-video is-provider-youtube wp-block-embed-youtube wp-embed-aspect-16-9 wp-has-aspect-ratio\"><div class=\"wp-block-embed__wrapper\">\n<iframe loading=\"lazy\" title=\"Festtagsvideo Entwicklung Schweiz\" width=\"500\" height=\"281\" src=\"https:\/\/www.youtube.com\/embed\/G9LwZ4vhmKA?feature=oembed\" frameborder=\"0\" allow=\"accelerometer; autoplay; clipboard-write; encrypted-media; gyroscope; picture-in-picture; web-share\" referrerpolicy=\"strict-origin-when-cross-origin\" allowfullscreen><\/iframe>\n<\/div><\/figure>\n\n\n\n            <section class=\"custom-quote-block scrollMagic-block\" data-uid=\"69d10a0f74ab7\">\n            <p class=\"mb-0 quote text-red\">La voie \u00e0 suivre? Cesser de parler et se mettre \u00e0 agir.<\/p>\n\n                            <div class=\"quote-divider\"><\/div>\n                <p class=\"mb-0 quote-autor\">Martin Schmid, pr\u00e9sident<\/p>\n                    <\/section>\n    \n\n\n\n\n<h2 class=\"wp-block-heading\"><strong>Notre ambition<\/strong><\/h2>\n\n\n\n<p>Nous faisons avancer le secteur. Pour que la population vive bien ici.&nbsp;<\/p>\n\n\n\n<p>Notre association d\u2019entrepreneurs g\u00e9n\u00e9raux est synonyme de mod\u00e8les de collaboration int\u00e9gr\u00e9s o\u00f9 planification, d\u00e9veloppement et r\u00e9alisation cr\u00e9ent une perspective d\u2019ensemble. Nos membres d\u00e9veloppent, en commun avec tous les groupes d\u2019int\u00e9r\u00eats, l\u2019espace de vie auquel les habitants de Suisse aspirent&nbsp;\u2013 dans un souci d\u2019innovation et de durabilit\u00e9, pour les g\u00e9n\u00e9rations futures. Nous sommes une voix forte en politique et sur le march\u00e9, pour le d\u00e9veloppement d\u2019une Suisse o\u00f9 il fait bon vivre.<\/p>\n\n\n\n<h2 class=\"wp-block-heading\"><strong>Notre vision<\/strong><\/h2>\n\n\n\n<p>Nous habitons, vivons et travaillons dans une Suisse construite avec intelligence et de fa\u00e7on durable, o\u00f9 les gens se sentent chez eux.&nbsp;<\/p>\n\n\n\n<p>D\u00e9veloppement Suisse est l\u2019association qui a des contacts personnels en politique, qui sert d\u2019interm\u00e9diaire \u00e0 l\u2019interface et qui aide \u00e0 poser les bons jalons.&nbsp;<\/p>\n\n\n\n<p>Nos membres sont chefs de file de projets de construction complexes, parce qu\u2019ils pensent et agissent globalement et mettent en \u0153uvre les solutions de demain avec tous les groupes d\u2019int\u00e9r\u00eats concern\u00e9s.&nbsp;<\/p>\n\n\n\n<h2 class=\"wp-block-heading\"><strong>Notre mission<\/strong><\/h2>\n\n\n\n<p>Avec notre mentalit\u00e9 entrepreneuriale, nous cherchons \u00e0 trouver les meilleures r\u00e9ponses aux d\u00e9fis \u00e9conomiques et sociaux qui se posent sur le march\u00e9 de la construction et de l\u2019immobilier. Nous repr\u00e9sentons les int\u00e9r\u00eats de nos membres de mani\u00e8re fond\u00e9e et dans l\u2019int\u00e9r\u00eat des g\u00e9n\u00e9rations futures. Pour la population. Conjointement avec la politique.&nbsp;<\/p>\n\n\n\n<h2 class=\"wp-block-heading\"><strong>Nos valeurs<\/strong><\/h2>\n\n\n\n<p>La confiance et le contact personnel comptent pour nous. Nous travaillons en nous appuyant sur des faits, en \u00e9tant professionnels et le plus transparents possible. Nos membres et les autres groupes d\u2019int\u00e9r\u00eats peuvent toujours faire appel \u00e0 nous et nous maintenons le dialogue. Notre conduite est anim\u00e9e d\u2019un esprit d\u2019entreprise, de responsabilit\u00e9 et de coop\u00e9ration. Ensemble, nous osons emprunter de nouvelles voies.&nbsp;<\/p>\n\n\n\n<h2 class=\"wp-block-heading\"><strong>Nos objectifs<\/strong><\/h2>\n\n\n\n<ul>\n<li>En servant d\u2019interm\u00e9diaire \u00e0 l\u2019interface entre politique, entreprises et administration, nous d\u00e9veloppons le march\u00e9 pour des solutions compl\u00e8tes ax\u00e9es sur les besoins de la soci\u00e9t\u00e9.&nbsp;<\/li>\n\n\n\n<li>Nous sommes une plateforme pour l\u2019\u00e9change d\u2019id\u00e9es, d\u2019innovations et de bonnes pratiques.<\/li>\n\n\n\n<li>Nous soutenons des solutions sectorielles innovantes pour nos membres et nous encourageons la rel\u00e8ve.&nbsp;<\/li>\n<\/ul>\n","protected":false},"excerpt":{"rendered":"<p>Les membres de D\u00e9veloppement Suisse assument des responsabilit\u00e9s pour la qualit\u00e9 de vie et du logement dans notre pays. Ils contribuent \u00e0 un d\u00e9veloppement judicieux de la Suisse, tenant compte des effets \u00e9conomiques, \u00e9cologiques et sociaux. Ils s\u2019engagent activement dans la vie publique, politique et \u00e9conomique, ainsi qu\u2019aupr\u00e8s des autorit\u00e9s communales et cantonales. Notre ambition [&hellip;]<\/p>\n","protected":false},"author":7,"featured_media":63,"parent":0,"menu_order":6,"comment_status":"closed","ping_status":"closed","template":"","meta":{"_acf_changed":false,"inline_featured_image":false,"_themeisle_gutenberg_block_has_review":false,"footnotes":""},"acf":[],"yoast_head":"<!-- This site is optimized with the Yoast SEO Premium plugin v22.7 (Yoast SEO v22.7) - https:\/\/yoast.com\/wordpress\/plugins\/seo\/ -->\n<title>\u00c0 propos de nous - Entwicklung Schweiz<\/title>\n<meta name=\"robots\" content=\"index, follow, max-snippet:-1, max-image-preview:large, max-video-preview:-1\" \/>\n<link rel=\"canonical\" href=\"https:\/\/entwicklung-schweiz.ch\/fr\/a-propos-de-nous\/\" \/>\n<meta property=\"og:locale\" content=\"fr_FR\" \/>\n<meta property=\"og:type\" content=\"article\" \/>\n<meta property=\"og:title\" content=\"\u00c0 propos de nous\" \/>\n<meta property=\"og:description\" content=\"Les membres de D\u00e9veloppement Suisse assument des responsabilit\u00e9s pour la qualit\u00e9 de vie et du logement dans notre pays. Ils contribuent \u00e0 un d\u00e9veloppement judicieux de la Suisse, tenant compte des effets \u00e9conomiques, \u00e9cologiques et sociaux. Ils s\u2019engagent activement dans la vie publique, politique et \u00e9conomique, ainsi qu\u2019aupr\u00e8s des autorit\u00e9s communales et cantonales. Notre ambition [&hellip;]\" \/>\n<meta property=\"og:url\" content=\"https:\/\/entwicklung-schweiz.ch\/fr\/a-propos-de-nous\/\" \/>\n<meta property=\"og:site_name\" content=\"Entwicklung Schweiz\" \/>\n<meta property=\"article:modified_time\" content=\"2024-05-23T08:35:53+00:00\" \/>\n<meta property=\"og:image\" content=\"https:\/\/entwicklung-schweiz.ch\/wp-content\/uploads\/2024\/02\/63eb94c2e04d360e82192cccb9cc5d27.jpeg\" \/>\n\t<meta property=\"og:image:width\" content=\"1900\" \/>\n\t<meta property=\"og:image:height\" content=\"1190\" \/>\n\t<meta property=\"og:image:type\" content=\"image\/jpeg\" \/>\n<meta name=\"twitter:card\" content=\"summary_large_image\" \/>\n<meta name=\"twitter:label1\" content=\"Dur\u00e9e de lecture estim\u00e9e\" \/>\n\t<meta name=\"twitter:data1\" content=\"3 minutes\" \/>\n<script type=\"application\/ld+json\" class=\"yoast-schema-graph\">{\"@context\":\"https:\/\/schema.org\",\"@graph\":[{\"@type\":\"WebPage\",\"@id\":\"https:\/\/entwicklung-schweiz.ch\/fr\/a-propos-de-nous\/\",\"url\":\"https:\/\/entwicklung-schweiz.ch\/fr\/a-propos-de-nous\/\",\"name\":\"\u00c0 propos de nous - Entwicklung Schweiz\",\"isPartOf\":{\"@id\":\"https:\/\/entwicklung-schweiz.ch\/#website\"},\"primaryImageOfPage\":{\"@id\":\"https:\/\/entwicklung-schweiz.ch\/fr\/a-propos-de-nous\/#primaryimage\"},\"image\":{\"@id\":\"https:\/\/entwicklung-schweiz.ch\/fr\/a-propos-de-nous\/#primaryimage\"},\"thumbnailUrl\":\"https:\/\/entwicklung-schweiz.ch\/wp-content\/uploads\/2024\/02\/63eb94c2e04d360e82192cccb9cc5d27.jpeg\",\"datePublished\":\"2024-02-21T13:13:34+00:00\",\"dateModified\":\"2024-05-23T08:35:53+00:00\",\"breadcrumb\":{\"@id\":\"https:\/\/entwicklung-schweiz.ch\/fr\/a-propos-de-nous\/#breadcrumb\"},\"inLanguage\":\"fr-FR\",\"potentialAction\":[{\"@type\":\"ReadAction\",\"target\":[\"https:\/\/entwicklung-schweiz.ch\/fr\/a-propos-de-nous\/\"]}]},{\"@type\":\"ImageObject\",\"inLanguage\":\"fr-FR\",\"@id\":\"https:\/\/entwicklung-schweiz.ch\/fr\/a-propos-de-nous\/#primaryimage\",\"url\":\"https:\/\/entwicklung-schweiz.ch\/wp-content\/uploads\/2024\/02\/63eb94c2e04d360e82192cccb9cc5d27.jpeg\",\"contentUrl\":\"https:\/\/entwicklung-schweiz.ch\/wp-content\/uploads\/2024\/02\/63eb94c2e04d360e82192cccb9cc5d27.jpeg\",\"width\":1900,\"height\":1190},{\"@type\":\"BreadcrumbList\",\"@id\":\"https:\/\/entwicklung-schweiz.ch\/fr\/a-propos-de-nous\/#breadcrumb\",\"itemListElement\":[{\"@type\":\"ListItem\",\"position\":1,\"name\":\"Home\",\"item\":\"https:\/\/entwicklung-schweiz.ch\/fr\/\"},{\"@type\":\"ListItem\",\"position\":2,\"name\":\"\u00c0 propos de nous\"}]},{\"@type\":\"WebSite\",\"@id\":\"https:\/\/entwicklung-schweiz.ch\/#website\",\"url\":\"https:\/\/entwicklung-schweiz.ch\/\",\"name\":\"Entwicklung Schweiz\",\"description\":\"\",\"publisher\":{\"@id\":\"https:\/\/entwicklung-schweiz.ch\/#organization\"},\"potentialAction\":[{\"@type\":\"SearchAction\",\"target\":{\"@type\":\"EntryPoint\",\"urlTemplate\":\"https:\/\/entwicklung-schweiz.ch\/?s={search_term_string}\"},\"query-input\":\"required name=search_term_string\"}],\"inLanguage\":\"fr-FR\"},{\"@type\":\"Organization\",\"@id\":\"https:\/\/entwicklung-schweiz.ch\/#organization\",\"name\":\"Entwicklung Schweiz\",\"url\":\"https:\/\/entwicklung-schweiz.ch\/\",\"logo\":{\"@type\":\"ImageObject\",\"inLanguage\":\"fr-FR\",\"@id\":\"https:\/\/entwicklung-schweiz.ch\/#\/schema\/logo\/image\/\",\"url\":\"https:\/\/entwicklung-schweiz.ch\/wp-content\/uploads\/2024\/02\/Logo_colors.svg\",\"contentUrl\":\"https:\/\/entwicklung-schweiz.ch\/wp-content\/uploads\/2024\/02\/Logo_colors.svg\",\"width\":243,\"height\":49,\"caption\":\"Entwicklung Schweiz\"},\"image\":{\"@id\":\"https:\/\/entwicklung-schweiz.ch\/#\/schema\/logo\/image\/\"}}]}<\/script>\n<!-- \/ Yoast SEO Premium plugin. -->","yoast_head_json":{"title":"\u00c0 propos de nous - Entwicklung Schweiz","robots":{"index":"index","follow":"follow","max-snippet":"max-snippet:-1","max-image-preview":"max-image-preview:large","max-video-preview":"max-video-preview:-1"},"canonical":"https:\/\/entwicklung-schweiz.ch\/fr\/a-propos-de-nous\/","og_locale":"fr_FR","og_type":"article","og_title":"\u00c0 propos de nous","og_description":"Les membres de D\u00e9veloppement Suisse assument des responsabilit\u00e9s pour la qualit\u00e9 de vie et du logement dans notre pays. Ils contribuent \u00e0 un d\u00e9veloppement judicieux de la Suisse, tenant compte des effets \u00e9conomiques, \u00e9cologiques et sociaux. Ils s\u2019engagent activement dans la vie publique, politique et \u00e9conomique, ainsi qu\u2019aupr\u00e8s des autorit\u00e9s communales et cantonales. Notre ambition [&hellip;]","og_url":"https:\/\/entwicklung-schweiz.ch\/fr\/a-propos-de-nous\/","og_site_name":"Entwicklung Schweiz","article_modified_time":"2024-05-23T08:35:53+00:00","og_image":[{"width":1900,"height":1190,"url":"https:\/\/entwicklung-schweiz.ch\/wp-content\/uploads\/2024\/02\/63eb94c2e04d360e82192cccb9cc5d27.jpeg","type":"image\/jpeg"}],"twitter_card":"summary_large_image","twitter_misc":{"Dur\u00e9e de lecture estim\u00e9e":"3 minutes"},"schema":{"@context":"https:\/\/schema.org","@graph":[{"@type":"WebPage","@id":"https:\/\/entwicklung-schweiz.ch\/fr\/a-propos-de-nous\/","url":"https:\/\/entwicklung-schweiz.ch\/fr\/a-propos-de-nous\/","name":"\u00c0 propos de nous - Entwicklung Schweiz","isPartOf":{"@id":"https:\/\/entwicklung-schweiz.ch\/#website"},"primaryImageOfPage":{"@id":"https:\/\/entwicklung-schweiz.ch\/fr\/a-propos-de-nous\/#primaryimage"},"image":{"@id":"https:\/\/entwicklung-schweiz.ch\/fr\/a-propos-de-nous\/#primaryimage"},"thumbnailUrl":"https:\/\/entwicklung-schweiz.ch\/wp-content\/uploads\/2024\/02\/63eb94c2e04d360e82192cccb9cc5d27.jpeg","datePublished":"2024-02-21T13:13:34+00:00","dateModified":"2024-05-23T08:35:53+00:00","breadcrumb":{"@id":"https:\/\/entwicklung-schweiz.ch\/fr\/a-propos-de-nous\/#breadcrumb"},"inLanguage":"fr-FR","potentialAction":[{"@type":"ReadAction","target":["https:\/\/entwicklung-schweiz.ch\/fr\/a-propos-de-nous\/"]}]},{"@type":"ImageObject","inLanguage":"fr-FR","@id":"https:\/\/entwicklung-schweiz.ch\/fr\/a-propos-de-nous\/#primaryimage","url":"https:\/\/entwicklung-schweiz.ch\/wp-content\/uploads\/2024\/02\/63eb94c2e04d360e82192cccb9cc5d27.jpeg","contentUrl":"https:\/\/entwicklung-schweiz.ch\/wp-content\/uploads\/2024\/02\/63eb94c2e04d360e82192cccb9cc5d27.jpeg","width":1900,"height":1190},{"@type":"BreadcrumbList","@id":"https:\/\/entwicklung-schweiz.ch\/fr\/a-propos-de-nous\/#breadcrumb","itemListElement":[{"@type":"ListItem","position":1,"name":"Home","item":"https:\/\/entwicklung-schweiz.ch\/fr\/"},{"@type":"ListItem","position":2,"name":"\u00c0 propos de nous"}]},{"@type":"WebSite","@id":"https:\/\/entwicklung-schweiz.ch\/#website","url":"https:\/\/entwicklung-schweiz.ch\/","name":"Entwicklung Schweiz","description":"","publisher":{"@id":"https:\/\/entwicklung-schweiz.ch\/#organization"},"potentialAction":[{"@type":"SearchAction","target":{"@type":"EntryPoint","urlTemplate":"https:\/\/entwicklung-schweiz.ch\/?s={search_term_string}"},"query-input":"required name=search_term_string"}],"inLanguage":"fr-FR"},{"@type":"Organization","@id":"https:\/\/entwicklung-schweiz.ch\/#organization","name":"Entwicklung Schweiz","url":"https:\/\/entwicklung-schweiz.ch\/","logo":{"@type":"ImageObject","inLanguage":"fr-FR","@id":"https:\/\/entwicklung-schweiz.ch\/#\/schema\/logo\/image\/","url":"https:\/\/entwicklung-schweiz.ch\/wp-content\/uploads\/2024\/02\/Logo_colors.svg","contentUrl":"https:\/\/entwicklung-schweiz.ch\/wp-content\/uploads\/2024\/02\/Logo_colors.svg","width":243,"height":49,"caption":"Entwicklung Schweiz"},"image":{"@id":"https:\/\/entwicklung-schweiz.ch\/#\/schema\/logo\/image\/"}}]}},"_links":{"self":[{"href":"https:\/\/entwicklung-schweiz.ch\/fr\/wp-json\/wp\/v2\/pages\/1627"}],"collection":[{"href":"https:\/\/entwicklung-schweiz.ch\/fr\/wp-json\/wp\/v2\/pages"}],"about":[{"href":"https:\/\/entwicklung-schweiz.ch\/fr\/wp-json\/wp\/v2\/types\/page"}],"author":[{"embeddable":true,"href":"https:\/\/entwicklung-schweiz.ch\/fr\/wp-json\/wp\/v2\/users\/7"}],"replies":[{"embeddable":true,"href":"https:\/\/entwicklung-schweiz.ch\/fr\/wp-json\/wp\/v2\/comments?post=1627"}],"version-history":[{"count":5,"href":"https:\/\/entwicklung-schweiz.ch\/fr\/wp-json\/wp\/v2\/pages\/1627\/revisions"}],"predecessor-version":[{"id":1828,"href":"https:\/\/entwicklung-schweiz.ch\/fr\/wp-json\/wp\/v2\/pages\/1627\/revisions\/1828"}],"wp:featuredmedia":[{"embeddable":true,"href":"https:\/\/entwicklung-schweiz.ch\/fr\/wp-json\/wp\/v2\/media\/63"}],"wp:attachment":[{"href":"https:\/\/entwicklung-schweiz.ch\/fr\/wp-json\/wp\/v2\/media?parent=1627"}],"curies":[{"name":"wp","href":"https:\/\/api.w.org\/{rel}","templated":true}]}}