{"id":1633,"date":"2024-02-21T14:14:07","date_gmt":"2024-02-21T13:14:07","guid":{"rendered":"https:\/\/dev.entwicklung-schweiz.berta-bewegt.ch\/vorstand\/"},"modified":"2024-05-23T10:37:28","modified_gmt":"2024-05-23T08:37:28","slug":"comite","status":"publish","type":"page","link":"https:\/\/entwicklung-schweiz.ch\/fr\/comite\/","title":{"rendered":"Comit\u00e9"},"content":{"rendered":"\n<p><strong>Membres du comit\u00e9<\/strong><\/p>\n\n\n\n<p>Les membres de D\u00e9veloppement Suisse assument des responsabilit\u00e9s pour la qualit\u00e9 de vie et du logement dans notre pays. Ils contribuent \u00e0 un d\u00e9veloppement judicieux de la Suisse, tenant compte des effets \u00e9conomiques, \u00e9cologiques et sociaux. Ils s\u2019engagent activement dans la vie publique, politique et \u00e9conomique, ainsi qu\u2019aupr\u00e8s des autorit\u00e9s communales et cantonales.<\/p>\n\n\n\n            <section class=\"mitglieder-block  \">\n            <div class=\"\"><\/div>\n\n            <div class=\"block-inner-content-part\">\n                \n                                    <div class=\"mitglieder-cards \">\n                                                            <div class=\"mitglied-card scrollMagic-block delay-animation-0\" data-uid=\"69e60b163db0a\">\n                                        <div class=\"mitglied-card-image-block\" style=\"background-image: url('https:\/\/entwicklung-schweiz.ch\/wp-content\/uploads\/2024\/02\/50379f9f134cf919c99195790c1bc9b3-800x800.jpeg')\">\n                                            <img decoding=\"async\" src=\"https:\/\/entwicklung-schweiz.ch\/wp-content\/themes\/entwicklung_schweiz\/assets\/images\/mitglied_card_image_frame.png\" alt=\"Frame\" width=\"1px\" height=\"1px\" \/>\n                                        <\/div>\n\n                                        <div class=\"mitglied-card-content-block\">\n                                            <p class=\"mitglied-name mb-0 text-red\">Dr. iur. Martin Schmid<\/p>\n\n                                                                                            <div class=\"title-divider\"><\/div>\n                                                <p class=\"mitglied-function mb-0\">Pr\u00e9sident<\/p>\n                                            \n                                                                                            <div class=\"function-divider\"><\/div>\n                                                <div class=\"mitglied-function-2\"><p>Avocat \/ Conseiller aux Etats<br \/>\nKunz Schmid Avocats<\/p>\n<\/div>\n                                            \n                                            \n                                                                                    <\/div>\n                                    <\/div>\n                                                                    <div class=\"mitglied-card scrollMagic-block delay-animation-1\" data-uid=\"69e60b163ecc7\">\n                                        <div class=\"mitglied-card-image-block\" style=\"background-image: url('https:\/\/entwicklung-schweiz.ch\/wp-content\/uploads\/2024\/02\/de19c02db77099dde5ad2fffdfd5e28b.jpeg')\">\n                                            <img decoding=\"async\" src=\"https:\/\/entwicklung-schweiz.ch\/wp-content\/themes\/entwicklung_schweiz\/assets\/images\/mitglied_card_image_frame.png\" alt=\"Frame\" width=\"1px\" height=\"1px\" \/>\n                                        <\/div>\n\n                                        <div class=\"mitglied-card-content-block\">\n                                            <p class=\"mitglied-name mb-0 text-red\">Dr. Jens Vollmar<\/p>\n\n                                                                                            <div class=\"title-divider\"><\/div>\n                                                <p class=\"mitglied-function mb-0\">Vice-pr\u00e9sident<\/p>\n                                            \n                                                                                            <div class=\"function-divider\"><\/div>\n                                                <div class=\"mitglied-function-2\"><p>Head Division Buildings<br \/>\nImplenia AG<\/p>\n<\/div>\n                                            \n                                            \n                                                                                    <\/div>\n                                    <\/div>\n                                                                    <div class=\"mitglied-card scrollMagic-block delay-animation-2\" data-uid=\"69e60b163f631\">\n                                        <div class=\"mitglied-card-image-block\" style=\"background-image: url('https:\/\/entwicklung-schweiz.ch\/wp-content\/uploads\/2024\/02\/97507baef24f0b3a015d2ce043eb5cda.jpeg')\">\n                                            <img decoding=\"async\" src=\"https:\/\/entwicklung-schweiz.ch\/wp-content\/themes\/entwicklung_schweiz\/assets\/images\/mitglied_card_image_frame.png\" alt=\"Frame\" width=\"1px\" height=\"1px\" \/>\n                                        <\/div>\n\n                                        <div class=\"mitglied-card-content-block\">\n                                            <p class=\"mitglied-name mb-0 text-red\">Pascal B\u00e4rtschi<\/p>\n\n                                                                                            <div class=\"title-divider\"><\/div>\n                                                <p class=\"mitglied-function mb-0\">Vice-pr\u00e9sident<\/p>\n                                            \n                                                                                            <div class=\"function-divider\"><\/div>\n                                                <div class=\"mitglied-function-2\"><p>CEO et pr\u00e9sident du conseil d&rsquo;administration<br \/>\nLosinger Marazzi AG<\/p>\n<\/div>\n                                            \n                                            \n                                                                                    <\/div>\n                                    <\/div>\n                                                    <\/div>\n                                    <div class=\"mitglieder-cards \">\n                                                            <div class=\"mitglied-card scrollMagic-block delay-animation-0\" data-uid=\"69e60b1641e2b\">\n                                        <div class=\"mitglied-card-image-block\" style=\"background-image: url('https:\/\/entwicklung-schweiz.ch\/wp-content\/uploads\/2024\/02\/d537cb173f896a28a5a8980e24ae1e10.jpeg')\">\n                                            <img decoding=\"async\" src=\"https:\/\/entwicklung-schweiz.ch\/wp-content\/themes\/entwicklung_schweiz\/assets\/images\/mitglied_card_image_frame.png\" alt=\"Frame\" width=\"1px\" height=\"1px\" \/>\n                                        <\/div>\n\n                                        <div class=\"mitglied-card-content-block\">\n                                            <p class=\"mitglied-name mb-0 text-red\">Roland Dubach<\/p>\n\n                                                                                            <div class=\"title-divider\"><\/div>\n                                                <p class=\"mitglied-function mb-0\">Membre<\/p>\n                                            \n                                                                                            <div class=\"function-divider\"><\/div>\n                                                <div class=\"mitglied-function-2\"><p>CEO<br \/>\nAnliker AG<\/p>\n<\/div>\n                                            \n                                            \n                                                                                    <\/div>\n                                    <\/div>\n                                                                    <div class=\"mitglied-card scrollMagic-block delay-animation-1\" data-uid=\"69e60b16424ff\">\n                                        <div class=\"mitglied-card-image-block\" style=\"background-image: url('https:\/\/entwicklung-schweiz.ch\/wp-content\/uploads\/2024\/02\/2024_Thomas_Frutiger_web76-800x533.jpg')\">\n                                            <img decoding=\"async\" src=\"https:\/\/entwicklung-schweiz.ch\/wp-content\/themes\/entwicklung_schweiz\/assets\/images\/mitglied_card_image_frame.png\" alt=\"Frame\" width=\"1px\" height=\"1px\" \/>\n                                        <\/div>\n\n                                        <div class=\"mitglied-card-content-block\">\n                                            <p class=\"mitglied-name mb-0 text-red\">Thomas Frutiger<\/p>\n\n                                                                                            <div class=\"title-divider\"><\/div>\n                                                <p class=\"mitglied-function mb-0\">Membre<\/p>\n                                            \n                                                                                            <div class=\"function-divider\"><\/div>\n                                                <div class=\"mitglied-function-2\"><p>D\u00e9l\u00e9gu\u00e9 du CA<br \/>\nFrutiger Gruppe<\/p>\n<\/div>\n                                            \n                                            \n                                                                                    <\/div>\n                                    <\/div>\n                                                                    <div class=\"mitglied-card scrollMagic-block delay-animation-2\" data-uid=\"69e60b1642bda\">\n                                        <div class=\"mitglied-card-image-block\" style=\"background-image: url('https:\/\/entwicklung-schweiz.ch\/wp-content\/uploads\/2024\/02\/5bc8245518ecc57aaf7c52eb9ca674bc.jpeg')\">\n                                            <img decoding=\"async\" src=\"https:\/\/entwicklung-schweiz.ch\/wp-content\/themes\/entwicklung_schweiz\/assets\/images\/mitglied_card_image_frame.png\" alt=\"Frame\" width=\"1px\" height=\"1px\" \/>\n                                        <\/div>\n\n                                        <div class=\"mitglied-card-content-block\">\n                                            <p class=\"mitglied-name mb-0 text-red\">Rebecca Kull<\/p>\n\n                                                                                            <div class=\"title-divider\"><\/div>\n                                                <p class=\"mitglied-function mb-0\">Membre<\/p>\n                                            \n                                                                                            <div class=\"function-divider\"><\/div>\n                                                <div class=\"mitglied-function-2\"><p>Propri\u00e9taire et COO<br \/>\nHRS Real Estate AG<\/p>\n<\/div>\n                                            \n                                            \n                                                                                    <\/div>\n                                    <\/div>\n                                                                    <div class=\"mitglied-card scrollMagic-block delay-animation-3\" data-uid=\"69e60b1643124\">\n                                        <div class=\"mitglied-card-image-block\" style=\"background-image: url('https:\/\/entwicklung-schweiz.ch\/wp-content\/uploads\/2024\/02\/d5e0af6bf27806ba045c159277a5627d.jpeg')\">\n                                            <img decoding=\"async\" src=\"https:\/\/entwicklung-schweiz.ch\/wp-content\/themes\/entwicklung_schweiz\/assets\/images\/mitglied_card_image_frame.png\" alt=\"Frame\" width=\"1px\" height=\"1px\" \/>\n                                        <\/div>\n\n                                        <div class=\"mitglied-card-content-block\">\n                                            <p class=\"mitglied-name mb-0 text-red\">Donald Vogt<\/p>\n\n                                                                                            <div class=\"title-divider\"><\/div>\n                                                <p class=\"mitglied-function mb-0\">Pr\u00e9sident<\/p>\n                                            \n                                                                                            <div class=\"function-divider\"><\/div>\n                                                <div class=\"mitglied-function-2\"><p>CEO<br \/>\nMarti Gesamtleistungen AG<\/p>\n<\/div>\n                                            \n                                            \n                                                                                    <\/div>\n                                    <\/div>\n                                                    <\/div>\n                            <\/div>\n        <\/section>\n    \n\n\n\n\n\n            <section class=\"page-card-block page-card-block-mb-bigger \">\n            \n            <div class=\"page-card-image-block-mob scrollMagic-block\" style=\"background-image: url('https:\/\/entwicklung-schweiz.ch\/wp-content\/uploads\/2024\/02\/fb83161496ebd322918062fcc2837d17.jpeg')\" data-uid=\"69e60b1644a52\">\n                <img decoding=\"async\" src=\"https:\/\/entwicklung-schweiz.ch\/wp-content\/themes\/entwicklung_schweiz\/assets\/images\/page_card_image_frame.png\" alt=\"Frame\" width=\"1px\" height=\"1px\" \/>\n            <\/div>\n\n            <div class=\"page-card-content-block  bg-color-red border-color-red  scrollMagic-block\" data-uid=\"69e60b164452b\">\n                <div class=\"page-card-top-block\">\n                                            <h2 class=\"mb-0 word-break-on h2-big text-white\">Secr\u00e9tariat<\/h2>\n                                    <\/div>\n\n                                    <div class=\"page-card-middle-block\">\n                        <p class=\"mb-0 card-description-bigger text-white\">D\u00e9couvrez notre secr\u00e9tariat.\r\n<\/p>\n                    <\/div>\n                \n                <div class=\"page-card-buttons-block\">\n                    \n                    <a href=\"https:\/\/entwicklung-schweiz.ch\/fr\/secretariat\/\" class=\"white-border-button white-border-button-hover-red\" >En savoir plus<\/a>\n                <\/div>\n            <\/div>\n\n            <div class=\"page-card-image-block scrollMagic-block delay-animation-1\" style=\"background-image: url('https:\/\/entwicklung-schweiz.ch\/wp-content\/uploads\/2024\/02\/fb83161496ebd322918062fcc2837d17.jpeg')\" data-uid=\"69e60b164452b\">\n                <img decoding=\"async\" src=\"https:\/\/entwicklung-schweiz.ch\/wp-content\/themes\/entwicklung_schweiz\/assets\/images\/page_card_image_frame.png\" alt=\"Frame\" width=\"1px\" height=\"1px\" \/>\n            <\/div>\n        <\/section>\n    \n\n\n\n<p><\/p>\n","protected":false},"excerpt":{"rendered":"<p>Membres du comit\u00e9 Les membres de D\u00e9veloppement Suisse assument des responsabilit\u00e9s pour la qualit\u00e9 de vie et du logement dans notre pays. Ils contribuent \u00e0 un d\u00e9veloppement judicieux de la Suisse, tenant compte des effets \u00e9conomiques, \u00e9cologiques et sociaux. Ils s\u2019engagent activement dans la vie publique, politique et \u00e9conomique, ainsi qu\u2019aupr\u00e8s des autorit\u00e9s communales et [&hellip;]<\/p>\n","protected":false},"author":1,"featured_media":66,"parent":0,"menu_order":5,"comment_status":"closed","ping_status":"closed","template":"","meta":{"_acf_changed":false,"inline_featured_image":false,"_themeisle_gutenberg_block_has_review":false,"footnotes":""},"acf":[],"yoast_head":"<!-- This site is optimized with the Yoast SEO Premium plugin v22.7 (Yoast SEO v22.7) - https:\/\/yoast.com\/wordpress\/plugins\/seo\/ -->\n<title>Comit\u00e9 - Entwicklung Schweiz<\/title>\n<meta name=\"robots\" content=\"index, follow, max-snippet:-1, max-image-preview:large, max-video-preview:-1\" \/>\n<link rel=\"canonical\" href=\"https:\/\/entwicklung-schweiz.ch\/fr\/comite\/\" \/>\n<meta property=\"og:locale\" content=\"fr_FR\" \/>\n<meta property=\"og:type\" content=\"article\" \/>\n<meta property=\"og:title\" content=\"Comit\u00e9\" \/>\n<meta property=\"og:description\" content=\"Membres du comit\u00e9 Les membres de D\u00e9veloppement Suisse assument des responsabilit\u00e9s pour la qualit\u00e9 de vie et du logement dans notre pays. Ils contribuent \u00e0 un d\u00e9veloppement judicieux de la Suisse, tenant compte des effets \u00e9conomiques, \u00e9cologiques et sociaux. Ils s\u2019engagent activement dans la vie publique, politique et \u00e9conomique, ainsi qu\u2019aupr\u00e8s des autorit\u00e9s communales et [&hellip;]\" \/>\n<meta property=\"og:url\" content=\"https:\/\/entwicklung-schweiz.ch\/fr\/comite\/\" \/>\n<meta property=\"og:site_name\" content=\"Entwicklung Schweiz\" \/>\n<meta property=\"article:modified_time\" content=\"2024-05-23T08:37:28+00:00\" \/>\n<meta property=\"og:image\" content=\"https:\/\/entwicklung-schweiz.ch\/wp-content\/uploads\/2024\/02\/b0df5bbd57ae3e03954da3d3c1af5149.jpeg\" \/>\n\t<meta property=\"og:image:width\" content=\"1380\" \/>\n\t<meta property=\"og:image:height\" content=\"975\" \/>\n\t<meta property=\"og:image:type\" content=\"image\/jpeg\" \/>\n<meta name=\"twitter:card\" content=\"summary_large_image\" \/>\n<meta name=\"twitter:label1\" content=\"Dur\u00e9e de lecture estim\u00e9e\" \/>\n\t<meta name=\"twitter:data1\" content=\"1 minute\" \/>\n<script type=\"application\/ld+json\" class=\"yoast-schema-graph\">{\"@context\":\"https:\/\/schema.org\",\"@graph\":[{\"@type\":\"WebPage\",\"@id\":\"https:\/\/entwicklung-schweiz.ch\/fr\/comite\/\",\"url\":\"https:\/\/entwicklung-schweiz.ch\/fr\/comite\/\",\"name\":\"Comit\u00e9 - Entwicklung Schweiz\",\"isPartOf\":{\"@id\":\"https:\/\/entwicklung-schweiz.ch\/#website\"},\"primaryImageOfPage\":{\"@id\":\"https:\/\/entwicklung-schweiz.ch\/fr\/comite\/#primaryimage\"},\"image\":{\"@id\":\"https:\/\/entwicklung-schweiz.ch\/fr\/comite\/#primaryimage\"},\"thumbnailUrl\":\"https:\/\/entwicklung-schweiz.ch\/wp-content\/uploads\/2024\/02\/b0df5bbd57ae3e03954da3d3c1af5149.jpeg\",\"datePublished\":\"2024-02-21T13:14:07+00:00\",\"dateModified\":\"2024-05-23T08:37:28+00:00\",\"breadcrumb\":{\"@id\":\"https:\/\/entwicklung-schweiz.ch\/fr\/comite\/#breadcrumb\"},\"inLanguage\":\"fr-FR\",\"potentialAction\":[{\"@type\":\"ReadAction\",\"target\":[\"https:\/\/entwicklung-schweiz.ch\/fr\/comite\/\"]}]},{\"@type\":\"ImageObject\",\"inLanguage\":\"fr-FR\",\"@id\":\"https:\/\/entwicklung-schweiz.ch\/fr\/comite\/#primaryimage\",\"url\":\"https:\/\/entwicklung-schweiz.ch\/wp-content\/uploads\/2024\/02\/b0df5bbd57ae3e03954da3d3c1af5149.jpeg\",\"contentUrl\":\"https:\/\/entwicklung-schweiz.ch\/wp-content\/uploads\/2024\/02\/b0df5bbd57ae3e03954da3d3c1af5149.jpeg\",\"width\":1380,\"height\":975},{\"@type\":\"BreadcrumbList\",\"@id\":\"https:\/\/entwicklung-schweiz.ch\/fr\/comite\/#breadcrumb\",\"itemListElement\":[{\"@type\":\"ListItem\",\"position\":1,\"name\":\"Home\",\"item\":\"https:\/\/entwicklung-schweiz.ch\/fr\/\"},{\"@type\":\"ListItem\",\"position\":2,\"name\":\"Comit\u00e9\"}]},{\"@type\":\"WebSite\",\"@id\":\"https:\/\/entwicklung-schweiz.ch\/#website\",\"url\":\"https:\/\/entwicklung-schweiz.ch\/\",\"name\":\"Entwicklung Schweiz\",\"description\":\"\",\"publisher\":{\"@id\":\"https:\/\/entwicklung-schweiz.ch\/#organization\"},\"potentialAction\":[{\"@type\":\"SearchAction\",\"target\":{\"@type\":\"EntryPoint\",\"urlTemplate\":\"https:\/\/entwicklung-schweiz.ch\/?s={search_term_string}\"},\"query-input\":\"required name=search_term_string\"}],\"inLanguage\":\"fr-FR\"},{\"@type\":\"Organization\",\"@id\":\"https:\/\/entwicklung-schweiz.ch\/#organization\",\"name\":\"Entwicklung Schweiz\",\"url\":\"https:\/\/entwicklung-schweiz.ch\/\",\"logo\":{\"@type\":\"ImageObject\",\"inLanguage\":\"fr-FR\",\"@id\":\"https:\/\/entwicklung-schweiz.ch\/#\/schema\/logo\/image\/\",\"url\":\"https:\/\/entwicklung-schweiz.ch\/wp-content\/uploads\/2024\/02\/Logo_colors.svg\",\"contentUrl\":\"https:\/\/entwicklung-schweiz.ch\/wp-content\/uploads\/2024\/02\/Logo_colors.svg\",\"width\":243,\"height\":49,\"caption\":\"Entwicklung Schweiz\"},\"image\":{\"@id\":\"https:\/\/entwicklung-schweiz.ch\/#\/schema\/logo\/image\/\"}}]}<\/script>\n<!-- \/ Yoast SEO Premium plugin. -->","yoast_head_json":{"title":"Comit\u00e9 - Entwicklung Schweiz","robots":{"index":"index","follow":"follow","max-snippet":"max-snippet:-1","max-image-preview":"max-image-preview:large","max-video-preview":"max-video-preview:-1"},"canonical":"https:\/\/entwicklung-schweiz.ch\/fr\/comite\/","og_locale":"fr_FR","og_type":"article","og_title":"Comit\u00e9","og_description":"Membres du comit\u00e9 Les membres de D\u00e9veloppement Suisse assument des responsabilit\u00e9s pour la qualit\u00e9 de vie et du logement dans notre pays. Ils contribuent \u00e0 un d\u00e9veloppement judicieux de la Suisse, tenant compte des effets \u00e9conomiques, \u00e9cologiques et sociaux. Ils s\u2019engagent activement dans la vie publique, politique et \u00e9conomique, ainsi qu\u2019aupr\u00e8s des autorit\u00e9s communales et [&hellip;]","og_url":"https:\/\/entwicklung-schweiz.ch\/fr\/comite\/","og_site_name":"Entwicklung Schweiz","article_modified_time":"2024-05-23T08:37:28+00:00","og_image":[{"width":1380,"height":975,"url":"https:\/\/entwicklung-schweiz.ch\/wp-content\/uploads\/2024\/02\/b0df5bbd57ae3e03954da3d3c1af5149.jpeg","type":"image\/jpeg"}],"twitter_card":"summary_large_image","twitter_misc":{"Dur\u00e9e de lecture estim\u00e9e":"1 minute"},"schema":{"@context":"https:\/\/schema.org","@graph":[{"@type":"WebPage","@id":"https:\/\/entwicklung-schweiz.ch\/fr\/comite\/","url":"https:\/\/entwicklung-schweiz.ch\/fr\/comite\/","name":"Comit\u00e9 - Entwicklung Schweiz","isPartOf":{"@id":"https:\/\/entwicklung-schweiz.ch\/#website"},"primaryImageOfPage":{"@id":"https:\/\/entwicklung-schweiz.ch\/fr\/comite\/#primaryimage"},"image":{"@id":"https:\/\/entwicklung-schweiz.ch\/fr\/comite\/#primaryimage"},"thumbnailUrl":"https:\/\/entwicklung-schweiz.ch\/wp-content\/uploads\/2024\/02\/b0df5bbd57ae3e03954da3d3c1af5149.jpeg","datePublished":"2024-02-21T13:14:07+00:00","dateModified":"2024-05-23T08:37:28+00:00","breadcrumb":{"@id":"https:\/\/entwicklung-schweiz.ch\/fr\/comite\/#breadcrumb"},"inLanguage":"fr-FR","potentialAction":[{"@type":"ReadAction","target":["https:\/\/entwicklung-schweiz.ch\/fr\/comite\/"]}]},{"@type":"ImageObject","inLanguage":"fr-FR","@id":"https:\/\/entwicklung-schweiz.ch\/fr\/comite\/#primaryimage","url":"https:\/\/entwicklung-schweiz.ch\/wp-content\/uploads\/2024\/02\/b0df5bbd57ae3e03954da3d3c1af5149.jpeg","contentUrl":"https:\/\/entwicklung-schweiz.ch\/wp-content\/uploads\/2024\/02\/b0df5bbd57ae3e03954da3d3c1af5149.jpeg","width":1380,"height":975},{"@type":"BreadcrumbList","@id":"https:\/\/entwicklung-schweiz.ch\/fr\/comite\/#breadcrumb","itemListElement":[{"@type":"ListItem","position":1,"name":"Home","item":"https:\/\/entwicklung-schweiz.ch\/fr\/"},{"@type":"ListItem","position":2,"name":"Comit\u00e9"}]},{"@type":"WebSite","@id":"https:\/\/entwicklung-schweiz.ch\/#website","url":"https:\/\/entwicklung-schweiz.ch\/","name":"Entwicklung Schweiz","description":"","publisher":{"@id":"https:\/\/entwicklung-schweiz.ch\/#organization"},"potentialAction":[{"@type":"SearchAction","target":{"@type":"EntryPoint","urlTemplate":"https:\/\/entwicklung-schweiz.ch\/?s={search_term_string}"},"query-input":"required name=search_term_string"}],"inLanguage":"fr-FR"},{"@type":"Organization","@id":"https:\/\/entwicklung-schweiz.ch\/#organization","name":"Entwicklung Schweiz","url":"https:\/\/entwicklung-schweiz.ch\/","logo":{"@type":"ImageObject","inLanguage":"fr-FR","@id":"https:\/\/entwicklung-schweiz.ch\/#\/schema\/logo\/image\/","url":"https:\/\/entwicklung-schweiz.ch\/wp-content\/uploads\/2024\/02\/Logo_colors.svg","contentUrl":"https:\/\/entwicklung-schweiz.ch\/wp-content\/uploads\/2024\/02\/Logo_colors.svg","width":243,"height":49,"caption":"Entwicklung Schweiz"},"image":{"@id":"https:\/\/entwicklung-schweiz.ch\/#\/schema\/logo\/image\/"}}]}},"_links":{"self":[{"href":"https:\/\/entwicklung-schweiz.ch\/fr\/wp-json\/wp\/v2\/pages\/1633"}],"collection":[{"href":"https:\/\/entwicklung-schweiz.ch\/fr\/wp-json\/wp\/v2\/pages"}],"about":[{"href":"https:\/\/entwicklung-schweiz.ch\/fr\/wp-json\/wp\/v2\/types\/page"}],"author":[{"embeddable":true,"href":"https:\/\/entwicklung-schweiz.ch\/fr\/wp-json\/wp\/v2\/users\/1"}],"replies":[{"embeddable":true,"href":"https:\/\/entwicklung-schweiz.ch\/fr\/wp-json\/wp\/v2\/comments?post=1633"}],"version-history":[{"count":5,"href":"https:\/\/entwicklung-schweiz.ch\/fr\/wp-json\/wp\/v2\/pages\/1633\/revisions"}],"predecessor-version":[{"id":1829,"href":"https:\/\/entwicklung-schweiz.ch\/fr\/wp-json\/wp\/v2\/pages\/1633\/revisions\/1829"}],"wp:featuredmedia":[{"embeddable":true,"href":"https:\/\/entwicklung-schweiz.ch\/fr\/wp-json\/wp\/v2\/media\/66"}],"wp:attachment":[{"href":"https:\/\/entwicklung-schweiz.ch\/fr\/wp-json\/wp\/v2\/media?parent=1633"}],"curies":[{"name":"wp","href":"https:\/\/api.w.org\/{rel}","templated":true}]}}