{"id":1638,"date":"2024-02-21T14:15:16","date_gmt":"2024-02-21T13:15:16","guid":{"rendered":"https:\/\/dev.entwicklung-schweiz.berta-bewegt.ch\/?page_id=1638"},"modified":"2024-05-22T14:07:01","modified_gmt":"2024-05-22T12:07:01","slug":"secretariat","status":"publish","type":"page","link":"https:\/\/entwicklung-schweiz.ch\/fr\/secretariat\/","title":{"rendered":"Secr\u00e9tariat"},"content":{"rendered":"\n<p>De structure l\u00e9g\u00e8re, notre secr\u00e9tariat nous permet de r\u00e9agir de fa\u00e7on agile et personnelle. Dans le cadre de notre engagement pour notre secteur, nous sommes \u00e0 la disposition de tous nos membres et partenaires associ\u00e9s, mais aussi d\u2019autres groupes d\u2019int\u00e9r\u00eats importants. Toujours dans l\u2019int\u00e9r\u00eat d\u2019une Suisse d\u00e9velopp\u00e9e dans un souci d\u2019innovation et de durabilit\u00e9.&nbsp;<\/p>\n\n\n\n            <section class=\"mitglieder-block  \">\n            <div class=\"\"><\/div>\n\n            <div class=\"block-inner-content-part\">\n                \n                                    <div class=\"mitglieder-cards \">\n                                            <\/div>\n                            <\/div>\n        <\/section>\n    \n\n\n\n\n\n            <section class=\"mitglieder-block  \">\n            <div class=\"\"><\/div>\n\n            <div class=\"block-inner-content-part\">\n                \n                                    <div class=\"mitglieder-cards \">\n                                                            <div class=\"mitglied-card scrollMagic-block delay-animation-0\" data-uid=\"69e60b673f6d8\">\n                                        <div class=\"mitglied-card-image-block\" style=\"background-image: url('https:\/\/entwicklung-schweiz.ch\/wp-content\/uploads\/2024\/04\/1711621969736-c0566877-75b6-4a00-b985-7b5da4177542_1-800x534.jpg')\">\n                                            <img decoding=\"async\" src=\"https:\/\/entwicklung-schweiz.ch\/wp-content\/themes\/entwicklung_schweiz\/assets\/images\/mitglied_card_image_frame.png\" alt=\"Frame\" width=\"1px\" height=\"1px\" \/>\n                                        <\/div>\n\n                                        <div class=\"mitglied-card-content-block\">\n                                            <p class=\"mitglied-name mb-0 text-red\">Karin B\u00fchrer<\/p>\n\n                                                                                            <div class=\"title-divider\"><\/div>\n                                                <p class=\"mitglied-function mb-0\">Directrice <\/p>\n                                            \n                                            \n                                            \n                                                                                    <\/div>\n                                    <\/div>\n                                                                    <div class=\"mitglied-card scrollMagic-block delay-animation-1\" data-uid=\"69e60b673fbe3\">\n                                        <div class=\"mitglied-card-image-block\" style=\"background-image: url('https:\/\/entwicklung-schweiz.ch\/wp-content\/uploads\/2024\/04\/1116-Buergi-Rahel_4-800x533.jpg')\">\n                                            <img decoding=\"async\" src=\"https:\/\/entwicklung-schweiz.ch\/wp-content\/themes\/entwicklung_schweiz\/assets\/images\/mitglied_card_image_frame.png\" alt=\"Frame\" width=\"1px\" height=\"1px\" \/>\n                                        <\/div>\n\n                                        <div class=\"mitglied-card-content-block\">\n                                            <p class=\"mitglied-name mb-0 text-red\">Rahel B\u00fcrgi<\/p>\n\n                                                                                            <div class=\"title-divider\"><\/div>\n                                                <p class=\"mitglied-function mb-0\">Assistante<\/p>\n                                            \n                                            \n                                            \n                                                                                    <\/div>\n                                    <\/div>\n                                                    <\/div>\n                            <\/div>\n        <\/section>\n    \n\n\n\n\n\n            <section class=\"page-card-block page-card-block-mb-bigger page-card-block-mt-bigger\">\n            \n            <div class=\"page-card-image-block-mob scrollMagic-block\" style=\"background-image: url('https:\/\/entwicklung-schweiz.ch\/wp-content\/uploads\/2024\/02\/b0df5bbd57ae3e03954da3d3c1af5149-1200x848.jpeg')\" data-uid=\"69e60b674bf14\">\n                <img decoding=\"async\" src=\"https:\/\/entwicklung-schweiz.ch\/wp-content\/themes\/entwicklung_schweiz\/assets\/images\/page_card_image_frame.png\" alt=\"Frame\" width=\"1px\" height=\"1px\" \/>\n            <\/div>\n\n            <div class=\"page-card-content-block  bg-color-red border-color-red  scrollMagic-block\" data-uid=\"69e60b674b561\">\n                <div class=\"page-card-top-block\">\n                                            <h2 class=\"mb-0 word-break-on h2-big text-white\">Notre comit\u00e9<\/h2>\n                                    <\/div>\n\n                                    <div class=\"page-card-middle-block\">\n                        <p class=\"mb-0 card-description-bigger text-white\">Le comit\u00e9 r\u00e9unit des leaders du secteur, ce qui fait de nous une association forte \u2013 sur le march\u00e9 comme sur la sc\u00e8ne politique.<\/p>\n                    <\/div>\n                \n                <div class=\"page-card-buttons-block\">\n                    \n                    <a href=\"https:\/\/entwicklung-schweiz.ch\/fr\/comite\/\" class=\"white-border-button white-border-button-hover-red\" >En savoir plus<\/a>\n                <\/div>\n            <\/div>\n\n            <div class=\"page-card-image-block scrollMagic-block delay-animation-1\" style=\"background-image: url('https:\/\/entwicklung-schweiz.ch\/wp-content\/uploads\/2024\/02\/b0df5bbd57ae3e03954da3d3c1af5149-1200x848.jpeg')\" data-uid=\"69e60b674b561\">\n                <img decoding=\"async\" src=\"https:\/\/entwicklung-schweiz.ch\/wp-content\/themes\/entwicklung_schweiz\/assets\/images\/page_card_image_frame.png\" alt=\"Frame\" width=\"1px\" height=\"1px\" \/>\n            <\/div>\n        <\/section>\n    \n","protected":false},"excerpt":{"rendered":"<p>De structure l\u00e9g\u00e8re, notre secr\u00e9tariat nous permet de r\u00e9agir de fa\u00e7on agile et personnelle. Dans le cadre de notre engagement pour notre secteur, nous sommes \u00e0 la disposition de tous nos membres et partenaires associ\u00e9s, mais aussi d\u2019autres groupes d\u2019int\u00e9r\u00eats importants. Toujours dans l\u2019int\u00e9r\u00eat d\u2019une Suisse d\u00e9velopp\u00e9e dans un souci d\u2019innovation et de durabilit\u00e9.&nbsp;<\/p>\n","protected":false},"author":7,"featured_media":69,"parent":0,"menu_order":1,"comment_status":"closed","ping_status":"closed","template":"","meta":{"_acf_changed":false,"inline_featured_image":false,"_themeisle_gutenberg_block_has_review":false,"footnotes":""},"acf":[],"yoast_head":"<!-- This site is optimized with the Yoast SEO Premium plugin v22.7 (Yoast SEO v22.7) - https:\/\/yoast.com\/wordpress\/plugins\/seo\/ -->\n<title>Secr\u00e9tariat - Entwicklung Schweiz<\/title>\n<meta name=\"robots\" content=\"index, follow, max-snippet:-1, max-image-preview:large, max-video-preview:-1\" \/>\n<link rel=\"canonical\" href=\"https:\/\/entwicklung-schweiz.ch\/fr\/secretariat\/\" \/>\n<meta property=\"og:locale\" content=\"fr_FR\" \/>\n<meta property=\"og:type\" content=\"article\" \/>\n<meta property=\"og:title\" content=\"Secr\u00e9tariat\" \/>\n<meta property=\"og:description\" content=\"De structure l\u00e9g\u00e8re, notre secr\u00e9tariat nous permet de r\u00e9agir de fa\u00e7on agile et personnelle. Dans le cadre de notre engagement pour notre secteur, nous sommes \u00e0 la disposition de tous nos membres et partenaires associ\u00e9s, mais aussi d\u2019autres groupes d\u2019int\u00e9r\u00eats importants. Toujours dans l\u2019int\u00e9r\u00eat d\u2019une Suisse d\u00e9velopp\u00e9e dans un souci d\u2019innovation et de durabilit\u00e9.&nbsp;\" \/>\n<meta property=\"og:url\" content=\"https:\/\/entwicklung-schweiz.ch\/fr\/secretariat\/\" \/>\n<meta property=\"og:site_name\" content=\"Entwicklung Schweiz\" \/>\n<meta property=\"article:modified_time\" content=\"2024-05-22T12:07:01+00:00\" \/>\n<meta property=\"og:image\" content=\"https:\/\/entwicklung-schweiz.ch\/wp-content\/uploads\/2024\/02\/fb83161496ebd322918062fcc2837d17.jpeg\" \/>\n\t<meta property=\"og:image:width\" content=\"1200\" \/>\n\t<meta property=\"og:image:height\" content=\"720\" \/>\n\t<meta property=\"og:image:type\" content=\"image\/jpeg\" \/>\n<meta name=\"twitter:card\" content=\"summary_large_image\" \/>\n<meta name=\"twitter:label1\" content=\"Dur\u00e9e de lecture estim\u00e9e\" \/>\n\t<meta name=\"twitter:data1\" content=\"1 minute\" \/>\n<script type=\"application\/ld+json\" class=\"yoast-schema-graph\">{\"@context\":\"https:\/\/schema.org\",\"@graph\":[{\"@type\":\"WebPage\",\"@id\":\"https:\/\/entwicklung-schweiz.ch\/fr\/secretariat\/\",\"url\":\"https:\/\/entwicklung-schweiz.ch\/fr\/secretariat\/\",\"name\":\"Secr\u00e9tariat - Entwicklung Schweiz\",\"isPartOf\":{\"@id\":\"https:\/\/entwicklung-schweiz.ch\/#website\"},\"primaryImageOfPage\":{\"@id\":\"https:\/\/entwicklung-schweiz.ch\/fr\/secretariat\/#primaryimage\"},\"image\":{\"@id\":\"https:\/\/entwicklung-schweiz.ch\/fr\/secretariat\/#primaryimage\"},\"thumbnailUrl\":\"https:\/\/entwicklung-schweiz.ch\/wp-content\/uploads\/2024\/02\/fb83161496ebd322918062fcc2837d17.jpeg\",\"datePublished\":\"2024-02-21T13:15:16+00:00\",\"dateModified\":\"2024-05-22T12:07:01+00:00\",\"breadcrumb\":{\"@id\":\"https:\/\/entwicklung-schweiz.ch\/fr\/secretariat\/#breadcrumb\"},\"inLanguage\":\"fr-FR\",\"potentialAction\":[{\"@type\":\"ReadAction\",\"target\":[\"https:\/\/entwicklung-schweiz.ch\/fr\/secretariat\/\"]}]},{\"@type\":\"ImageObject\",\"inLanguage\":\"fr-FR\",\"@id\":\"https:\/\/entwicklung-schweiz.ch\/fr\/secretariat\/#primaryimage\",\"url\":\"https:\/\/entwicklung-schweiz.ch\/wp-content\/uploads\/2024\/02\/fb83161496ebd322918062fcc2837d17.jpeg\",\"contentUrl\":\"https:\/\/entwicklung-schweiz.ch\/wp-content\/uploads\/2024\/02\/fb83161496ebd322918062fcc2837d17.jpeg\",\"width\":1200,\"height\":720},{\"@type\":\"BreadcrumbList\",\"@id\":\"https:\/\/entwicklung-schweiz.ch\/fr\/secretariat\/#breadcrumb\",\"itemListElement\":[{\"@type\":\"ListItem\",\"position\":1,\"name\":\"Home\",\"item\":\"https:\/\/entwicklung-schweiz.ch\/fr\/\"},{\"@type\":\"ListItem\",\"position\":2,\"name\":\"Secr\u00e9tariat\"}]},{\"@type\":\"WebSite\",\"@id\":\"https:\/\/entwicklung-schweiz.ch\/#website\",\"url\":\"https:\/\/entwicklung-schweiz.ch\/\",\"name\":\"Entwicklung Schweiz\",\"description\":\"\",\"publisher\":{\"@id\":\"https:\/\/entwicklung-schweiz.ch\/#organization\"},\"potentialAction\":[{\"@type\":\"SearchAction\",\"target\":{\"@type\":\"EntryPoint\",\"urlTemplate\":\"https:\/\/entwicklung-schweiz.ch\/?s={search_term_string}\"},\"query-input\":\"required name=search_term_string\"}],\"inLanguage\":\"fr-FR\"},{\"@type\":\"Organization\",\"@id\":\"https:\/\/entwicklung-schweiz.ch\/#organization\",\"name\":\"Entwicklung Schweiz\",\"url\":\"https:\/\/entwicklung-schweiz.ch\/\",\"logo\":{\"@type\":\"ImageObject\",\"inLanguage\":\"fr-FR\",\"@id\":\"https:\/\/entwicklung-schweiz.ch\/#\/schema\/logo\/image\/\",\"url\":\"https:\/\/entwicklung-schweiz.ch\/wp-content\/uploads\/2024\/02\/Logo_colors.svg\",\"contentUrl\":\"https:\/\/entwicklung-schweiz.ch\/wp-content\/uploads\/2024\/02\/Logo_colors.svg\",\"width\":243,\"height\":49,\"caption\":\"Entwicklung Schweiz\"},\"image\":{\"@id\":\"https:\/\/entwicklung-schweiz.ch\/#\/schema\/logo\/image\/\"}}]}<\/script>\n<!-- \/ Yoast SEO Premium plugin. -->","yoast_head_json":{"title":"Secr\u00e9tariat - Entwicklung Schweiz","robots":{"index":"index","follow":"follow","max-snippet":"max-snippet:-1","max-image-preview":"max-image-preview:large","max-video-preview":"max-video-preview:-1"},"canonical":"https:\/\/entwicklung-schweiz.ch\/fr\/secretariat\/","og_locale":"fr_FR","og_type":"article","og_title":"Secr\u00e9tariat","og_description":"De structure l\u00e9g\u00e8re, notre secr\u00e9tariat nous permet de r\u00e9agir de fa\u00e7on agile et personnelle. Dans le cadre de notre engagement pour notre secteur, nous sommes \u00e0 la disposition de tous nos membres et partenaires associ\u00e9s, mais aussi d\u2019autres groupes d\u2019int\u00e9r\u00eats importants. Toujours dans l\u2019int\u00e9r\u00eat d\u2019une Suisse d\u00e9velopp\u00e9e dans un souci d\u2019innovation et de durabilit\u00e9.&nbsp;","og_url":"https:\/\/entwicklung-schweiz.ch\/fr\/secretariat\/","og_site_name":"Entwicklung Schweiz","article_modified_time":"2024-05-22T12:07:01+00:00","og_image":[{"width":1200,"height":720,"url":"https:\/\/entwicklung-schweiz.ch\/wp-content\/uploads\/2024\/02\/fb83161496ebd322918062fcc2837d17.jpeg","type":"image\/jpeg"}],"twitter_card":"summary_large_image","twitter_misc":{"Dur\u00e9e de lecture estim\u00e9e":"1 minute"},"schema":{"@context":"https:\/\/schema.org","@graph":[{"@type":"WebPage","@id":"https:\/\/entwicklung-schweiz.ch\/fr\/secretariat\/","url":"https:\/\/entwicklung-schweiz.ch\/fr\/secretariat\/","name":"Secr\u00e9tariat - Entwicklung Schweiz","isPartOf":{"@id":"https:\/\/entwicklung-schweiz.ch\/#website"},"primaryImageOfPage":{"@id":"https:\/\/entwicklung-schweiz.ch\/fr\/secretariat\/#primaryimage"},"image":{"@id":"https:\/\/entwicklung-schweiz.ch\/fr\/secretariat\/#primaryimage"},"thumbnailUrl":"https:\/\/entwicklung-schweiz.ch\/wp-content\/uploads\/2024\/02\/fb83161496ebd322918062fcc2837d17.jpeg","datePublished":"2024-02-21T13:15:16+00:00","dateModified":"2024-05-22T12:07:01+00:00","breadcrumb":{"@id":"https:\/\/entwicklung-schweiz.ch\/fr\/secretariat\/#breadcrumb"},"inLanguage":"fr-FR","potentialAction":[{"@type":"ReadAction","target":["https:\/\/entwicklung-schweiz.ch\/fr\/secretariat\/"]}]},{"@type":"ImageObject","inLanguage":"fr-FR","@id":"https:\/\/entwicklung-schweiz.ch\/fr\/secretariat\/#primaryimage","url":"https:\/\/entwicklung-schweiz.ch\/wp-content\/uploads\/2024\/02\/fb83161496ebd322918062fcc2837d17.jpeg","contentUrl":"https:\/\/entwicklung-schweiz.ch\/wp-content\/uploads\/2024\/02\/fb83161496ebd322918062fcc2837d17.jpeg","width":1200,"height":720},{"@type":"BreadcrumbList","@id":"https:\/\/entwicklung-schweiz.ch\/fr\/secretariat\/#breadcrumb","itemListElement":[{"@type":"ListItem","position":1,"name":"Home","item":"https:\/\/entwicklung-schweiz.ch\/fr\/"},{"@type":"ListItem","position":2,"name":"Secr\u00e9tariat"}]},{"@type":"WebSite","@id":"https:\/\/entwicklung-schweiz.ch\/#website","url":"https:\/\/entwicklung-schweiz.ch\/","name":"Entwicklung Schweiz","description":"","publisher":{"@id":"https:\/\/entwicklung-schweiz.ch\/#organization"},"potentialAction":[{"@type":"SearchAction","target":{"@type":"EntryPoint","urlTemplate":"https:\/\/entwicklung-schweiz.ch\/?s={search_term_string}"},"query-input":"required name=search_term_string"}],"inLanguage":"fr-FR"},{"@type":"Organization","@id":"https:\/\/entwicklung-schweiz.ch\/#organization","name":"Entwicklung Schweiz","url":"https:\/\/entwicklung-schweiz.ch\/","logo":{"@type":"ImageObject","inLanguage":"fr-FR","@id":"https:\/\/entwicklung-schweiz.ch\/#\/schema\/logo\/image\/","url":"https:\/\/entwicklung-schweiz.ch\/wp-content\/uploads\/2024\/02\/Logo_colors.svg","contentUrl":"https:\/\/entwicklung-schweiz.ch\/wp-content\/uploads\/2024\/02\/Logo_colors.svg","width":243,"height":49,"caption":"Entwicklung Schweiz"},"image":{"@id":"https:\/\/entwicklung-schweiz.ch\/#\/schema\/logo\/image\/"}}]}},"_links":{"self":[{"href":"https:\/\/entwicklung-schweiz.ch\/fr\/wp-json\/wp\/v2\/pages\/1638"}],"collection":[{"href":"https:\/\/entwicklung-schweiz.ch\/fr\/wp-json\/wp\/v2\/pages"}],"about":[{"href":"https:\/\/entwicklung-schweiz.ch\/fr\/wp-json\/wp\/v2\/types\/page"}],"author":[{"embeddable":true,"href":"https:\/\/entwicklung-schweiz.ch\/fr\/wp-json\/wp\/v2\/users\/7"}],"replies":[{"embeddable":true,"href":"https:\/\/entwicklung-schweiz.ch\/fr\/wp-json\/wp\/v2\/comments?post=1638"}],"version-history":[{"count":5,"href":"https:\/\/entwicklung-schweiz.ch\/fr\/wp-json\/wp\/v2\/pages\/1638\/revisions"}],"predecessor-version":[{"id":1802,"href":"https:\/\/entwicklung-schweiz.ch\/fr\/wp-json\/wp\/v2\/pages\/1638\/revisions\/1802"}],"wp:featuredmedia":[{"embeddable":true,"href":"https:\/\/entwicklung-schweiz.ch\/fr\/wp-json\/wp\/v2\/media\/69"}],"wp:attachment":[{"href":"https:\/\/entwicklung-schweiz.ch\/fr\/wp-json\/wp\/v2\/media?parent=1638"}],"curies":[{"name":"wp","href":"https:\/\/api.w.org\/{rel}","templated":true}]}}