{"id":1649,"date":"2024-02-21T14:25:22","date_gmt":"2024-02-21T13:25:22","guid":{"rendered":"https:\/\/dev.entwicklung-schweiz.berta-bewegt.ch\/?page_id=1649"},"modified":"2024-05-23T09:22:46","modified_gmt":"2024-05-23T07:22:46","slug":"prestations","status":"publish","type":"page","link":"https:\/\/entwicklung-schweiz.ch\/fr\/association\/prestations\/","title":{"rendered":"Prestations"},"content":{"rendered":"\n<p>Le contact personnel avec nos membres et nos partenaires associ\u00e9s est une priorit\u00e9 absolue. Nous entretenons donc soigneusement une culture de r\u00e9seau ouverte et bas\u00e9e sur la confiance. Nous restons \u00e0 l\u2019\u00e9coute et faisons levier en politique en regroupant les pr\u00e9occupations de notre secteur et en les faisant entendre gr\u00e2ce aux bonnes alliances, via les bons canaux. Il nous importe de suivre un axe clair, afin d\u2019aboutir l\u00e0 o\u00f9 cela compte vraiment. En tant qu\u2019organisation d\u2019ensemble avec une vision globale, nous estimons en outre avoir la t\u00e2che d\u2019amorcer des solutions propres au secteur lorsqu\u2019une d\u00e9marche commune est plus efficace.<\/p>\n\n\n\n            <section class=\"custom-quote-block scrollMagic-block\" data-uid=\"69f8a17d93f83\">\n            <p class=\"mb-0 quote text-red\">D\u00e9veloppement Suisse se veut un interlocuteur de choix pour la Berne f\u00e9d\u00e9rale: connect\u00e9, ouvert et pr\u00eat au dialogue.<\/p>\n\n                            <div class=\"quote-divider\"><\/div>\n                <p class=\"mb-0 quote-autor\">Karin B\u00fchrer, directrice<\/p>\n                    <\/section>\n    \n\n\n\n\n<p>Nous sommes une petite association forte, proche des besoins de ses membres, proche du march\u00e9 et proche de la politique. Nous sommes prestataire de services, interm\u00e9diaire et accompagnant pour nos membres et partenaires associ\u00e9s, mais aussi pour d\u2019autres groupes d\u2019int\u00e9r\u00eats importants. L\u2019accent est mis sur les pr\u00e9occupations majeures du secteur, que nous repr\u00e9sentons activement et en personne dans la politique, l\u2019administration et la soci\u00e9t\u00e9. Par ailleurs, nous nous engageons dans des commissions, associations et organisations cl\u00e9s.&nbsp;<\/p>\n\n\n\n            <section class=\"custom-image-block\">\n                            <div class=\"custom-image-as-bg  scrollMagic-block\" style=\"background-image: url('https:\/\/entwicklung-schweiz.ch\/wp-content\/uploads\/2024\/02\/AdobeStock_207802400-2-1200x800.jpeg')\" data-uid=\"69f8a17d97264\">\n                    <img decoding=\"async\" src=\"https:\/\/entwicklung-schweiz.ch\/wp-content\/themes\/entwicklung_schweiz\/assets\/images\/custom_image_frame.png\" alt=\"Frame\" width=\"1px\" height=\"1px\" \/>\n                <\/div>\n            \n                    <\/section>\n    \n\n\n\n\n<ul>\n<li>D\u00e9veloppement Suisse d\u00e9fend les int\u00e9r\u00eats des entreprises g\u00e9n\u00e9rales dans la politique, l\u2019administration et les organisations \u00e9conomiques.<\/li>\n\n\n\n<li>D\u00e9veloppement Suisse facilite et encourage l\u2019\u00e9change (d\u2019exp\u00e9riences) entre les membres.<\/li>\n\n\n\n<li>D\u00e9veloppement Suisse cr\u00e9e une plateforme pour des id\u00e9es communes qui soutiennent le secteur sur le march\u00e9.&nbsp;<\/li>\n\n\n\n<li>D\u00e9veloppement Suisse organise des \u00e9v\u00e9nements de r\u00e9seautage pour les membres et les partenaires.&nbsp;<\/li>\n\n\n\n<li>D\u00e9veloppement Suisse se veut le lien qui permet au secteur de progresser en r\u00e9seau.<\/li>\n\n\n\n<li>D\u00e9veloppement Suisse publie des articles, prises de position, fiches techniques et \u00e9tudes sur des th\u00e8mes d\u2019actualit\u00e9.<\/li>\n\n\n\n<li>D\u00e9veloppement Suisse \u00e9labore des aides concr\u00e8tes pour ses membres, leur permettant de mieux naviguer sur le march\u00e9.<\/li>\n\n\n\n<li>D\u00e9veloppement Suisse publie r\u00e9guli\u00e8rement des \u00e9valuations politiques sur des th\u00e8mes qui concernent le secteur.<\/li>\n\n\n\n<li>D\u00e9veloppement Suisse filtre les publications en fonction de leur pertinence et produit une revue de presse hebdomadaire pour ses membres.<\/li>\n\n\n\n<li>D\u00e9veloppement Suisse m\u00e8ne avec ses membres, partenaires et associations amies un dialogue continu sur des contenus pertinents.<\/li>\n\n\n\n<li>D\u00e9veloppement Suisse donne acc\u00e8s \u00e0 des formations continues, des conf\u00e9rences ou des manifestations organis\u00e9es par ses partenaires.<\/li>\n\n\n\n<li>D\u00e9veloppement Suisse associe les forces de communication de ses membres pour am\u00e9liorer l\u2019efficacit\u00e9 et la r\u00e9putation aupr\u00e8s du public.&nbsp;<\/li>\n<\/ul>\n","protected":false},"excerpt":{"rendered":"<p>Le contact personnel avec nos membres et nos partenaires associ\u00e9s est une priorit\u00e9 absolue. Nous entretenons donc soigneusement une culture de r\u00e9seau ouverte et bas\u00e9e sur la confiance. Nous restons \u00e0 l\u2019\u00e9coute et faisons levier en politique en regroupant les pr\u00e9occupations de notre secteur et en les faisant entendre gr\u00e2ce aux bonnes alliances, via les [&hellip;]<\/p>\n","protected":false},"author":7,"featured_media":69,"parent":1643,"menu_order":0,"comment_status":"closed","ping_status":"closed","template":"","meta":{"_acf_changed":false,"inline_featured_image":false,"_themeisle_gutenberg_block_has_review":false,"footnotes":""},"acf":[],"yoast_head":"<!-- This site is optimized with the Yoast SEO Premium plugin v22.7 (Yoast SEO v22.7) - https:\/\/yoast.com\/wordpress\/plugins\/seo\/ -->\n<title>Prestations - Entwicklung Schweiz<\/title>\n<meta name=\"robots\" content=\"index, follow, max-snippet:-1, max-image-preview:large, max-video-preview:-1\" \/>\n<link rel=\"canonical\" href=\"https:\/\/entwicklung-schweiz.ch\/fr\/association\/prestations\/\" \/>\n<meta property=\"og:locale\" content=\"fr_FR\" \/>\n<meta property=\"og:type\" content=\"article\" \/>\n<meta property=\"og:title\" content=\"Prestations\" \/>\n<meta property=\"og:description\" content=\"Le contact personnel avec nos membres et nos partenaires associ\u00e9s est une priorit\u00e9 absolue. Nous entretenons donc soigneusement une culture de r\u00e9seau ouverte et bas\u00e9e sur la confiance. Nous restons \u00e0 l\u2019\u00e9coute et faisons levier en politique en regroupant les pr\u00e9occupations de notre secteur et en les faisant entendre gr\u00e2ce aux bonnes alliances, via les [&hellip;]\" \/>\n<meta property=\"og:url\" content=\"https:\/\/entwicklung-schweiz.ch\/fr\/association\/prestations\/\" \/>\n<meta property=\"og:site_name\" content=\"Entwicklung Schweiz\" \/>\n<meta property=\"article:modified_time\" content=\"2024-05-23T07:22:46+00:00\" \/>\n<meta property=\"og:image\" content=\"https:\/\/entwicklung-schweiz.ch\/wp-content\/uploads\/2024\/02\/fb83161496ebd322918062fcc2837d17.jpeg\" \/>\n\t<meta property=\"og:image:width\" content=\"1200\" \/>\n\t<meta property=\"og:image:height\" content=\"720\" \/>\n\t<meta property=\"og:image:type\" content=\"image\/jpeg\" \/>\n<meta name=\"twitter:card\" content=\"summary_large_image\" \/>\n<meta name=\"twitter:label1\" content=\"Dur\u00e9e de lecture estim\u00e9e\" \/>\n\t<meta name=\"twitter:data1\" content=\"3 minutes\" \/>\n<script type=\"application\/ld+json\" class=\"yoast-schema-graph\">{\"@context\":\"https:\/\/schema.org\",\"@graph\":[{\"@type\":\"WebPage\",\"@id\":\"https:\/\/entwicklung-schweiz.ch\/fr\/association\/prestations\/\",\"url\":\"https:\/\/entwicklung-schweiz.ch\/fr\/association\/prestations\/\",\"name\":\"Prestations - Entwicklung Schweiz\",\"isPartOf\":{\"@id\":\"https:\/\/entwicklung-schweiz.ch\/#website\"},\"primaryImageOfPage\":{\"@id\":\"https:\/\/entwicklung-schweiz.ch\/fr\/association\/prestations\/#primaryimage\"},\"image\":{\"@id\":\"https:\/\/entwicklung-schweiz.ch\/fr\/association\/prestations\/#primaryimage\"},\"thumbnailUrl\":\"https:\/\/entwicklung-schweiz.ch\/wp-content\/uploads\/2024\/02\/fb83161496ebd322918062fcc2837d17.jpeg\",\"datePublished\":\"2024-02-21T13:25:22+00:00\",\"dateModified\":\"2024-05-23T07:22:46+00:00\",\"breadcrumb\":{\"@id\":\"https:\/\/entwicklung-schweiz.ch\/fr\/association\/prestations\/#breadcrumb\"},\"inLanguage\":\"fr-FR\",\"potentialAction\":[{\"@type\":\"ReadAction\",\"target\":[\"https:\/\/entwicklung-schweiz.ch\/fr\/association\/prestations\/\"]}]},{\"@type\":\"ImageObject\",\"inLanguage\":\"fr-FR\",\"@id\":\"https:\/\/entwicklung-schweiz.ch\/fr\/association\/prestations\/#primaryimage\",\"url\":\"https:\/\/entwicklung-schweiz.ch\/wp-content\/uploads\/2024\/02\/fb83161496ebd322918062fcc2837d17.jpeg\",\"contentUrl\":\"https:\/\/entwicklung-schweiz.ch\/wp-content\/uploads\/2024\/02\/fb83161496ebd322918062fcc2837d17.jpeg\",\"width\":1200,\"height\":720},{\"@type\":\"BreadcrumbList\",\"@id\":\"https:\/\/entwicklung-schweiz.ch\/fr\/association\/prestations\/#breadcrumb\",\"itemListElement\":[{\"@type\":\"ListItem\",\"position\":1,\"name\":\"Home\",\"item\":\"https:\/\/entwicklung-schweiz.ch\/fr\/\"},{\"@type\":\"ListItem\",\"position\":2,\"name\":\"Association\",\"item\":\"https:\/\/entwicklung-schweiz.ch\/fr\/association\/\"},{\"@type\":\"ListItem\",\"position\":3,\"name\":\"Prestations\"}]},{\"@type\":\"WebSite\",\"@id\":\"https:\/\/entwicklung-schweiz.ch\/#website\",\"url\":\"https:\/\/entwicklung-schweiz.ch\/\",\"name\":\"Entwicklung Schweiz\",\"description\":\"\",\"publisher\":{\"@id\":\"https:\/\/entwicklung-schweiz.ch\/#organization\"},\"potentialAction\":[{\"@type\":\"SearchAction\",\"target\":{\"@type\":\"EntryPoint\",\"urlTemplate\":\"https:\/\/entwicklung-schweiz.ch\/?s={search_term_string}\"},\"query-input\":\"required name=search_term_string\"}],\"inLanguage\":\"fr-FR\"},{\"@type\":\"Organization\",\"@id\":\"https:\/\/entwicklung-schweiz.ch\/#organization\",\"name\":\"Entwicklung Schweiz\",\"url\":\"https:\/\/entwicklung-schweiz.ch\/\",\"logo\":{\"@type\":\"ImageObject\",\"inLanguage\":\"fr-FR\",\"@id\":\"https:\/\/entwicklung-schweiz.ch\/#\/schema\/logo\/image\/\",\"url\":\"https:\/\/entwicklung-schweiz.ch\/wp-content\/uploads\/2024\/02\/Logo_colors.svg\",\"contentUrl\":\"https:\/\/entwicklung-schweiz.ch\/wp-content\/uploads\/2024\/02\/Logo_colors.svg\",\"width\":243,\"height\":49,\"caption\":\"Entwicklung Schweiz\"},\"image\":{\"@id\":\"https:\/\/entwicklung-schweiz.ch\/#\/schema\/logo\/image\/\"}}]}<\/script>\n<!-- \/ Yoast SEO Premium plugin. -->","yoast_head_json":{"title":"Prestations - Entwicklung Schweiz","robots":{"index":"index","follow":"follow","max-snippet":"max-snippet:-1","max-image-preview":"max-image-preview:large","max-video-preview":"max-video-preview:-1"},"canonical":"https:\/\/entwicklung-schweiz.ch\/fr\/association\/prestations\/","og_locale":"fr_FR","og_type":"article","og_title":"Prestations","og_description":"Le contact personnel avec nos membres et nos partenaires associ\u00e9s est une priorit\u00e9 absolue. Nous entretenons donc soigneusement une culture de r\u00e9seau ouverte et bas\u00e9e sur la confiance. Nous restons \u00e0 l\u2019\u00e9coute et faisons levier en politique en regroupant les pr\u00e9occupations de notre secteur et en les faisant entendre gr\u00e2ce aux bonnes alliances, via les [&hellip;]","og_url":"https:\/\/entwicklung-schweiz.ch\/fr\/association\/prestations\/","og_site_name":"Entwicklung Schweiz","article_modified_time":"2024-05-23T07:22:46+00:00","og_image":[{"width":1200,"height":720,"url":"https:\/\/entwicklung-schweiz.ch\/wp-content\/uploads\/2024\/02\/fb83161496ebd322918062fcc2837d17.jpeg","type":"image\/jpeg"}],"twitter_card":"summary_large_image","twitter_misc":{"Dur\u00e9e de lecture estim\u00e9e":"3 minutes"},"schema":{"@context":"https:\/\/schema.org","@graph":[{"@type":"WebPage","@id":"https:\/\/entwicklung-schweiz.ch\/fr\/association\/prestations\/","url":"https:\/\/entwicklung-schweiz.ch\/fr\/association\/prestations\/","name":"Prestations - Entwicklung Schweiz","isPartOf":{"@id":"https:\/\/entwicklung-schweiz.ch\/#website"},"primaryImageOfPage":{"@id":"https:\/\/entwicklung-schweiz.ch\/fr\/association\/prestations\/#primaryimage"},"image":{"@id":"https:\/\/entwicklung-schweiz.ch\/fr\/association\/prestations\/#primaryimage"},"thumbnailUrl":"https:\/\/entwicklung-schweiz.ch\/wp-content\/uploads\/2024\/02\/fb83161496ebd322918062fcc2837d17.jpeg","datePublished":"2024-02-21T13:25:22+00:00","dateModified":"2024-05-23T07:22:46+00:00","breadcrumb":{"@id":"https:\/\/entwicklung-schweiz.ch\/fr\/association\/prestations\/#breadcrumb"},"inLanguage":"fr-FR","potentialAction":[{"@type":"ReadAction","target":["https:\/\/entwicklung-schweiz.ch\/fr\/association\/prestations\/"]}]},{"@type":"ImageObject","inLanguage":"fr-FR","@id":"https:\/\/entwicklung-schweiz.ch\/fr\/association\/prestations\/#primaryimage","url":"https:\/\/entwicklung-schweiz.ch\/wp-content\/uploads\/2024\/02\/fb83161496ebd322918062fcc2837d17.jpeg","contentUrl":"https:\/\/entwicklung-schweiz.ch\/wp-content\/uploads\/2024\/02\/fb83161496ebd322918062fcc2837d17.jpeg","width":1200,"height":720},{"@type":"BreadcrumbList","@id":"https:\/\/entwicklung-schweiz.ch\/fr\/association\/prestations\/#breadcrumb","itemListElement":[{"@type":"ListItem","position":1,"name":"Home","item":"https:\/\/entwicklung-schweiz.ch\/fr\/"},{"@type":"ListItem","position":2,"name":"Association","item":"https:\/\/entwicklung-schweiz.ch\/fr\/association\/"},{"@type":"ListItem","position":3,"name":"Prestations"}]},{"@type":"WebSite","@id":"https:\/\/entwicklung-schweiz.ch\/#website","url":"https:\/\/entwicklung-schweiz.ch\/","name":"Entwicklung Schweiz","description":"","publisher":{"@id":"https:\/\/entwicklung-schweiz.ch\/#organization"},"potentialAction":[{"@type":"SearchAction","target":{"@type":"EntryPoint","urlTemplate":"https:\/\/entwicklung-schweiz.ch\/?s={search_term_string}"},"query-input":"required name=search_term_string"}],"inLanguage":"fr-FR"},{"@type":"Organization","@id":"https:\/\/entwicklung-schweiz.ch\/#organization","name":"Entwicklung Schweiz","url":"https:\/\/entwicklung-schweiz.ch\/","logo":{"@type":"ImageObject","inLanguage":"fr-FR","@id":"https:\/\/entwicklung-schweiz.ch\/#\/schema\/logo\/image\/","url":"https:\/\/entwicklung-schweiz.ch\/wp-content\/uploads\/2024\/02\/Logo_colors.svg","contentUrl":"https:\/\/entwicklung-schweiz.ch\/wp-content\/uploads\/2024\/02\/Logo_colors.svg","width":243,"height":49,"caption":"Entwicklung Schweiz"},"image":{"@id":"https:\/\/entwicklung-schweiz.ch\/#\/schema\/logo\/image\/"}}]}},"_links":{"self":[{"href":"https:\/\/entwicklung-schweiz.ch\/fr\/wp-json\/wp\/v2\/pages\/1649"}],"collection":[{"href":"https:\/\/entwicklung-schweiz.ch\/fr\/wp-json\/wp\/v2\/pages"}],"about":[{"href":"https:\/\/entwicklung-schweiz.ch\/fr\/wp-json\/wp\/v2\/types\/page"}],"author":[{"embeddable":true,"href":"https:\/\/entwicklung-schweiz.ch\/fr\/wp-json\/wp\/v2\/users\/7"}],"replies":[{"embeddable":true,"href":"https:\/\/entwicklung-schweiz.ch\/fr\/wp-json\/wp\/v2\/comments?post=1649"}],"version-history":[{"count":3,"href":"https:\/\/entwicklung-schweiz.ch\/fr\/wp-json\/wp\/v2\/pages\/1649\/revisions"}],"predecessor-version":[{"id":1811,"href":"https:\/\/entwicklung-schweiz.ch\/fr\/wp-json\/wp\/v2\/pages\/1649\/revisions\/1811"}],"up":[{"embeddable":true,"href":"https:\/\/entwicklung-schweiz.ch\/fr\/wp-json\/wp\/v2\/pages\/1643"}],"wp:featuredmedia":[{"embeddable":true,"href":"https:\/\/entwicklung-schweiz.ch\/fr\/wp-json\/wp\/v2\/media\/69"}],"wp:attachment":[{"href":"https:\/\/entwicklung-schweiz.ch\/fr\/wp-json\/wp\/v2\/media?parent=1649"}],"curies":[{"name":"wp","href":"https:\/\/api.w.org\/{rel}","templated":true}]}}