{"id":1657,"date":"2024-02-20T15:31:52","date_gmt":"2024-02-20T14:31:52","guid":{"rendered":"https:\/\/dev.entwicklung-schweiz.berta-bewegt.ch\/?page_id=1657"},"modified":"2024-05-22T10:53:58","modified_gmt":"2024-05-22T08:53:58","slug":"themes","status":"publish","type":"page","link":"https:\/\/entwicklung-schweiz.ch\/fr\/themes\/","title":{"rendered":"Th\u00e8mes"},"content":{"rendered":"\n<p>\u00c0 l\u2019interface entre entreprises, politique et soci\u00e9t\u00e9, nous travaillons de mani\u00e8re cibl\u00e9e et rapide. Le contact personnel nous importe grandement, car pour produire un effet, il faut s\u2019appuyer sur des alliances solides et des faits fond\u00e9s. Toujours avec l\u2019objectif en t\u00eate d\u2019am\u00e9nager l\u2019espace de vie de notre population selon des crit\u00e8res de durabilit\u00e9 et de qualit\u00e9 \u00e9lev\u00e9s. Pour y parvenir, nous suivons de pr\u00e8s de nombreux th\u00e8mes cl\u00e9s, au besoin en faisant appel \u00e0 nos membres ou \u00e0 d\u2019autres parties prenantes.<\/p>\n\n\n\n<p>Nous nous engageons pour un espace de vie utilis\u00e9 dans un esprit d\u2019innovation et de durabilit\u00e9.&nbsp;Notre r\u00e9ussite tient \u00e0 la perspective d\u2019ensemble cr\u00e9\u00e9e en combinant planification, d\u00e9veloppement et r\u00e9alisation. \u00c0 l\u2019interface, nous travaillons de mani\u00e8re cibl\u00e9e et rapide. Le contact personnel nous importe.&nbsp;<\/p>\n\n\n\n<p>Voici les diff\u00e9rents th\u00e8mes cl\u00e9s sur lesquels nous nous concentrons:<\/p>\n\n\n\n<ul>\n<li>mod\u00e8le de collaboration<\/li>\n\n\n\n<li>d\u00e9veloppement durable&nbsp;<\/li>\n\n\n\n<li>p\u00e9nurie de logements<\/li>\n\n\n\n<li>densification urbaine de qualit\u00e9&nbsp;<\/li>\n<\/ul>\n\n\n\n            <section class=\"page-card-block page-card-block-mb-bigger \">\n            \n            <div class=\"page-card-image-block-mob scrollMagic-block\" style=\"background-image: url('https:\/\/entwicklung-schweiz.ch\/wp-content\/uploads\/2024\/02\/b0df5bbd57ae3e03954da3d3c1af5149-1200x848.jpeg')\" data-uid=\"69fd02fa45eab\">\n                <img decoding=\"async\" src=\"https:\/\/entwicklung-schweiz.ch\/wp-content\/themes\/entwicklung_schweiz\/assets\/images\/page_card_image_frame.png\" alt=\"Frame\" width=\"1px\" height=\"1px\" \/>\n            <\/div>\n\n            <div class=\"page-card-content-block  bg-color-white border-color-blue  scrollMagic-block\" data-uid=\"69fd02fa455d3\">\n                <div class=\"page-card-top-block\">\n                                            <h2 class=\"mb-0 word-break-on h2-big text-blue\">Politique<\/h2>\n                                    <\/div>\n\n                                    <div class=\"page-card-middle-block\">\n                        <p class=\"mb-0 card-description-bigger text-blue\">Notre engagement politique pour une Suisse moderne et durable\r\n<\/p>\n                    <\/div>\n                \n                <div class=\"page-card-buttons-block\">\n                    \n                    <a href=\"https:\/\/entwicklung-schweiz.ch\/fr\/themes\/politique\/\" class=\"blue-border-button \" >En savoir plus<\/a>\n                <\/div>\n            <\/div>\n\n            <div class=\"page-card-image-block scrollMagic-block delay-animation-1\" style=\"background-image: url('https:\/\/entwicklung-schweiz.ch\/wp-content\/uploads\/2024\/02\/b0df5bbd57ae3e03954da3d3c1af5149-1200x848.jpeg')\" data-uid=\"69fd02fa455d3\">\n                <img decoding=\"async\" src=\"https:\/\/entwicklung-schweiz.ch\/wp-content\/themes\/entwicklung_schweiz\/assets\/images\/page_card_image_frame.png\" alt=\"Frame\" width=\"1px\" height=\"1px\" \/>\n            <\/div>\n        <\/section>\n    \n\n\n\n            <section class=\"page-card-block page-card-block-mb-bigger \">\n            \n            <div class=\"page-card-image-block-mob scrollMagic-block\" style=\"background-image: url('https:\/\/entwicklung-schweiz.ch\/wp-content\/uploads\/2024\/02\/fb83161496ebd322918062fcc2837d17.jpeg')\" data-uid=\"69fd02fa4a73c\">\n                <img decoding=\"async\" src=\"https:\/\/entwicklung-schweiz.ch\/wp-content\/themes\/entwicklung_schweiz\/assets\/images\/page_card_image_frame.png\" alt=\"Frame\" width=\"1px\" height=\"1px\" \/>\n            <\/div>\n\n            <div class=\"page-card-content-block  bg-color-blue border-color-blue  scrollMagic-block\" data-uid=\"69fd02fa49beb\">\n                <div class=\"page-card-top-block\">\n                                            <h2 class=\"mb-0 word-break-on h2-big text-white\">March\u00e9 et approche<\/h2>\n                                    <\/div>\n\n                                    <div class=\"page-card-middle-block\">\n                        <p class=\"mb-0 card-description-bigger text-white\">Notre engagement politique pour une Suisse moderne et durable\r\n<\/p>\n                    <\/div>\n                \n                <div class=\"page-card-buttons-block\">\n                    \n                    <a href=\"https:\/\/entwicklung-schweiz.ch\/fr\/themes\/marche-et-approche\/\" class=\"white-border-button white-border-button-hover-blue\" >En savoir plus<\/a>\n                <\/div>\n            <\/div>\n\n            <div class=\"page-card-image-block scrollMagic-block delay-animation-1\" style=\"background-image: url('https:\/\/entwicklung-schweiz.ch\/wp-content\/uploads\/2024\/02\/fb83161496ebd322918062fcc2837d17.jpeg')\" data-uid=\"69fd02fa49beb\">\n                <img decoding=\"async\" src=\"https:\/\/entwicklung-schweiz.ch\/wp-content\/themes\/entwicklung_schweiz\/assets\/images\/page_card_image_frame.png\" alt=\"Frame\" width=\"1px\" height=\"1px\" \/>\n            <\/div>\n        <\/section>\n    \n\n\n\n            <section class=\"page-card-block  \">\n            \n            <div class=\"page-card-image-block-mob scrollMagic-block\" style=\"background-image: url('https:\/\/entwicklung-schweiz.ch\/wp-content\/uploads\/2024\/02\/63eb94c2e04d360e82192cccb9cc5d27-1200x752.jpeg')\" data-uid=\"69fd02fa4b5bf\">\n                <img decoding=\"async\" src=\"https:\/\/entwicklung-schweiz.ch\/wp-content\/themes\/entwicklung_schweiz\/assets\/images\/page_card_image_frame.png\" alt=\"Frame\" width=\"1px\" height=\"1px\" \/>\n            <\/div>\n\n            <div class=\"page-card-content-block  bg-color-white border-color-blue  scrollMagic-block\" data-uid=\"69fd02fa4b029\">\n                <div class=\"page-card-top-block\">\n                                            <h2 class=\"mb-0 word-break-on h2-big text-blue\">Formation et recherche<\/h2>\n                                    <\/div>\n\n                                    <div class=\"page-card-middle-block\">\n                        <p class=\"mb-0 card-description-bigger text-blue\">La formation et la recherche sont un pilier du d\u00e9veloppement durable et des innovations. Nous avons r\u00e9uni quelques adresses de choix.<\/p>\n                    <\/div>\n                \n                <div class=\"page-card-buttons-block\">\n                    \n                    <a href=\"https:\/\/entwicklung-schweiz.ch\/fr\/themes\/formation-et-recherche\/\" class=\"blue-border-button \" >En savoir plus<\/a>\n                <\/div>\n            <\/div>\n\n            <div class=\"page-card-image-block scrollMagic-block delay-animation-1\" style=\"background-image: url('https:\/\/entwicklung-schweiz.ch\/wp-content\/uploads\/2024\/02\/63eb94c2e04d360e82192cccb9cc5d27-1200x752.jpeg')\" data-uid=\"69fd02fa4b029\">\n                <img decoding=\"async\" src=\"https:\/\/entwicklung-schweiz.ch\/wp-content\/themes\/entwicklung_schweiz\/assets\/images\/page_card_image_frame.png\" alt=\"Frame\" width=\"1px\" height=\"1px\" \/>\n            <\/div>\n        <\/section>\n    \n\n\n\n            <section class=\"page-card-block page-card-block-mb-bigger \">\n            \n            <div class=\"page-card-image-block-mob scrollMagic-block\" style=\"background-image: url('https:\/\/entwicklung-schweiz.ch\/wp-content\/uploads\/2024\/02\/b0df5bbd57ae3e03954da3d3c1af5149-1200x848.jpeg')\" data-uid=\"69fd02fa4c070\">\n                <img decoding=\"async\" src=\"https:\/\/entwicklung-schweiz.ch\/wp-content\/themes\/entwicklung_schweiz\/assets\/images\/page_card_image_frame.png\" alt=\"Frame\" width=\"1px\" height=\"1px\" \/>\n            <\/div>\n\n            <div class=\"page-card-content-block  bg-color-red border-color-red  scrollMagic-block\" data-uid=\"69fd02fa4bf78\">\n                <div class=\"page-card-top-block\">\n                                            <h2 class=\"mb-0 word-break-on h2-big text-white\">Autres publications<\/h2>\n                                    <\/div>\n\n                                    <div class=\"page-card-middle-block\">\n                        <p class=\"mb-0 card-description-bigger text-white\">Pour t\u00e9l\u00e9chargement: prises de position importantes, rapports annuels ou encore r\u00e9ponses \u00e0 des consultations\r\n<\/p>\n                    <\/div>\n                \n                <div class=\"page-card-buttons-block\">\n                    \n                    <a href=\"https:\/\/entwicklung-schweiz.ch\/fr\/publications\/\" class=\"white-border-button white-border-button-hover-red\" >En savoir plus<\/a>\n                <\/div>\n            <\/div>\n\n            <div class=\"page-card-image-block scrollMagic-block delay-animation-1\" style=\"background-image: url('https:\/\/entwicklung-schweiz.ch\/wp-content\/uploads\/2024\/02\/b0df5bbd57ae3e03954da3d3c1af5149-1200x848.jpeg')\" data-uid=\"69fd02fa4bf78\">\n                <img decoding=\"async\" src=\"https:\/\/entwicklung-schweiz.ch\/wp-content\/themes\/entwicklung_schweiz\/assets\/images\/page_card_image_frame.png\" alt=\"Frame\" width=\"1px\" height=\"1px\" \/>\n            <\/div>\n        <\/section>\n    \n\n\n\n<p><\/p>\n\n\n\n<p><\/p>\n","protected":false},"excerpt":{"rendered":"<p>\u00c0 l\u2019interface entre entreprises, politique et soci\u00e9t\u00e9, nous travaillons de mani\u00e8re cibl\u00e9e et rapide. Le contact personnel nous importe grandement, car pour produire un effet, il faut s\u2019appuyer sur des alliances solides et des faits fond\u00e9s. Toujours avec l\u2019objectif en t\u00eate d\u2019am\u00e9nager l\u2019espace de vie de notre population selon des crit\u00e8res de durabilit\u00e9 et de [&hellip;]<\/p>\n","protected":false},"author":7,"featured_media":69,"parent":0,"menu_order":7,"comment_status":"closed","ping_status":"closed","template":"","meta":{"_acf_changed":false,"inline_featured_image":false,"_themeisle_gutenberg_block_has_review":false,"footnotes":""},"acf":[],"yoast_head":"<!-- This site is optimized with the Yoast SEO Premium plugin v22.7 (Yoast SEO v22.7) - https:\/\/yoast.com\/wordpress\/plugins\/seo\/ -->\n<title>Th\u00e8mes - Entwicklung Schweiz<\/title>\n<meta name=\"robots\" content=\"index, follow, max-snippet:-1, max-image-preview:large, max-video-preview:-1\" \/>\n<link rel=\"canonical\" href=\"https:\/\/entwicklung-schweiz.ch\/fr\/themes\/\" \/>\n<meta property=\"og:locale\" content=\"fr_FR\" \/>\n<meta property=\"og:type\" content=\"article\" \/>\n<meta property=\"og:title\" content=\"Th\u00e8mes\" \/>\n<meta property=\"og:description\" content=\"\u00c0 l\u2019interface entre entreprises, politique et soci\u00e9t\u00e9, nous travaillons de mani\u00e8re cibl\u00e9e et rapide. Le contact personnel nous importe grandement, car pour produire un effet, il faut s\u2019appuyer sur des alliances solides et des faits fond\u00e9s. Toujours avec l\u2019objectif en t\u00eate d\u2019am\u00e9nager l\u2019espace de vie de notre population selon des crit\u00e8res de durabilit\u00e9 et de [&hellip;]\" \/>\n<meta property=\"og:url\" content=\"https:\/\/entwicklung-schweiz.ch\/fr\/themes\/\" \/>\n<meta property=\"og:site_name\" content=\"Entwicklung Schweiz\" \/>\n<meta property=\"article:modified_time\" content=\"2024-05-22T08:53:58+00:00\" \/>\n<meta property=\"og:image\" content=\"https:\/\/entwicklung-schweiz.ch\/wp-content\/uploads\/2024\/02\/fb83161496ebd322918062fcc2837d17.jpeg\" \/>\n\t<meta property=\"og:image:width\" content=\"1200\" \/>\n\t<meta property=\"og:image:height\" content=\"720\" \/>\n\t<meta property=\"og:image:type\" content=\"image\/jpeg\" \/>\n<meta name=\"twitter:card\" content=\"summary_large_image\" \/>\n<meta name=\"twitter:label1\" content=\"Dur\u00e9e de lecture estim\u00e9e\" \/>\n\t<meta name=\"twitter:data1\" content=\"2 minutes\" \/>\n<script type=\"application\/ld+json\" class=\"yoast-schema-graph\">{\"@context\":\"https:\/\/schema.org\",\"@graph\":[{\"@type\":\"WebPage\",\"@id\":\"https:\/\/entwicklung-schweiz.ch\/fr\/themes\/\",\"url\":\"https:\/\/entwicklung-schweiz.ch\/fr\/themes\/\",\"name\":\"Th\u00e8mes - Entwicklung Schweiz\",\"isPartOf\":{\"@id\":\"https:\/\/entwicklung-schweiz.ch\/#website\"},\"primaryImageOfPage\":{\"@id\":\"https:\/\/entwicklung-schweiz.ch\/fr\/themes\/#primaryimage\"},\"image\":{\"@id\":\"https:\/\/entwicklung-schweiz.ch\/fr\/themes\/#primaryimage\"},\"thumbnailUrl\":\"https:\/\/entwicklung-schweiz.ch\/wp-content\/uploads\/2024\/02\/fb83161496ebd322918062fcc2837d17.jpeg\",\"datePublished\":\"2024-02-20T14:31:52+00:00\",\"dateModified\":\"2024-05-22T08:53:58+00:00\",\"breadcrumb\":{\"@id\":\"https:\/\/entwicklung-schweiz.ch\/fr\/themes\/#breadcrumb\"},\"inLanguage\":\"fr-FR\",\"potentialAction\":[{\"@type\":\"ReadAction\",\"target\":[\"https:\/\/entwicklung-schweiz.ch\/fr\/themes\/\"]}]},{\"@type\":\"ImageObject\",\"inLanguage\":\"fr-FR\",\"@id\":\"https:\/\/entwicklung-schweiz.ch\/fr\/themes\/#primaryimage\",\"url\":\"https:\/\/entwicklung-schweiz.ch\/wp-content\/uploads\/2024\/02\/fb83161496ebd322918062fcc2837d17.jpeg\",\"contentUrl\":\"https:\/\/entwicklung-schweiz.ch\/wp-content\/uploads\/2024\/02\/fb83161496ebd322918062fcc2837d17.jpeg\",\"width\":1200,\"height\":720},{\"@type\":\"BreadcrumbList\",\"@id\":\"https:\/\/entwicklung-schweiz.ch\/fr\/themes\/#breadcrumb\",\"itemListElement\":[{\"@type\":\"ListItem\",\"position\":1,\"name\":\"Home\",\"item\":\"https:\/\/entwicklung-schweiz.ch\/fr\/\"},{\"@type\":\"ListItem\",\"position\":2,\"name\":\"Th\u00e8mes\"}]},{\"@type\":\"WebSite\",\"@id\":\"https:\/\/entwicklung-schweiz.ch\/#website\",\"url\":\"https:\/\/entwicklung-schweiz.ch\/\",\"name\":\"Entwicklung Schweiz\",\"description\":\"\",\"publisher\":{\"@id\":\"https:\/\/entwicklung-schweiz.ch\/#organization\"},\"potentialAction\":[{\"@type\":\"SearchAction\",\"target\":{\"@type\":\"EntryPoint\",\"urlTemplate\":\"https:\/\/entwicklung-schweiz.ch\/?s={search_term_string}\"},\"query-input\":\"required name=search_term_string\"}],\"inLanguage\":\"fr-FR\"},{\"@type\":\"Organization\",\"@id\":\"https:\/\/entwicklung-schweiz.ch\/#organization\",\"name\":\"Entwicklung Schweiz\",\"url\":\"https:\/\/entwicklung-schweiz.ch\/\",\"logo\":{\"@type\":\"ImageObject\",\"inLanguage\":\"fr-FR\",\"@id\":\"https:\/\/entwicklung-schweiz.ch\/#\/schema\/logo\/image\/\",\"url\":\"https:\/\/entwicklung-schweiz.ch\/wp-content\/uploads\/2024\/02\/Logo_colors.svg\",\"contentUrl\":\"https:\/\/entwicklung-schweiz.ch\/wp-content\/uploads\/2024\/02\/Logo_colors.svg\",\"width\":243,\"height\":49,\"caption\":\"Entwicklung Schweiz\"},\"image\":{\"@id\":\"https:\/\/entwicklung-schweiz.ch\/#\/schema\/logo\/image\/\"}}]}<\/script>\n<!-- \/ Yoast SEO Premium plugin. -->","yoast_head_json":{"title":"Th\u00e8mes - Entwicklung Schweiz","robots":{"index":"index","follow":"follow","max-snippet":"max-snippet:-1","max-image-preview":"max-image-preview:large","max-video-preview":"max-video-preview:-1"},"canonical":"https:\/\/entwicklung-schweiz.ch\/fr\/themes\/","og_locale":"fr_FR","og_type":"article","og_title":"Th\u00e8mes","og_description":"\u00c0 l\u2019interface entre entreprises, politique et soci\u00e9t\u00e9, nous travaillons de mani\u00e8re cibl\u00e9e et rapide. Le contact personnel nous importe grandement, car pour produire un effet, il faut s\u2019appuyer sur des alliances solides et des faits fond\u00e9s. Toujours avec l\u2019objectif en t\u00eate d\u2019am\u00e9nager l\u2019espace de vie de notre population selon des crit\u00e8res de durabilit\u00e9 et de [&hellip;]","og_url":"https:\/\/entwicklung-schweiz.ch\/fr\/themes\/","og_site_name":"Entwicklung Schweiz","article_modified_time":"2024-05-22T08:53:58+00:00","og_image":[{"width":1200,"height":720,"url":"https:\/\/entwicklung-schweiz.ch\/wp-content\/uploads\/2024\/02\/fb83161496ebd322918062fcc2837d17.jpeg","type":"image\/jpeg"}],"twitter_card":"summary_large_image","twitter_misc":{"Dur\u00e9e de lecture estim\u00e9e":"2 minutes"},"schema":{"@context":"https:\/\/schema.org","@graph":[{"@type":"WebPage","@id":"https:\/\/entwicklung-schweiz.ch\/fr\/themes\/","url":"https:\/\/entwicklung-schweiz.ch\/fr\/themes\/","name":"Th\u00e8mes - Entwicklung Schweiz","isPartOf":{"@id":"https:\/\/entwicklung-schweiz.ch\/#website"},"primaryImageOfPage":{"@id":"https:\/\/entwicklung-schweiz.ch\/fr\/themes\/#primaryimage"},"image":{"@id":"https:\/\/entwicklung-schweiz.ch\/fr\/themes\/#primaryimage"},"thumbnailUrl":"https:\/\/entwicklung-schweiz.ch\/wp-content\/uploads\/2024\/02\/fb83161496ebd322918062fcc2837d17.jpeg","datePublished":"2024-02-20T14:31:52+00:00","dateModified":"2024-05-22T08:53:58+00:00","breadcrumb":{"@id":"https:\/\/entwicklung-schweiz.ch\/fr\/themes\/#breadcrumb"},"inLanguage":"fr-FR","potentialAction":[{"@type":"ReadAction","target":["https:\/\/entwicklung-schweiz.ch\/fr\/themes\/"]}]},{"@type":"ImageObject","inLanguage":"fr-FR","@id":"https:\/\/entwicklung-schweiz.ch\/fr\/themes\/#primaryimage","url":"https:\/\/entwicklung-schweiz.ch\/wp-content\/uploads\/2024\/02\/fb83161496ebd322918062fcc2837d17.jpeg","contentUrl":"https:\/\/entwicklung-schweiz.ch\/wp-content\/uploads\/2024\/02\/fb83161496ebd322918062fcc2837d17.jpeg","width":1200,"height":720},{"@type":"BreadcrumbList","@id":"https:\/\/entwicklung-schweiz.ch\/fr\/themes\/#breadcrumb","itemListElement":[{"@type":"ListItem","position":1,"name":"Home","item":"https:\/\/entwicklung-schweiz.ch\/fr\/"},{"@type":"ListItem","position":2,"name":"Th\u00e8mes"}]},{"@type":"WebSite","@id":"https:\/\/entwicklung-schweiz.ch\/#website","url":"https:\/\/entwicklung-schweiz.ch\/","name":"Entwicklung Schweiz","description":"","publisher":{"@id":"https:\/\/entwicklung-schweiz.ch\/#organization"},"potentialAction":[{"@type":"SearchAction","target":{"@type":"EntryPoint","urlTemplate":"https:\/\/entwicklung-schweiz.ch\/?s={search_term_string}"},"query-input":"required name=search_term_string"}],"inLanguage":"fr-FR"},{"@type":"Organization","@id":"https:\/\/entwicklung-schweiz.ch\/#organization","name":"Entwicklung Schweiz","url":"https:\/\/entwicklung-schweiz.ch\/","logo":{"@type":"ImageObject","inLanguage":"fr-FR","@id":"https:\/\/entwicklung-schweiz.ch\/#\/schema\/logo\/image\/","url":"https:\/\/entwicklung-schweiz.ch\/wp-content\/uploads\/2024\/02\/Logo_colors.svg","contentUrl":"https:\/\/entwicklung-schweiz.ch\/wp-content\/uploads\/2024\/02\/Logo_colors.svg","width":243,"height":49,"caption":"Entwicklung Schweiz"},"image":{"@id":"https:\/\/entwicklung-schweiz.ch\/#\/schema\/logo\/image\/"}}]}},"_links":{"self":[{"href":"https:\/\/entwicklung-schweiz.ch\/fr\/wp-json\/wp\/v2\/pages\/1657"}],"collection":[{"href":"https:\/\/entwicklung-schweiz.ch\/fr\/wp-json\/wp\/v2\/pages"}],"about":[{"href":"https:\/\/entwicklung-schweiz.ch\/fr\/wp-json\/wp\/v2\/types\/page"}],"author":[{"embeddable":true,"href":"https:\/\/entwicklung-schweiz.ch\/fr\/wp-json\/wp\/v2\/users\/7"}],"replies":[{"embeddable":true,"href":"https:\/\/entwicklung-schweiz.ch\/fr\/wp-json\/wp\/v2\/comments?post=1657"}],"version-history":[{"count":5,"href":"https:\/\/entwicklung-schweiz.ch\/fr\/wp-json\/wp\/v2\/pages\/1657\/revisions"}],"predecessor-version":[{"id":1741,"href":"https:\/\/entwicklung-schweiz.ch\/fr\/wp-json\/wp\/v2\/pages\/1657\/revisions\/1741"}],"wp:featuredmedia":[{"embeddable":true,"href":"https:\/\/entwicklung-schweiz.ch\/fr\/wp-json\/wp\/v2\/media\/69"}],"wp:attachment":[{"href":"https:\/\/entwicklung-schweiz.ch\/fr\/wp-json\/wp\/v2\/media?parent=1657"}],"curies":[{"name":"wp","href":"https:\/\/api.w.org\/{rel}","templated":true}]}}