{"id":1660,"date":"2024-02-20T15:32:11","date_gmt":"2024-02-20T14:32:11","guid":{"rendered":"https:\/\/dev.entwicklung-schweiz.berta-bewegt.ch\/?page_id=1660"},"modified":"2025-10-16T13:22:33","modified_gmt":"2025-10-16T11:22:33","slug":"medias","status":"publish","type":"page","link":"https:\/\/entwicklung-schweiz.ch\/fr\/medias\/","title":{"rendered":"Actualit\u00e9s"},"content":{"rendered":"\n    <section class=\"custom-image-and-text-block\">\n                    <a href=\"https:\/\/entwicklung-schweiz.ch\/fr\/rapport-annuel-2024\/\" target=\"_blank\" >\n        \n                            <div class=\"image-part scrollMagic-block\" style=\"background-image: url('https:\/\/entwicklung-schweiz.ch\/wp-content\/uploads\/2025\/05\/Implenia-1200x598.jpg')\" data-uid=\"69fa44a74cfd6\"><\/div>\n            \n                            <div class=\"text-part scrollMagic-block\" data-uid=\"69fa44a74cffd\">\n                                            <p class=\"mb-0 small-on-mob text-red\">Rapport annuel<\/p>\n                    \n                                            <div class=\"title-divider\"><\/div>\n                        <h2 class=\"mb-0 h2-medium text-red\">Le secteur revient sur une ann\u00e9e 2024 mouvement\u00e9e. Le rapport.<\/h2>\n                                    <\/div>\n            \n                    <\/a>\n            <\/section>\n\n\n\n\n\n\n\n            <section class=\"posts-overview-block\" data-postsperpage=\"6\" data-maxnumpages=\"4\" data-paged=\"1\">\n\n                            <div class=\"posts-filter-block\">\n                    <span class=\"post-filter active\" data-id=\"\">Tous les<\/span>\n\n                                            <span class=\"post-filter\" data-id=\"58\">Association<\/span>\n                                            <span class=\"post-filter\" data-id=\"25\">Branche<\/span>\n                                            <span class=\"post-filter\" data-id=\"57\">Politique<\/span>\n                    \n                    <div class=\"title-divider\"><\/div>\n                <\/div>\n            \n            <div class=\"post-cards\">\n                        <div class=\"post-card scrollMagic-block delay-animation-0\" data-uid=\"69fa44a752647\">\n        <a href=\"https:\/\/entwicklung-schweiz.ch\/fr\/spick-met-laccent-sur-la-construction\/\" class=\"post-card-image-block\" style=\"background-image: url('https:\/\/entwicklung-schweiz.ch\/wp-content\/uploads\/2026\/05\/260504-Logo_Spick_titel-2.jpg')\">\n            <img decoding=\"async\" src=\"https:\/\/entwicklung-schweiz.ch\/wp-content\/themes\/entwicklung_schweiz\/assets\/images\/post_card_image_frame.png\" alt=\"Frame\" width=\"1px\" height=\"1px\" \/>\n        <\/a>\n\n        <div class=\"post-card-content-block\">\n            \n            <h3 class=\"small mb-0\">\n                <a href=\"https:\/\/entwicklung-schweiz.ch\/fr\/spick-met-laccent-sur-la-construction\/\">SPICK met l&rsquo;accent sur la construction<\/a>\n            <\/h3>\n        <\/div>\n    <\/div>\n            <div class=\"post-card scrollMagic-block delay-animation-1\" data-uid=\"69fa44a7533ea\">\n        <a href=\"https:\/\/entwicklung-schweiz.ch\/fr\/rappport-sur-le-postulat-visant-a-accelerer-les-procedures-de-planification-et-doctroi-des-permis-de-construire\/\" class=\"post-card-image-block\" style=\"background-image: url('https:\/\/entwicklung-schweiz.ch\/wp-content\/uploads\/2026\/04\/260422-Bundeshaus-800x600.png')\">\n            <img decoding=\"async\" src=\"https:\/\/entwicklung-schweiz.ch\/wp-content\/themes\/entwicklung_schweiz\/assets\/images\/post_card_image_frame.png\" alt=\"Frame\" width=\"1px\" height=\"1px\" \/>\n        <\/a>\n\n        <div class=\"post-card-content-block\">\n            \n            <h3 class=\"small mb-0\">\n                <a href=\"https:\/\/entwicklung-schweiz.ch\/fr\/rappport-sur-le-postulat-visant-a-accelerer-les-procedures-de-planification-et-doctroi-des-permis-de-construire\/\">Rappport sur le postulat visant \u00e0 acc\u00e9l\u00e9rer les proc\u00e9dures de planification et d&rsquo;octroi des permis de construire<\/a>\n            <\/h3>\n        <\/div>\n    <\/div>\n            <div class=\"post-card scrollMagic-block delay-animation-2\" data-uid=\"69fa44a754141\">\n        <a href=\"https:\/\/entwicklung-schweiz.ch\/fr\/une-offre-limitee-des-prix-eleves-la-recherche-dun-logement-reste-difficile\/\" class=\"post-card-image-block\" style=\"background-image: url('https:\/\/entwicklung-schweiz.ch\/wp-content\/uploads\/2026\/03\/260317-Bild-Wohnungsknappheit_1-800x533.png')\">\n            <img decoding=\"async\" src=\"https:\/\/entwicklung-schweiz.ch\/wp-content\/themes\/entwicklung_schweiz\/assets\/images\/post_card_image_frame.png\" alt=\"Frame\" width=\"1px\" height=\"1px\" \/>\n        <\/a>\n\n        <div class=\"post-card-content-block\">\n            \n            <h3 class=\"small mb-0\">\n                <a href=\"https:\/\/entwicklung-schweiz.ch\/fr\/une-offre-limitee-des-prix-eleves-la-recherche-dun-logement-reste-difficile\/\">Une offre limit\u00e9e, des prix \u00e9lev\u00e9s : la recherche d&rsquo;un logement reste difficile<\/a>\n            <\/h3>\n        <\/div>\n    <\/div>\n            <div class=\"post-card scrollMagic-block delay-animation-0\" data-uid=\"69fa44a754d20\">\n        <a href=\"https:\/\/entwicklung-schweiz.ch\/fr\/moniteur-des-marches-publics-hiver-2025-stabilisation-a-un-niveau-eleve\/\" class=\"post-card-image-block\" style=\"background-image: url('https:\/\/entwicklung-schweiz.ch\/wp-content\/uploads\/2026\/01\/260130-Bild-Beitrag-Vergabemonitor-800x533.png')\">\n            <img decoding=\"async\" src=\"https:\/\/entwicklung-schweiz.ch\/wp-content\/themes\/entwicklung_schweiz\/assets\/images\/post_card_image_frame.png\" alt=\"Frame\" width=\"1px\" height=\"1px\" \/>\n        <\/a>\n\n        <div class=\"post-card-content-block\">\n            \n            <h3 class=\"small mb-0\">\n                <a href=\"https:\/\/entwicklung-schweiz.ch\/fr\/moniteur-des-marches-publics-hiver-2025-stabilisation-a-un-niveau-eleve\/\">Moniteur des march\u00e9s publics hiver 2025 : stabilisation \u00e0 un niveau \u00e9lev\u00e9<\/a>\n            <\/h3>\n        <\/div>\n    <\/div>\n            <div class=\"post-card scrollMagic-block delay-animation-1\" data-uid=\"69fa44a755be2\">\n        <a href=\"https:\/\/entwicklung-schweiz.ch\/fr\/principales-modifications-du-droit-des-contrats-de-construction-revision-du-co-et-du-cc-au-1er-janvier-2026\/\" class=\"post-card-image-block\" style=\"background-image: url('https:\/\/entwicklung-schweiz.ch\/wp-content\/uploads\/2025\/12\/251215-Artikel-OR-Revision-800x533.png')\">\n            <img decoding=\"async\" src=\"https:\/\/entwicklung-schweiz.ch\/wp-content\/themes\/entwicklung_schweiz\/assets\/images\/post_card_image_frame.png\" alt=\"Frame\" width=\"1px\" height=\"1px\" \/>\n        <\/a>\n\n        <div class=\"post-card-content-block\">\n            \n            <h3 class=\"small mb-0\">\n                <a href=\"https:\/\/entwicklung-schweiz.ch\/fr\/principales-modifications-du-droit-des-contrats-de-construction-revision-du-co-et-du-cc-au-1er-janvier-2026\/\">Principales modifications du droit des contrats de construction (r\u00e9vision du CO et du CC) au 1er janvier 2026<\/a>\n            <\/h3>\n        <\/div>\n    <\/div>\n            <div class=\"post-card scrollMagic-block delay-animation-2\" data-uid=\"69fa44a756aec\">\n        <a href=\"https:\/\/entwicklung-schweiz.ch\/fr\/nouvelle-etude-de-la-fhnw-conflits-dobjectifs-difficiles-a-resoudre-dans-les-politiques-de-protection-du-logement-dans-les-villes-suisses\/\" class=\"post-card-image-block\" style=\"background-image: url('https:\/\/entwicklung-schweiz.ch\/wp-content\/uploads\/2025\/11\/Studie-FHNW-800x533.png')\">\n            <img decoding=\"async\" src=\"https:\/\/entwicklung-schweiz.ch\/wp-content\/themes\/entwicklung_schweiz\/assets\/images\/post_card_image_frame.png\" alt=\"Frame\" width=\"1px\" height=\"1px\" \/>\n        <\/a>\n\n        <div class=\"post-card-content-block\">\n            \n            <h3 class=\"small mb-0\">\n                <a href=\"https:\/\/entwicklung-schweiz.ch\/fr\/nouvelle-etude-de-la-fhnw-conflits-dobjectifs-difficiles-a-resoudre-dans-les-politiques-de-protection-du-logement-dans-les-villes-suisses\/\">Nouvelle \u00e9tude de la FHNW : conflits d&rsquo;objectifs difficiles \u00e0 r\u00e9soudre dans les politiques de protection du logement dans les villes suisses<\/a>\n            <\/h3>\n        <\/div>\n    <\/div>\n                <\/div>\n\n                            <div class=\"posts-load-more-btn-block\">\n                    <a href=\"#\" class=\"red-border-button big-btn \">charger plus<\/a>\n                <\/div>\n                    <\/section>\n    \n\n\n","protected":false},"excerpt":{"rendered":"","protected":false},"author":7,"featured_media":0,"parent":0,"menu_order":5,"comment_status":"closed","ping_status":"closed","template":"","meta":{"_acf_changed":false,"inline_featured_image":false,"_themeisle_gutenberg_block_has_review":false,"footnotes":""},"acf":[],"yoast_head":"<!-- This site is optimized with the Yoast SEO Premium plugin v22.7 (Yoast SEO v22.7) - https:\/\/yoast.com\/wordpress\/plugins\/seo\/ -->\n<title>Actualit\u00e9s - Entwicklung Schweiz<\/title>\n<meta name=\"robots\" content=\"index, follow, max-snippet:-1, max-image-preview:large, max-video-preview:-1\" \/>\n<link rel=\"canonical\" href=\"https:\/\/entwicklung-schweiz.ch\/fr\/medias\/\" \/>\n<meta property=\"og:locale\" content=\"fr_FR\" \/>\n<meta property=\"og:type\" content=\"article\" \/>\n<meta property=\"og:title\" content=\"Actualit\u00e9s\" \/>\n<meta property=\"og:url\" content=\"https:\/\/entwicklung-schweiz.ch\/fr\/medias\/\" \/>\n<meta property=\"og:site_name\" content=\"Entwicklung Schweiz\" \/>\n<meta property=\"article:modified_time\" content=\"2025-10-16T11:22:33+00:00\" \/>\n<meta name=\"twitter:card\" content=\"summary_large_image\" \/>\n<script type=\"application\/ld+json\" class=\"yoast-schema-graph\">{\"@context\":\"https:\/\/schema.org\",\"@graph\":[{\"@type\":\"WebPage\",\"@id\":\"https:\/\/entwicklung-schweiz.ch\/fr\/medias\/\",\"url\":\"https:\/\/entwicklung-schweiz.ch\/fr\/medias\/\",\"name\":\"Actualit\u00e9s - Entwicklung Schweiz\",\"isPartOf\":{\"@id\":\"https:\/\/entwicklung-schweiz.ch\/#website\"},\"datePublished\":\"2024-02-20T14:32:11+00:00\",\"dateModified\":\"2025-10-16T11:22:33+00:00\",\"breadcrumb\":{\"@id\":\"https:\/\/entwicklung-schweiz.ch\/fr\/medias\/#breadcrumb\"},\"inLanguage\":\"fr-FR\",\"potentialAction\":[{\"@type\":\"ReadAction\",\"target\":[\"https:\/\/entwicklung-schweiz.ch\/fr\/medias\/\"]}]},{\"@type\":\"BreadcrumbList\",\"@id\":\"https:\/\/entwicklung-schweiz.ch\/fr\/medias\/#breadcrumb\",\"itemListElement\":[{\"@type\":\"ListItem\",\"position\":1,\"name\":\"Home\",\"item\":\"https:\/\/entwicklung-schweiz.ch\/fr\/\"},{\"@type\":\"ListItem\",\"position\":2,\"name\":\"Actualit\u00e9s\"}]},{\"@type\":\"WebSite\",\"@id\":\"https:\/\/entwicklung-schweiz.ch\/#website\",\"url\":\"https:\/\/entwicklung-schweiz.ch\/\",\"name\":\"Entwicklung Schweiz\",\"description\":\"\",\"publisher\":{\"@id\":\"https:\/\/entwicklung-schweiz.ch\/#organization\"},\"potentialAction\":[{\"@type\":\"SearchAction\",\"target\":{\"@type\":\"EntryPoint\",\"urlTemplate\":\"https:\/\/entwicklung-schweiz.ch\/?s={search_term_string}\"},\"query-input\":\"required name=search_term_string\"}],\"inLanguage\":\"fr-FR\"},{\"@type\":\"Organization\",\"@id\":\"https:\/\/entwicklung-schweiz.ch\/#organization\",\"name\":\"Entwicklung Schweiz\",\"url\":\"https:\/\/entwicklung-schweiz.ch\/\",\"logo\":{\"@type\":\"ImageObject\",\"inLanguage\":\"fr-FR\",\"@id\":\"https:\/\/entwicklung-schweiz.ch\/#\/schema\/logo\/image\/\",\"url\":\"https:\/\/entwicklung-schweiz.ch\/wp-content\/uploads\/2024\/02\/Logo_colors.svg\",\"contentUrl\":\"https:\/\/entwicklung-schweiz.ch\/wp-content\/uploads\/2024\/02\/Logo_colors.svg\",\"width\":243,\"height\":49,\"caption\":\"Entwicklung Schweiz\"},\"image\":{\"@id\":\"https:\/\/entwicklung-schweiz.ch\/#\/schema\/logo\/image\/\"}}]}<\/script>\n<!-- \/ Yoast SEO Premium plugin. -->","yoast_head_json":{"title":"Actualit\u00e9s - Entwicklung Schweiz","robots":{"index":"index","follow":"follow","max-snippet":"max-snippet:-1","max-image-preview":"max-image-preview:large","max-video-preview":"max-video-preview:-1"},"canonical":"https:\/\/entwicklung-schweiz.ch\/fr\/medias\/","og_locale":"fr_FR","og_type":"article","og_title":"Actualit\u00e9s","og_url":"https:\/\/entwicklung-schweiz.ch\/fr\/medias\/","og_site_name":"Entwicklung Schweiz","article_modified_time":"2025-10-16T11:22:33+00:00","twitter_card":"summary_large_image","schema":{"@context":"https:\/\/schema.org","@graph":[{"@type":"WebPage","@id":"https:\/\/entwicklung-schweiz.ch\/fr\/medias\/","url":"https:\/\/entwicklung-schweiz.ch\/fr\/medias\/","name":"Actualit\u00e9s - Entwicklung Schweiz","isPartOf":{"@id":"https:\/\/entwicklung-schweiz.ch\/#website"},"datePublished":"2024-02-20T14:32:11+00:00","dateModified":"2025-10-16T11:22:33+00:00","breadcrumb":{"@id":"https:\/\/entwicklung-schweiz.ch\/fr\/medias\/#breadcrumb"},"inLanguage":"fr-FR","potentialAction":[{"@type":"ReadAction","target":["https:\/\/entwicklung-schweiz.ch\/fr\/medias\/"]}]},{"@type":"BreadcrumbList","@id":"https:\/\/entwicklung-schweiz.ch\/fr\/medias\/#breadcrumb","itemListElement":[{"@type":"ListItem","position":1,"name":"Home","item":"https:\/\/entwicklung-schweiz.ch\/fr\/"},{"@type":"ListItem","position":2,"name":"Actualit\u00e9s"}]},{"@type":"WebSite","@id":"https:\/\/entwicklung-schweiz.ch\/#website","url":"https:\/\/entwicklung-schweiz.ch\/","name":"Entwicklung Schweiz","description":"","publisher":{"@id":"https:\/\/entwicklung-schweiz.ch\/#organization"},"potentialAction":[{"@type":"SearchAction","target":{"@type":"EntryPoint","urlTemplate":"https:\/\/entwicklung-schweiz.ch\/?s={search_term_string}"},"query-input":"required name=search_term_string"}],"inLanguage":"fr-FR"},{"@type":"Organization","@id":"https:\/\/entwicklung-schweiz.ch\/#organization","name":"Entwicklung Schweiz","url":"https:\/\/entwicklung-schweiz.ch\/","logo":{"@type":"ImageObject","inLanguage":"fr-FR","@id":"https:\/\/entwicklung-schweiz.ch\/#\/schema\/logo\/image\/","url":"https:\/\/entwicklung-schweiz.ch\/wp-content\/uploads\/2024\/02\/Logo_colors.svg","contentUrl":"https:\/\/entwicklung-schweiz.ch\/wp-content\/uploads\/2024\/02\/Logo_colors.svg","width":243,"height":49,"caption":"Entwicklung Schweiz"},"image":{"@id":"https:\/\/entwicklung-schweiz.ch\/#\/schema\/logo\/image\/"}}]}},"_links":{"self":[{"href":"https:\/\/entwicklung-schweiz.ch\/fr\/wp-json\/wp\/v2\/pages\/1660"}],"collection":[{"href":"https:\/\/entwicklung-schweiz.ch\/fr\/wp-json\/wp\/v2\/pages"}],"about":[{"href":"https:\/\/entwicklung-schweiz.ch\/fr\/wp-json\/wp\/v2\/types\/page"}],"author":[{"embeddable":true,"href":"https:\/\/entwicklung-schweiz.ch\/fr\/wp-json\/wp\/v2\/users\/7"}],"replies":[{"embeddable":true,"href":"https:\/\/entwicklung-schweiz.ch\/fr\/wp-json\/wp\/v2\/comments?post=1660"}],"version-history":[{"count":7,"href":"https:\/\/entwicklung-schweiz.ch\/fr\/wp-json\/wp\/v2\/pages\/1660\/revisions"}],"predecessor-version":[{"id":3105,"href":"https:\/\/entwicklung-schweiz.ch\/fr\/wp-json\/wp\/v2\/pages\/1660\/revisions\/3105"}],"wp:attachment":[{"href":"https:\/\/entwicklung-schweiz.ch\/fr\/wp-json\/wp\/v2\/media?parent=1660"}],"curies":[{"name":"wp","href":"https:\/\/api.w.org\/{rel}","templated":true}]}}