{"id":1662,"date":"2024-02-20T15:32:00","date_gmt":"2024-02-20T14:32:00","guid":{"rendered":"https:\/\/dev.entwicklung-schweiz.berta-bewegt.ch\/?page_id=1662"},"modified":"2024-05-22T11:39:18","modified_gmt":"2024-05-22T09:39:18","slug":"membres","status":"publish","type":"page","link":"https:\/\/entwicklung-schweiz.ch\/fr\/membres\/","title":{"rendered":"Membres"},"content":{"rendered":"\n<p>Nos membres sont des entrepreneurs g\u00e9n\u00e9raux et des d\u00e9veloppeurs qui, en assumant les risques entrepreneuriaux, permettent de r\u00e9aliser de gros projets complexes en collaboration avec les ma\u00eetres d\u2019ouvrage. Forts d\u2019environ 4500 salari\u00e9s, ils accomplissent jour apr\u00e8s jour de grandes choses.&nbsp;<\/p>\n\n\n\n<p>Leur succ\u00e8s d\u00e9pend largement du cadre politique et des processus administratifs. Dans notre association, ces membres trouvent l\u2019organisation solide qui leur convient, qui d\u00e9fend activement leurs int\u00e9r\u00eats et qui est une voix forte en politique, aupr\u00e8s de l\u2019administration et du public.&nbsp;&nbsp;<\/p>\n\n\n\n<p>Avec nos partenaires associ\u00e9s, nous disposons d\u2019un \u00e9cosyst\u00e8me \u00e9tendu qui favorise l\u2019importante collaboration au sein du secteur de la construction et de l\u2019immobilier. Celle-ci est primordiale pour un succ\u00e8s durable, surtout au regard des d\u00e9fis actuels li\u00e9s \u00e0 l\u2019\u00e9conomie circulaire, au z\u00e9ro \u00e9mission nette, aux cha\u00eenes d\u2019approvisionnement tendues et \u00e0 la num\u00e9risation.<\/p>\n\n\n\n            <section class=\"page-card-block page-card-block-mb-bigger \">\n            \n            <div class=\"page-card-image-block-mob scrollMagic-block\" style=\"background-image: url('https:\/\/entwicklung-schweiz.ch\/wp-content\/uploads\/2024\/02\/b0df5bbd57ae3e03954da3d3c1af5149-1200x848.jpeg')\" data-uid=\"69e60bcec3d3e\">\n                <img decoding=\"async\" src=\"https:\/\/entwicklung-schweiz.ch\/wp-content\/themes\/entwicklung_schweiz\/assets\/images\/page_card_image_frame.png\" alt=\"Frame\" width=\"1px\" height=\"1px\" \/>\n            <\/div>\n\n            <div class=\"page-card-content-block  bg-color-white border-color-red_dark  scrollMagic-block\" data-uid=\"69e60bcec3769\">\n                <div class=\"page-card-top-block\">\n                                            <h2 class=\"mb-0 word-break-on h2-big text-red_dark\">Nos membres<\/h2>\n                                    <\/div>\n\n                                    <div class=\"page-card-middle-block\">\n                        <p class=\"mb-0 card-description-bigger text-red_dark\">D\u00e9couvrez nos membres.\r\n<\/p>\n                    <\/div>\n                \n                <div class=\"page-card-buttons-block\">\n                    \n                    <a href=\"https:\/\/entwicklung-schweiz.ch\/fr\/membres\/nos-membres\/\" class=\"red_dark-border-button \" >En savoir plus<\/a>\n                <\/div>\n            <\/div>\n\n            <div class=\"page-card-image-block scrollMagic-block delay-animation-1\" style=\"background-image: url('https:\/\/entwicklung-schweiz.ch\/wp-content\/uploads\/2024\/02\/b0df5bbd57ae3e03954da3d3c1af5149-1200x848.jpeg')\" data-uid=\"69e60bcec3769\">\n                <img decoding=\"async\" src=\"https:\/\/entwicklung-schweiz.ch\/wp-content\/themes\/entwicklung_schweiz\/assets\/images\/page_card_image_frame.png\" alt=\"Frame\" width=\"1px\" height=\"1px\" \/>\n            <\/div>\n        <\/section>\n    \n\n\n\n<h2 class=\"wp-block-heading\"><strong>Nos projets<\/strong><\/h2>\n\n\n\n<p>Nos membres sont des entreprises qui assument des risques afin de construire la Suisse de demain pour nous tous, avec des r\u00e9sultats r\u00e9els, solides, concrets et durables! Aussi nombreux que vari\u00e9s, les projets montrent ce dont les humains dans les entreprises sont capables et ce qu\u2019ils peuvent accomplir avec les partenaires ad\u00e9quats. Ces projets font notre fiert\u00e9 et prouvent, jour apr\u00e8s jour, que nous avons tout ce qu\u2019il faut pour non seulement imaginer aujourd\u2019hui la Suisse de demain, mais aussi la construire.<\/p>\n\n\n\n            <section class=\"page-card-block page-card-block-mb-bigger \">\n            \n            <div class=\"page-card-image-block-mob scrollMagic-block\" style=\"background-image: url('https:\/\/entwicklung-schweiz.ch\/wp-content\/uploads\/2024\/02\/63eb94c2e04d360e82192cccb9cc5d27-1200x752.jpeg')\" data-uid=\"69e60bcec547c\">\n                <img decoding=\"async\" src=\"https:\/\/entwicklung-schweiz.ch\/wp-content\/themes\/entwicklung_schweiz\/assets\/images\/page_card_image_frame.png\" alt=\"Frame\" width=\"1px\" height=\"1px\" \/>\n            <\/div>\n\n            <div class=\"page-card-content-block  bg-color-white border-color-red_dark  scrollMagic-block\" data-uid=\"69e60bcec4e30\">\n                <div class=\"page-card-top-block\">\n                                            <h2 class=\"mb-0 word-break-on h2-big text-red_dark\">Projets<\/h2>\n                                    <\/div>\n\n                                    <div class=\"page-card-middle-block\">\n                        <p class=\"mb-0 card-description-bigger text-red_dark\">D\u00e9couvrez tous les projets de nos membres.\r\n<\/p>\n                    <\/div>\n                \n                <div class=\"page-card-buttons-block\">\n                    \n                    <a href=\"https:\/\/entwicklung-schweiz.ch\/fr\/membres\/projets-phares\/\" class=\"red_dark-border-button \" >En savoir plus<\/a>\n                <\/div>\n            <\/div>\n\n            <div class=\"page-card-image-block scrollMagic-block delay-animation-1\" style=\"background-image: url('https:\/\/entwicklung-schweiz.ch\/wp-content\/uploads\/2024\/02\/63eb94c2e04d360e82192cccb9cc5d27-1200x752.jpeg')\" data-uid=\"69e60bcec4e30\">\n                <img decoding=\"async\" src=\"https:\/\/entwicklung-schweiz.ch\/wp-content\/themes\/entwicklung_schweiz\/assets\/images\/page_card_image_frame.png\" alt=\"Frame\" width=\"1px\" height=\"1px\" \/>\n            <\/div>\n        <\/section>\n    \n","protected":false},"excerpt":{"rendered":"<p>Nos membres sont des entrepreneurs g\u00e9n\u00e9raux et des d\u00e9veloppeurs qui, en assumant les risques entrepreneuriaux, permettent de r\u00e9aliser de gros projets complexes en collaboration avec les ma\u00eetres d\u2019ouvrage. Forts d\u2019environ 4500 salari\u00e9s, ils accomplissent jour apr\u00e8s jour de grandes choses.&nbsp; Leur succ\u00e8s d\u00e9pend largement du cadre politique et des processus administratifs. Dans notre association, ces [&hellip;]<\/p>\n","protected":false},"author":7,"featured_media":66,"parent":0,"menu_order":6,"comment_status":"closed","ping_status":"closed","template":"","meta":{"_acf_changed":false,"inline_featured_image":false,"_themeisle_gutenberg_block_has_review":false,"footnotes":""},"acf":[],"yoast_head":"<!-- This site is optimized with the Yoast SEO Premium plugin v22.7 (Yoast SEO v22.7) - https:\/\/yoast.com\/wordpress\/plugins\/seo\/ -->\n<title>Membres - Entwicklung Schweiz<\/title>\n<meta name=\"robots\" content=\"index, follow, max-snippet:-1, max-image-preview:large, max-video-preview:-1\" \/>\n<link rel=\"canonical\" href=\"https:\/\/entwicklung-schweiz.ch\/fr\/membres\/\" \/>\n<meta property=\"og:locale\" content=\"fr_FR\" \/>\n<meta property=\"og:type\" content=\"article\" \/>\n<meta property=\"og:title\" content=\"Membres\" \/>\n<meta property=\"og:description\" content=\"Nos membres sont des entrepreneurs g\u00e9n\u00e9raux et des d\u00e9veloppeurs qui, en assumant les risques entrepreneuriaux, permettent de r\u00e9aliser de gros projets complexes en collaboration avec les ma\u00eetres d\u2019ouvrage. Forts d\u2019environ 4500 salari\u00e9s, ils accomplissent jour apr\u00e8s jour de grandes choses.&nbsp; Leur succ\u00e8s d\u00e9pend largement du cadre politique et des processus administratifs. Dans notre association, ces [&hellip;]\" \/>\n<meta property=\"og:url\" content=\"https:\/\/entwicklung-schweiz.ch\/fr\/membres\/\" \/>\n<meta property=\"og:site_name\" content=\"Entwicklung Schweiz\" \/>\n<meta property=\"article:modified_time\" content=\"2024-05-22T09:39:18+00:00\" \/>\n<meta property=\"og:image\" content=\"https:\/\/entwicklung-schweiz.ch\/wp-content\/uploads\/2024\/02\/b0df5bbd57ae3e03954da3d3c1af5149.jpeg\" \/>\n\t<meta property=\"og:image:width\" content=\"1380\" \/>\n\t<meta property=\"og:image:height\" content=\"975\" \/>\n\t<meta property=\"og:image:type\" content=\"image\/jpeg\" \/>\n<meta name=\"twitter:card\" content=\"summary_large_image\" \/>\n<meta name=\"twitter:label1\" content=\"Dur\u00e9e de lecture estim\u00e9e\" \/>\n\t<meta name=\"twitter:data1\" content=\"2 minutes\" \/>\n<script type=\"application\/ld+json\" class=\"yoast-schema-graph\">{\"@context\":\"https:\/\/schema.org\",\"@graph\":[{\"@type\":\"WebPage\",\"@id\":\"https:\/\/entwicklung-schweiz.ch\/fr\/membres\/\",\"url\":\"https:\/\/entwicklung-schweiz.ch\/fr\/membres\/\",\"name\":\"Membres - Entwicklung Schweiz\",\"isPartOf\":{\"@id\":\"https:\/\/entwicklung-schweiz.ch\/#website\"},\"primaryImageOfPage\":{\"@id\":\"https:\/\/entwicklung-schweiz.ch\/fr\/membres\/#primaryimage\"},\"image\":{\"@id\":\"https:\/\/entwicklung-schweiz.ch\/fr\/membres\/#primaryimage\"},\"thumbnailUrl\":\"https:\/\/entwicklung-schweiz.ch\/wp-content\/uploads\/2024\/02\/b0df5bbd57ae3e03954da3d3c1af5149.jpeg\",\"datePublished\":\"2024-02-20T14:32:00+00:00\",\"dateModified\":\"2024-05-22T09:39:18+00:00\",\"breadcrumb\":{\"@id\":\"https:\/\/entwicklung-schweiz.ch\/fr\/membres\/#breadcrumb\"},\"inLanguage\":\"fr-FR\",\"potentialAction\":[{\"@type\":\"ReadAction\",\"target\":[\"https:\/\/entwicklung-schweiz.ch\/fr\/membres\/\"]}]},{\"@type\":\"ImageObject\",\"inLanguage\":\"fr-FR\",\"@id\":\"https:\/\/entwicklung-schweiz.ch\/fr\/membres\/#primaryimage\",\"url\":\"https:\/\/entwicklung-schweiz.ch\/wp-content\/uploads\/2024\/02\/b0df5bbd57ae3e03954da3d3c1af5149.jpeg\",\"contentUrl\":\"https:\/\/entwicklung-schweiz.ch\/wp-content\/uploads\/2024\/02\/b0df5bbd57ae3e03954da3d3c1af5149.jpeg\",\"width\":1380,\"height\":975},{\"@type\":\"BreadcrumbList\",\"@id\":\"https:\/\/entwicklung-schweiz.ch\/fr\/membres\/#breadcrumb\",\"itemListElement\":[{\"@type\":\"ListItem\",\"position\":1,\"name\":\"Home\",\"item\":\"https:\/\/entwicklung-schweiz.ch\/fr\/\"},{\"@type\":\"ListItem\",\"position\":2,\"name\":\"Membres\"}]},{\"@type\":\"WebSite\",\"@id\":\"https:\/\/entwicklung-schweiz.ch\/#website\",\"url\":\"https:\/\/entwicklung-schweiz.ch\/\",\"name\":\"Entwicklung Schweiz\",\"description\":\"\",\"publisher\":{\"@id\":\"https:\/\/entwicklung-schweiz.ch\/#organization\"},\"potentialAction\":[{\"@type\":\"SearchAction\",\"target\":{\"@type\":\"EntryPoint\",\"urlTemplate\":\"https:\/\/entwicklung-schweiz.ch\/?s={search_term_string}\"},\"query-input\":\"required name=search_term_string\"}],\"inLanguage\":\"fr-FR\"},{\"@type\":\"Organization\",\"@id\":\"https:\/\/entwicklung-schweiz.ch\/#organization\",\"name\":\"Entwicklung Schweiz\",\"url\":\"https:\/\/entwicklung-schweiz.ch\/\",\"logo\":{\"@type\":\"ImageObject\",\"inLanguage\":\"fr-FR\",\"@id\":\"https:\/\/entwicklung-schweiz.ch\/#\/schema\/logo\/image\/\",\"url\":\"https:\/\/entwicklung-schweiz.ch\/wp-content\/uploads\/2024\/02\/Logo_colors.svg\",\"contentUrl\":\"https:\/\/entwicklung-schweiz.ch\/wp-content\/uploads\/2024\/02\/Logo_colors.svg\",\"width\":243,\"height\":49,\"caption\":\"Entwicklung Schweiz\"},\"image\":{\"@id\":\"https:\/\/entwicklung-schweiz.ch\/#\/schema\/logo\/image\/\"}}]}<\/script>\n<!-- \/ Yoast SEO Premium plugin. -->","yoast_head_json":{"title":"Membres - Entwicklung Schweiz","robots":{"index":"index","follow":"follow","max-snippet":"max-snippet:-1","max-image-preview":"max-image-preview:large","max-video-preview":"max-video-preview:-1"},"canonical":"https:\/\/entwicklung-schweiz.ch\/fr\/membres\/","og_locale":"fr_FR","og_type":"article","og_title":"Membres","og_description":"Nos membres sont des entrepreneurs g\u00e9n\u00e9raux et des d\u00e9veloppeurs qui, en assumant les risques entrepreneuriaux, permettent de r\u00e9aliser de gros projets complexes en collaboration avec les ma\u00eetres d\u2019ouvrage. Forts d\u2019environ 4500 salari\u00e9s, ils accomplissent jour apr\u00e8s jour de grandes choses.&nbsp; Leur succ\u00e8s d\u00e9pend largement du cadre politique et des processus administratifs. Dans notre association, ces [&hellip;]","og_url":"https:\/\/entwicklung-schweiz.ch\/fr\/membres\/","og_site_name":"Entwicklung Schweiz","article_modified_time":"2024-05-22T09:39:18+00:00","og_image":[{"width":1380,"height":975,"url":"https:\/\/entwicklung-schweiz.ch\/wp-content\/uploads\/2024\/02\/b0df5bbd57ae3e03954da3d3c1af5149.jpeg","type":"image\/jpeg"}],"twitter_card":"summary_large_image","twitter_misc":{"Dur\u00e9e de lecture estim\u00e9e":"2 minutes"},"schema":{"@context":"https:\/\/schema.org","@graph":[{"@type":"WebPage","@id":"https:\/\/entwicklung-schweiz.ch\/fr\/membres\/","url":"https:\/\/entwicklung-schweiz.ch\/fr\/membres\/","name":"Membres - Entwicklung Schweiz","isPartOf":{"@id":"https:\/\/entwicklung-schweiz.ch\/#website"},"primaryImageOfPage":{"@id":"https:\/\/entwicklung-schweiz.ch\/fr\/membres\/#primaryimage"},"image":{"@id":"https:\/\/entwicklung-schweiz.ch\/fr\/membres\/#primaryimage"},"thumbnailUrl":"https:\/\/entwicklung-schweiz.ch\/wp-content\/uploads\/2024\/02\/b0df5bbd57ae3e03954da3d3c1af5149.jpeg","datePublished":"2024-02-20T14:32:00+00:00","dateModified":"2024-05-22T09:39:18+00:00","breadcrumb":{"@id":"https:\/\/entwicklung-schweiz.ch\/fr\/membres\/#breadcrumb"},"inLanguage":"fr-FR","potentialAction":[{"@type":"ReadAction","target":["https:\/\/entwicklung-schweiz.ch\/fr\/membres\/"]}]},{"@type":"ImageObject","inLanguage":"fr-FR","@id":"https:\/\/entwicklung-schweiz.ch\/fr\/membres\/#primaryimage","url":"https:\/\/entwicklung-schweiz.ch\/wp-content\/uploads\/2024\/02\/b0df5bbd57ae3e03954da3d3c1af5149.jpeg","contentUrl":"https:\/\/entwicklung-schweiz.ch\/wp-content\/uploads\/2024\/02\/b0df5bbd57ae3e03954da3d3c1af5149.jpeg","width":1380,"height":975},{"@type":"BreadcrumbList","@id":"https:\/\/entwicklung-schweiz.ch\/fr\/membres\/#breadcrumb","itemListElement":[{"@type":"ListItem","position":1,"name":"Home","item":"https:\/\/entwicklung-schweiz.ch\/fr\/"},{"@type":"ListItem","position":2,"name":"Membres"}]},{"@type":"WebSite","@id":"https:\/\/entwicklung-schweiz.ch\/#website","url":"https:\/\/entwicklung-schweiz.ch\/","name":"Entwicklung Schweiz","description":"","publisher":{"@id":"https:\/\/entwicklung-schweiz.ch\/#organization"},"potentialAction":[{"@type":"SearchAction","target":{"@type":"EntryPoint","urlTemplate":"https:\/\/entwicklung-schweiz.ch\/?s={search_term_string}"},"query-input":"required name=search_term_string"}],"inLanguage":"fr-FR"},{"@type":"Organization","@id":"https:\/\/entwicklung-schweiz.ch\/#organization","name":"Entwicklung Schweiz","url":"https:\/\/entwicklung-schweiz.ch\/","logo":{"@type":"ImageObject","inLanguage":"fr-FR","@id":"https:\/\/entwicklung-schweiz.ch\/#\/schema\/logo\/image\/","url":"https:\/\/entwicklung-schweiz.ch\/wp-content\/uploads\/2024\/02\/Logo_colors.svg","contentUrl":"https:\/\/entwicklung-schweiz.ch\/wp-content\/uploads\/2024\/02\/Logo_colors.svg","width":243,"height":49,"caption":"Entwicklung Schweiz"},"image":{"@id":"https:\/\/entwicklung-schweiz.ch\/#\/schema\/logo\/image\/"}}]}},"_links":{"self":[{"href":"https:\/\/entwicklung-schweiz.ch\/fr\/wp-json\/wp\/v2\/pages\/1662"}],"collection":[{"href":"https:\/\/entwicklung-schweiz.ch\/fr\/wp-json\/wp\/v2\/pages"}],"about":[{"href":"https:\/\/entwicklung-schweiz.ch\/fr\/wp-json\/wp\/v2\/types\/page"}],"author":[{"embeddable":true,"href":"https:\/\/entwicklung-schweiz.ch\/fr\/wp-json\/wp\/v2\/users\/7"}],"replies":[{"embeddable":true,"href":"https:\/\/entwicklung-schweiz.ch\/fr\/wp-json\/wp\/v2\/comments?post=1662"}],"version-history":[{"count":4,"href":"https:\/\/entwicklung-schweiz.ch\/fr\/wp-json\/wp\/v2\/pages\/1662\/revisions"}],"predecessor-version":[{"id":1755,"href":"https:\/\/entwicklung-schweiz.ch\/fr\/wp-json\/wp\/v2\/pages\/1662\/revisions\/1755"}],"wp:featuredmedia":[{"embeddable":true,"href":"https:\/\/entwicklung-schweiz.ch\/fr\/wp-json\/wp\/v2\/media\/66"}],"wp:attachment":[{"href":"https:\/\/entwicklung-schweiz.ch\/fr\/wp-json\/wp\/v2\/media?parent=1662"}],"curies":[{"name":"wp","href":"https:\/\/api.w.org\/{rel}","templated":true}]}}