{"id":1696,"date":"2024-02-21T15:05:14","date_gmt":"2024-02-21T14:05:14","guid":{"rendered":"https:\/\/dev.entwicklung-schweiz.berta-bewegt.ch\/?page_id=1696"},"modified":"2025-06-11T13:56:50","modified_gmt":"2025-06-11T11:56:50","slug":"politique","status":"publish","type":"page","link":"https:\/\/entwicklung-schweiz.ch\/fr\/themes\/politique\/","title":{"rendered":"Politique"},"content":{"rendered":"\n<p>Dans le domaine politique, le mod\u00e8le de r\u00e9ussite suisse repose notamment sur sa l\u00e9gislation fa\u00e7onn\u00e9e non par les puissants, mais par les parties directement concern\u00e9es. Associ\u00e9es au sein de D\u00e9veloppement Suisse (DS), les entreprises g\u00e9n\u00e9rales s\u2019engagent en faveur d\u2019un cadre l\u00e9gislatif adapt\u00e9 \u00e0 la pratique qui leur permet de construire dans l\u2019int\u00e9r\u00eat du pays et de ses habitants. Apr\u00e8s tout, la loi est le premier architecte d\u2019un projet de construction.&nbsp;<\/p>\n\n\n\n<h2 class=\"wp-block-heading\" id=\"h-nos-activites-sur-le-plan-politique\"><strong>Nos activit\u00e9s sur le plan politique<\/strong><\/h2>\n\n\n\n<p>Tout comme les entreprises g\u00e9n\u00e9rales assument les projets de construction du d\u00e9veloppement \u00e0 la r\u00e9alisation, DS suit les modifications de lois qui concernent le secteur, de la premi\u00e8re mise en consultation \u00e0 la derni\u00e8re ordonnance. Outre des \u00e9crits sur des modifications l\u00e9gislatives concr\u00e8tes, DS utilise les publications et manifestations pour d\u00e9montrer la valeur ajout\u00e9e du mod\u00e8le de prestations g\u00e9n\u00e9rales aux responsables politiques et au public.<\/p>\n\n\n\n<h2 class=\"wp-block-heading\" id=\"h-themes-que-nous-traitons\"><strong>Th\u00e8mes que nous traitons<\/strong><\/h2>\n\n\n\n<ul class=\"wp-block-list\">\n<li>Am\u00e9nagement du territoire<\/li>\n\n\n\n<li>Exigences environnementales<\/li>\n\n\n\n<li>R\u00e8gles de s\u00e9curit\u00e9<\/li>\n\n\n\n<li>March\u00e9s publics<\/li>\n<\/ul>\n\n\n\n            <section class=\"accordion-block\">\n            <div class=\"accordion\">\n                                    <div class=\"accordion-item\">\n                        <div class=\"accordion-item-header-block bg-color-blue border-color-blue\" data-number=\"1\">\n                            <h3 class=\"mb-0 text-white\"><strong>Documents de position<\/strong><\/h3>\n                        <\/div>\n\n                        <div class=\"accordion-item-content-block border-color-blue\">\n                            <div class=\"accordion-item-content-inner-block\">\n                                                                            <div><a href=\"https:\/\/entwicklung-schweiz.ch\/wp-content\/uploads\/2025\/06\/Positionspapier-Entwicklung-Schweiz-Wohnungsknappheit-FR.pdf\" class=\"mb-0 link-hover-color-blue\">P\u00e9nurie de logements<\/a><\/div>\n                                                                                    <div><a href=\"https:\/\/entwicklung-schweiz.ch\/wp-content\/uploads\/2024\/05\/es_positionspapier_qualitaet_f.pdf\" class=\"mb-0 link-hover-color-blue\">Qualit\u00e9<\/a><\/div>\n                                                                                    <div><a href=\"https:\/\/entwicklung-schweiz.ch\/wp-content\/uploads\/2024\/05\/es_handout_zusammenarbeitsmodell_f.pdf\" class=\"mb-0 link-hover-color-blue\">Le bon mod\u00e8le de collaboration<\/a><\/div>\n                                                                                    <div><a href=\"https:\/\/entwicklung-schweiz.ch\/wp-content\/uploads\/2024\/05\/es_positionspapier_baukultur_f.pdf\" class=\"mb-0 link-hover-color-blue\">Culture du b\u00e2ti<\/a><\/div>\n                                                                                    <div><a href=\"https:\/\/entwicklung-schweiz.ch\/wp-content\/uploads\/2024\/05\/ds_prise_de_position_amenagement_du_territoire.pdf\" class=\"mb-0 link-hover-color-blue\">Am\u00e9nagement du territoire<\/a><\/div>\n                                                                                    <div><a href=\"https:\/\/entwicklung-schweiz.ch\/wp-content\/uploads\/2024\/05\/ds_prise_de_position_developpement_de_quartiers_et_de_zones.pdf\" class=\"mb-0 link-hover-color-blue\">D\u00e9veloppement de quartiers et de zones<\/a><\/div>\n                                                                                    <div><a href=\"https:\/\/entwicklung-schweiz.ch\/wp-content\/uploads\/2024\/05\/ds_prise_de_position_energie.pdf\" class=\"mb-0 link-hover-color-blue\">Energie<\/a><\/div>\n                                                                    <\/div>\n                        <\/div>\n                    <\/div>\n                            <\/div>\n        <\/section>\n    \n\n\n\n\n\n<h2 class=\"wp-block-heading\" id=\"h-nos-principaux-interlocuteurs-politiques\"><strong>Nos principaux interlocuteurs politiques<\/strong><\/h2>\n\n\n\n<ul class=\"wp-block-list\">\n<li>D\u00e9partement f\u00e9d\u00e9ral de l\u2019environnement, des transports, de l\u2019\u00e9nergie et de la communication (DETEC)<\/li>\n\n\n\n<li>D\u00e9partement f\u00e9d\u00e9ral de l\u2019\u00e9conomie, de la formation et de la recherche (DEFR)<\/li>\n\n\n\n<li>Commissions\n<ul class=\"wp-block-list\">\n<li>de l\u2019environnement, de l\u2019am\u00e9nagement du territoire et de l\u2019\u00e9nergie (CEATE)<\/li>\n\n\n\n<li>de l\u2019\u00e9conomie et des redevances (CER)&nbsp;<\/li>\n\n\n\n<li>des affaires juridiques (CAJ)<\/li>\n<\/ul>\n<\/li>\n\n\n\n<li>Conf\u00e9rence suisse des directeurs des travaux publics, de l\u2019am\u00e9nagement du territoire et de l\u2019environnement (DTAP)&nbsp;<\/li>\n<\/ul>\n\n\n\n<h2 class=\"wp-block-heading\" id=\"h-nos-contacts-au-parlement\"><strong>Nos contacts au Parlement<\/strong><\/h2>\n\n\n\n<p>DS entretient des \u00e9changes avec tous les partis et parlementaires qui d\u00e9fendent une activit\u00e9 de construction durable et ax\u00e9e sur la demande. Martin Schmid, conseiller aux \u00c9tats et pr\u00e9sident de DS, veille \u00e0 ce que les entrepreneurs g\u00e9n\u00e9raux tiennent compte de l\u2019int\u00e9r\u00eat g\u00e9n\u00e9ral lorsqu\u2019ils font valoir leurs pr\u00e9occupations sur le plan de la politique f\u00e9d\u00e9rale.<\/p>\n\n\n\n<h2 class=\"wp-block-heading\" id=\"h-linkedin\"><strong>LinkedIn<\/strong><\/h2>\n\n\n\n<p>Suivez D\u00e9veloppement Suisse sur&nbsp;<a href=\"https:\/\/www.linkedin.com\/company\/entwicklung-schweiz\/\">LinkedIn<\/a> pour rester au courant de l\u2019\u00e9volution politique touchant le secteur.&nbsp;<\/p>\n","protected":false},"excerpt":{"rendered":"<p>Dans le domaine politique, le mod\u00e8le de r\u00e9ussite suisse repose notamment sur sa l\u00e9gislation fa\u00e7onn\u00e9e non par les puissants, mais par les parties directement concern\u00e9es. Associ\u00e9es au sein de D\u00e9veloppement Suisse (DS), les entreprises g\u00e9n\u00e9rales s\u2019engagent en faveur d\u2019un cadre l\u00e9gislatif adapt\u00e9 \u00e0 la pratique qui leur permet de construire dans l\u2019int\u00e9r\u00eat du pays et [&hellip;]<\/p>\n","protected":false},"author":7,"featured_media":66,"parent":1657,"menu_order":0,"comment_status":"closed","ping_status":"closed","template":"","meta":{"_acf_changed":false,"inline_featured_image":false,"_themeisle_gutenberg_block_has_review":false,"footnotes":""},"class_list":["post-1696","page","type-page","status-publish","has-post-thumbnail","hentry"],"acf":[],"yoast_head":"<!-- This site is optimized with the Yoast SEO Premium plugin v22.7 (Yoast SEO v27.5) - https:\/\/yoast.com\/product\/yoast-seo-premium-wordpress\/ -->\n<title>Politique - Entwicklung Schweiz<\/title>\n<meta name=\"robots\" content=\"index, follow, max-snippet:-1, max-image-preview:large, max-video-preview:-1\" \/>\n<link rel=\"canonical\" href=\"https:\/\/entwicklung-schweiz.ch\/fr\/themes\/politique\/\" \/>\n<meta property=\"og:locale\" content=\"fr_FR\" \/>\n<meta property=\"og:type\" content=\"article\" \/>\n<meta property=\"og:title\" content=\"Politique\" \/>\n<meta property=\"og:description\" content=\"Dans le domaine politique, le mod\u00e8le de r\u00e9ussite suisse repose notamment sur sa l\u00e9gislation fa\u00e7onn\u00e9e non par les puissants, mais par les parties directement concern\u00e9es. Associ\u00e9es au sein de D\u00e9veloppement Suisse (DS), les entreprises g\u00e9n\u00e9rales s\u2019engagent en faveur d\u2019un cadre l\u00e9gislatif adapt\u00e9 \u00e0 la pratique qui leur permet de construire dans l\u2019int\u00e9r\u00eat du pays et [&hellip;]\" \/>\n<meta property=\"og:url\" content=\"https:\/\/entwicklung-schweiz.ch\/fr\/themes\/politique\/\" \/>\n<meta property=\"og:site_name\" content=\"Entwicklung Schweiz\" \/>\n<meta property=\"article:modified_time\" content=\"2025-06-11T11:56:50+00:00\" \/>\n<meta property=\"og:image\" content=\"https:\/\/entwicklung-schweiz.ch\/wp-content\/uploads\/2024\/02\/b0df5bbd57ae3e03954da3d3c1af5149.jpeg\" \/>\n\t<meta property=\"og:image:width\" content=\"1380\" \/>\n\t<meta property=\"og:image:height\" content=\"975\" \/>\n\t<meta property=\"og:image:type\" content=\"image\/jpeg\" \/>\n<meta name=\"twitter:card\" content=\"summary_large_image\" \/>\n<meta name=\"twitter:label1\" content=\"Dur\u00e9e de lecture estim\u00e9e\" \/>\n\t<meta name=\"twitter:data1\" content=\"2 minutes\" \/>\n<script type=\"application\/ld+json\" class=\"yoast-schema-graph\">{\"@context\":\"https:\\\/\\\/schema.org\",\"@graph\":[{\"@type\":\"WebPage\",\"@id\":\"https:\\\/\\\/entwicklung-schweiz.ch\\\/fr\\\/themes\\\/politique\\\/\",\"url\":\"https:\\\/\\\/entwicklung-schweiz.ch\\\/fr\\\/themes\\\/politique\\\/\",\"name\":\"Politique - Entwicklung Schweiz\",\"isPartOf\":{\"@id\":\"https:\\\/\\\/entwicklung-schweiz.ch\\\/#website\"},\"primaryImageOfPage\":{\"@id\":\"https:\\\/\\\/entwicklung-schweiz.ch\\\/fr\\\/themes\\\/politique\\\/#primaryimage\"},\"image\":{\"@id\":\"https:\\\/\\\/entwicklung-schweiz.ch\\\/fr\\\/themes\\\/politique\\\/#primaryimage\"},\"thumbnailUrl\":\"https:\\\/\\\/entwicklung-schweiz.ch\\\/wp-content\\\/uploads\\\/2024\\\/02\\\/b0df5bbd57ae3e03954da3d3c1af5149.jpeg\",\"datePublished\":\"2024-02-21T14:05:14+00:00\",\"dateModified\":\"2025-06-11T11:56:50+00:00\",\"breadcrumb\":{\"@id\":\"https:\\\/\\\/entwicklung-schweiz.ch\\\/fr\\\/themes\\\/politique\\\/#breadcrumb\"},\"inLanguage\":\"fr-FR\",\"potentialAction\":[{\"@type\":\"ReadAction\",\"target\":[\"https:\\\/\\\/entwicklung-schweiz.ch\\\/fr\\\/themes\\\/politique\\\/\"]}]},{\"@type\":\"ImageObject\",\"inLanguage\":\"fr-FR\",\"@id\":\"https:\\\/\\\/entwicklung-schweiz.ch\\\/fr\\\/themes\\\/politique\\\/#primaryimage\",\"url\":\"https:\\\/\\\/entwicklung-schweiz.ch\\\/wp-content\\\/uploads\\\/2024\\\/02\\\/b0df5bbd57ae3e03954da3d3c1af5149.jpeg\",\"contentUrl\":\"https:\\\/\\\/entwicklung-schweiz.ch\\\/wp-content\\\/uploads\\\/2024\\\/02\\\/b0df5bbd57ae3e03954da3d3c1af5149.jpeg\",\"width\":1380,\"height\":975},{\"@type\":\"BreadcrumbList\",\"@id\":\"https:\\\/\\\/entwicklung-schweiz.ch\\\/fr\\\/themes\\\/politique\\\/#breadcrumb\",\"itemListElement\":[{\"@type\":\"ListItem\",\"position\":1,\"name\":\"Home\",\"item\":\"https:\\\/\\\/entwicklung-schweiz.ch\\\/fr\\\/\"},{\"@type\":\"ListItem\",\"position\":2,\"name\":\"Th\u00e8mes\",\"item\":\"https:\\\/\\\/entwicklung-schweiz.ch\\\/fr\\\/themes\\\/\"},{\"@type\":\"ListItem\",\"position\":3,\"name\":\"Politique\"}]},{\"@type\":\"WebSite\",\"@id\":\"https:\\\/\\\/entwicklung-schweiz.ch\\\/#website\",\"url\":\"https:\\\/\\\/entwicklung-schweiz.ch\\\/\",\"name\":\"Entwicklung Schweiz\",\"description\":\"\",\"publisher\":{\"@id\":\"https:\\\/\\\/entwicklung-schweiz.ch\\\/#organization\"},\"potentialAction\":[{\"@type\":\"SearchAction\",\"target\":{\"@type\":\"EntryPoint\",\"urlTemplate\":\"https:\\\/\\\/entwicklung-schweiz.ch\\\/?s={search_term_string}\"},\"query-input\":{\"@type\":\"PropertyValueSpecification\",\"valueRequired\":true,\"valueName\":\"search_term_string\"}}],\"inLanguage\":\"fr-FR\"},{\"@type\":\"Organization\",\"@id\":\"https:\\\/\\\/entwicklung-schweiz.ch\\\/#organization\",\"name\":\"Entwicklung Schweiz\",\"url\":\"https:\\\/\\\/entwicklung-schweiz.ch\\\/\",\"logo\":{\"@type\":\"ImageObject\",\"inLanguage\":\"fr-FR\",\"@id\":\"https:\\\/\\\/entwicklung-schweiz.ch\\\/#\\\/schema\\\/logo\\\/image\\\/\",\"url\":\"https:\\\/\\\/entwicklung-schweiz.ch\\\/wp-content\\\/uploads\\\/2024\\\/02\\\/Logo_colors.svg\",\"contentUrl\":\"https:\\\/\\\/entwicklung-schweiz.ch\\\/wp-content\\\/uploads\\\/2024\\\/02\\\/Logo_colors.svg\",\"width\":243,\"height\":49,\"caption\":\"Entwicklung Schweiz\"},\"image\":{\"@id\":\"https:\\\/\\\/entwicklung-schweiz.ch\\\/#\\\/schema\\\/logo\\\/image\\\/\"}}]}<\/script>\n<!-- \/ Yoast SEO Premium plugin. -->","yoast_head_json":{"title":"Politique - Entwicklung Schweiz","robots":{"index":"index","follow":"follow","max-snippet":"max-snippet:-1","max-image-preview":"max-image-preview:large","max-video-preview":"max-video-preview:-1"},"canonical":"https:\/\/entwicklung-schweiz.ch\/fr\/themes\/politique\/","og_locale":"fr_FR","og_type":"article","og_title":"Politique","og_description":"Dans le domaine politique, le mod\u00e8le de r\u00e9ussite suisse repose notamment sur sa l\u00e9gislation fa\u00e7onn\u00e9e non par les puissants, mais par les parties directement concern\u00e9es. Associ\u00e9es au sein de D\u00e9veloppement Suisse (DS), les entreprises g\u00e9n\u00e9rales s\u2019engagent en faveur d\u2019un cadre l\u00e9gislatif adapt\u00e9 \u00e0 la pratique qui leur permet de construire dans l\u2019int\u00e9r\u00eat du pays et [&hellip;]","og_url":"https:\/\/entwicklung-schweiz.ch\/fr\/themes\/politique\/","og_site_name":"Entwicklung Schweiz","article_modified_time":"2025-06-11T11:56:50+00:00","og_image":[{"width":1380,"height":975,"url":"https:\/\/entwicklung-schweiz.ch\/wp-content\/uploads\/2024\/02\/b0df5bbd57ae3e03954da3d3c1af5149.jpeg","type":"image\/jpeg"}],"twitter_card":"summary_large_image","twitter_misc":{"Dur\u00e9e de lecture estim\u00e9e":"2 minutes"},"schema":{"@context":"https:\/\/schema.org","@graph":[{"@type":"WebPage","@id":"https:\/\/entwicklung-schweiz.ch\/fr\/themes\/politique\/","url":"https:\/\/entwicklung-schweiz.ch\/fr\/themes\/politique\/","name":"Politique - Entwicklung Schweiz","isPartOf":{"@id":"https:\/\/entwicklung-schweiz.ch\/#website"},"primaryImageOfPage":{"@id":"https:\/\/entwicklung-schweiz.ch\/fr\/themes\/politique\/#primaryimage"},"image":{"@id":"https:\/\/entwicklung-schweiz.ch\/fr\/themes\/politique\/#primaryimage"},"thumbnailUrl":"https:\/\/entwicklung-schweiz.ch\/wp-content\/uploads\/2024\/02\/b0df5bbd57ae3e03954da3d3c1af5149.jpeg","datePublished":"2024-02-21T14:05:14+00:00","dateModified":"2025-06-11T11:56:50+00:00","breadcrumb":{"@id":"https:\/\/entwicklung-schweiz.ch\/fr\/themes\/politique\/#breadcrumb"},"inLanguage":"fr-FR","potentialAction":[{"@type":"ReadAction","target":["https:\/\/entwicklung-schweiz.ch\/fr\/themes\/politique\/"]}]},{"@type":"ImageObject","inLanguage":"fr-FR","@id":"https:\/\/entwicklung-schweiz.ch\/fr\/themes\/politique\/#primaryimage","url":"https:\/\/entwicklung-schweiz.ch\/wp-content\/uploads\/2024\/02\/b0df5bbd57ae3e03954da3d3c1af5149.jpeg","contentUrl":"https:\/\/entwicklung-schweiz.ch\/wp-content\/uploads\/2024\/02\/b0df5bbd57ae3e03954da3d3c1af5149.jpeg","width":1380,"height":975},{"@type":"BreadcrumbList","@id":"https:\/\/entwicklung-schweiz.ch\/fr\/themes\/politique\/#breadcrumb","itemListElement":[{"@type":"ListItem","position":1,"name":"Home","item":"https:\/\/entwicklung-schweiz.ch\/fr\/"},{"@type":"ListItem","position":2,"name":"Th\u00e8mes","item":"https:\/\/entwicklung-schweiz.ch\/fr\/themes\/"},{"@type":"ListItem","position":3,"name":"Politique"}]},{"@type":"WebSite","@id":"https:\/\/entwicklung-schweiz.ch\/#website","url":"https:\/\/entwicklung-schweiz.ch\/","name":"Entwicklung Schweiz","description":"","publisher":{"@id":"https:\/\/entwicklung-schweiz.ch\/#organization"},"potentialAction":[{"@type":"SearchAction","target":{"@type":"EntryPoint","urlTemplate":"https:\/\/entwicklung-schweiz.ch\/?s={search_term_string}"},"query-input":{"@type":"PropertyValueSpecification","valueRequired":true,"valueName":"search_term_string"}}],"inLanguage":"fr-FR"},{"@type":"Organization","@id":"https:\/\/entwicklung-schweiz.ch\/#organization","name":"Entwicklung Schweiz","url":"https:\/\/entwicklung-schweiz.ch\/","logo":{"@type":"ImageObject","inLanguage":"fr-FR","@id":"https:\/\/entwicklung-schweiz.ch\/#\/schema\/logo\/image\/","url":"https:\/\/entwicklung-schweiz.ch\/wp-content\/uploads\/2024\/02\/Logo_colors.svg","contentUrl":"https:\/\/entwicklung-schweiz.ch\/wp-content\/uploads\/2024\/02\/Logo_colors.svg","width":243,"height":49,"caption":"Entwicklung Schweiz"},"image":{"@id":"https:\/\/entwicklung-schweiz.ch\/#\/schema\/logo\/image\/"}}]}},"_links":{"self":[{"href":"https:\/\/entwicklung-schweiz.ch\/fr\/wp-json\/wp\/v2\/pages\/1696","targetHints":{"allow":["GET"]}}],"collection":[{"href":"https:\/\/entwicklung-schweiz.ch\/fr\/wp-json\/wp\/v2\/pages"}],"about":[{"href":"https:\/\/entwicklung-schweiz.ch\/fr\/wp-json\/wp\/v2\/types\/page"}],"author":[{"embeddable":true,"href":"https:\/\/entwicklung-schweiz.ch\/fr\/wp-json\/wp\/v2\/users\/7"}],"replies":[{"embeddable":true,"href":"https:\/\/entwicklung-schweiz.ch\/fr\/wp-json\/wp\/v2\/comments?post=1696"}],"version-history":[{"count":4,"href":"https:\/\/entwicklung-schweiz.ch\/fr\/wp-json\/wp\/v2\/pages\/1696\/revisions"}],"predecessor-version":[{"id":2942,"href":"https:\/\/entwicklung-schweiz.ch\/fr\/wp-json\/wp\/v2\/pages\/1696\/revisions\/2942"}],"up":[{"embeddable":true,"href":"https:\/\/entwicklung-schweiz.ch\/fr\/wp-json\/wp\/v2\/pages\/1657"}],"wp:featuredmedia":[{"embeddable":true,"href":"https:\/\/entwicklung-schweiz.ch\/fr\/wp-json\/wp\/v2\/media\/66"}],"wp:attachment":[{"href":"https:\/\/entwicklung-schweiz.ch\/fr\/wp-json\/wp\/v2\/media?parent=1696"}],"curies":[{"name":"wp","href":"https:\/\/api.w.org\/{rel}","templated":true}]}}