{"id":1698,"date":"2024-02-21T15:05:32","date_gmt":"2024-02-21T14:05:32","guid":{"rendered":"https:\/\/dev.entwicklung-schweiz.berta-bewegt.ch\/?page_id=1698"},"modified":"2024-05-28T08:48:53","modified_gmt":"2024-05-28T06:48:53","slug":"marche-et-approche","status":"publish","type":"page","link":"https:\/\/entwicklung-schweiz.ch\/fr\/themes\/marche-et-approche\/","title":{"rendered":"March\u00e9 et approche"},"content":{"rendered":"\n<p>Les membres de D\u00e9veloppement Suisse assument des responsabilit\u00e9s pour la qualit\u00e9 de vie et du logement dans notre pays. Ils contribuent \u00e0 un d\u00e9veloppement judicieux de la Suisse, tenant compte des effets \u00e9conomiques, \u00e9cologiques et sociaux. Ils s\u2019engagent activement dans la vie publique, politique et \u00e9conomique, ainsi qu\u2019aupr\u00e8s des autorit\u00e9s communales et cantonales.<\/p>\n\n\n\n<h2 class=\"wp-block-heading\"><strong>Documents de position<\/strong><\/h2>\n\n\n\n<p>Pour notre association, il est important d\u2019\u00e9laborer une position commune sur les th\u00e8mes cl\u00e9s de notre secteur, servant de base \u00e0 notre travail.<\/p>\n\n\n\n            <section class=\"accordion-block\">\n            <div class=\"accordion\">\n                                    <div class=\"accordion-item\">\n                        <div class=\"accordion-item-header-block bg-color-blue border-color-blue\" data-number=\"1\">\n                            <h3 class=\"mb-0 text-white\"><strong>Documents de position<\/strong><\/h3>\n                        <\/div>\n\n                        <div class=\"accordion-item-content-block border-color-blue\">\n                            <div class=\"accordion-item-content-inner-block\">\n                                                                            <div><a href=\"https:\/\/entwicklung-schweiz.ch\/wp-content\/uploads\/2024\/05\/es_positionspapier_qualitaet_f.pdf\" class=\"mb-0 link-hover-color-blue\">Qualit\u00e9<\/a><\/div>\n                                                                                    <div><a href=\"https:\/\/entwicklung-schweiz.ch\/wp-content\/uploads\/2024\/05\/es_handout_zusammenarbeitsmodell_f.pdf\" class=\"mb-0 link-hover-color-blue\">Le bon mod\u00e8le de collaboration<\/a><\/div>\n                                                                                    <div><a href=\"https:\/\/entwicklung-schweiz.ch\/wp-content\/uploads\/2024\/05\/es_positionspapier_baukultur_f.pdf\" class=\"mb-0 link-hover-color-blue\">Culture du b\u00e2ti<\/a><\/div>\n                                                                                    <div><a href=\"https:\/\/entwicklung-schweiz.ch\/wp-content\/uploads\/2024\/05\/ds_prise_de_position_amenagement_du_territoire.pdf\" class=\"mb-0 link-hover-color-blue\">Am\u00e9nagement du territoire<\/a><\/div>\n                                                                                    <div><a href=\"https:\/\/entwicklung-schweiz.ch\/wp-content\/uploads\/2024\/05\/ds_prise_de_position_developpement_de_quartiers_et_de_zones.pdf\" class=\"mb-0 link-hover-color-blue\">D\u00e9veloppement de quartiers et de zones<\/a><\/div>\n                                                                                    <div><a href=\"https:\/\/entwicklung-schweiz.ch\/wp-content\/uploads\/2024\/05\/ds_prise_de_position_energie.pdf\" class=\"mb-0 link-hover-color-blue\">Energie<\/a><\/div>\n                                                                    <\/div>\n                        <\/div>\n                    <\/div>\n                            <\/div>\n        <\/section>\n    \n\n\n\n\n\n<h2 class=\"wp-block-heading\"><strong>March\u00e9 et approche<\/strong><\/h2>\n\n\n\n<p>Les membres de D\u00e9veloppement Suisse assument des responsabilit\u00e9s pour la qualit\u00e9 de vie et du logement dans notre pays. Ils contribuent \u00e0 un d\u00e9veloppement judicieux de la Suisse, tenant compte des effets \u00e9conomiques, \u00e9cologiques et sociaux. Ils s\u2019engagent activement dans la vie publique, politique et \u00e9conomique, ainsi qu\u2019aupr\u00e8s des autorit\u00e9s communales et cantonales.<\/p>\n\n\n\n            <section class=\"page-card-block page-card-block-mb-bigger page-card-block-mt-bigger\">\n            \n            <div class=\"page-card-image-block-mob scrollMagic-block\" style=\"background-image: url('https:\/\/entwicklung-schweiz.ch\/wp-content\/uploads\/2024\/02\/63eb94c2e04d360e82192cccb9cc5d27-1200x752.jpeg')\" data-uid=\"69e60b61e5dbf\">\n                <img decoding=\"async\" src=\"https:\/\/entwicklung-schweiz.ch\/wp-content\/themes\/entwicklung_schweiz\/assets\/images\/page_card_image_frame.png\" alt=\"Frame\" width=\"1px\" height=\"1px\" \/>\n            <\/div>\n\n            <div class=\"page-card-content-block  bg-color-white border-color-blue  scrollMagic-block\" data-uid=\"69e60b61e56d7\">\n                <div class=\"page-card-top-block\">\n                                            <h2 class=\"mb-0 word-break-on h2-big text-blue\">Formation et recherche<\/h2>\n                                    <\/div>\n\n                                    <div class=\"page-card-middle-block\">\n                        <p class=\"mb-0 card-description-bigger text-blue\">La formation et la recherche sont un pilier du d\u00e9veloppement durable et des innovations. Nous avons r\u00e9uni quelques adresses de choix.\r\n<\/p>\n                    <\/div>\n                \n                <div class=\"page-card-buttons-block\">\n                    \n                    <a href=\"https:\/\/entwicklung-schweiz.ch\/fr\/themes\/formation-et-recherche\/\" class=\"blue-border-button \" >En savoir plus<\/a>\n                <\/div>\n            <\/div>\n\n            <div class=\"page-card-image-block scrollMagic-block delay-animation-1\" style=\"background-image: url('https:\/\/entwicklung-schweiz.ch\/wp-content\/uploads\/2024\/02\/63eb94c2e04d360e82192cccb9cc5d27-1200x752.jpeg')\" data-uid=\"69e60b61e56d7\">\n                <img decoding=\"async\" src=\"https:\/\/entwicklung-schweiz.ch\/wp-content\/themes\/entwicklung_schweiz\/assets\/images\/page_card_image_frame.png\" alt=\"Frame\" width=\"1px\" height=\"1px\" \/>\n            <\/div>\n        <\/section>\n    \n","protected":false},"excerpt":{"rendered":"<p>Les membres de D\u00e9veloppement Suisse assument des responsabilit\u00e9s pour la qualit\u00e9 de vie et du logement dans notre pays. Ils contribuent \u00e0 un d\u00e9veloppement judicieux de la Suisse, tenant compte des effets \u00e9conomiques, \u00e9cologiques et sociaux. Ils s\u2019engagent activement dans la vie publique, politique et \u00e9conomique, ainsi qu\u2019aupr\u00e8s des autorit\u00e9s communales et cantonales. Documents de [&hellip;]<\/p>\n","protected":false},"author":7,"featured_media":69,"parent":1657,"menu_order":1,"comment_status":"closed","ping_status":"closed","template":"","meta":{"_acf_changed":false,"inline_featured_image":false,"_themeisle_gutenberg_block_has_review":false,"footnotes":""},"acf":[],"yoast_head":"<!-- This site is optimized with the Yoast SEO Premium plugin v22.7 (Yoast SEO v22.7) - https:\/\/yoast.com\/wordpress\/plugins\/seo\/ -->\n<title>March\u00e9 et approche - Entwicklung Schweiz<\/title>\n<meta name=\"robots\" content=\"index, follow, max-snippet:-1, max-image-preview:large, max-video-preview:-1\" \/>\n<link rel=\"canonical\" href=\"https:\/\/entwicklung-schweiz.ch\/fr\/themes\/marche-et-approche\/\" \/>\n<meta property=\"og:locale\" content=\"fr_FR\" \/>\n<meta property=\"og:type\" content=\"article\" \/>\n<meta property=\"og:title\" content=\"March\u00e9 et approche\" \/>\n<meta property=\"og:description\" content=\"Les membres de D\u00e9veloppement Suisse assument des responsabilit\u00e9s pour la qualit\u00e9 de vie et du logement dans notre pays. Ils contribuent \u00e0 un d\u00e9veloppement judicieux de la Suisse, tenant compte des effets \u00e9conomiques, \u00e9cologiques et sociaux. Ils s\u2019engagent activement dans la vie publique, politique et \u00e9conomique, ainsi qu\u2019aupr\u00e8s des autorit\u00e9s communales et cantonales. Documents de [&hellip;]\" \/>\n<meta property=\"og:url\" content=\"https:\/\/entwicklung-schweiz.ch\/fr\/themes\/marche-et-approche\/\" \/>\n<meta property=\"og:site_name\" content=\"Entwicklung Schweiz\" \/>\n<meta property=\"article:modified_time\" content=\"2024-05-28T06:48:53+00:00\" \/>\n<meta property=\"og:image\" content=\"https:\/\/entwicklung-schweiz.ch\/wp-content\/uploads\/2024\/02\/fb83161496ebd322918062fcc2837d17.jpeg\" \/>\n\t<meta property=\"og:image:width\" content=\"1200\" \/>\n\t<meta property=\"og:image:height\" content=\"720\" \/>\n\t<meta property=\"og:image:type\" content=\"image\/jpeg\" \/>\n<meta name=\"twitter:card\" content=\"summary_large_image\" \/>\n<meta name=\"twitter:label1\" content=\"Dur\u00e9e de lecture estim\u00e9e\" \/>\n\t<meta name=\"twitter:data1\" content=\"1 minute\" \/>\n<script type=\"application\/ld+json\" class=\"yoast-schema-graph\">{\"@context\":\"https:\/\/schema.org\",\"@graph\":[{\"@type\":\"WebPage\",\"@id\":\"https:\/\/entwicklung-schweiz.ch\/fr\/themes\/marche-et-approche\/\",\"url\":\"https:\/\/entwicklung-schweiz.ch\/fr\/themes\/marche-et-approche\/\",\"name\":\"March\u00e9 et approche - Entwicklung Schweiz\",\"isPartOf\":{\"@id\":\"https:\/\/entwicklung-schweiz.ch\/#website\"},\"primaryImageOfPage\":{\"@id\":\"https:\/\/entwicklung-schweiz.ch\/fr\/themes\/marche-et-approche\/#primaryimage\"},\"image\":{\"@id\":\"https:\/\/entwicklung-schweiz.ch\/fr\/themes\/marche-et-approche\/#primaryimage\"},\"thumbnailUrl\":\"https:\/\/entwicklung-schweiz.ch\/wp-content\/uploads\/2024\/02\/fb83161496ebd322918062fcc2837d17.jpeg\",\"datePublished\":\"2024-02-21T14:05:32+00:00\",\"dateModified\":\"2024-05-28T06:48:53+00:00\",\"breadcrumb\":{\"@id\":\"https:\/\/entwicklung-schweiz.ch\/fr\/themes\/marche-et-approche\/#breadcrumb\"},\"inLanguage\":\"fr-FR\",\"potentialAction\":[{\"@type\":\"ReadAction\",\"target\":[\"https:\/\/entwicklung-schweiz.ch\/fr\/themes\/marche-et-approche\/\"]}]},{\"@type\":\"ImageObject\",\"inLanguage\":\"fr-FR\",\"@id\":\"https:\/\/entwicklung-schweiz.ch\/fr\/themes\/marche-et-approche\/#primaryimage\",\"url\":\"https:\/\/entwicklung-schweiz.ch\/wp-content\/uploads\/2024\/02\/fb83161496ebd322918062fcc2837d17.jpeg\",\"contentUrl\":\"https:\/\/entwicklung-schweiz.ch\/wp-content\/uploads\/2024\/02\/fb83161496ebd322918062fcc2837d17.jpeg\",\"width\":1200,\"height\":720},{\"@type\":\"BreadcrumbList\",\"@id\":\"https:\/\/entwicklung-schweiz.ch\/fr\/themes\/marche-et-approche\/#breadcrumb\",\"itemListElement\":[{\"@type\":\"ListItem\",\"position\":1,\"name\":\"Home\",\"item\":\"https:\/\/entwicklung-schweiz.ch\/fr\/\"},{\"@type\":\"ListItem\",\"position\":2,\"name\":\"Th\u00e8mes\",\"item\":\"https:\/\/entwicklung-schweiz.ch\/fr\/themes\/\"},{\"@type\":\"ListItem\",\"position\":3,\"name\":\"March\u00e9 et approche\"}]},{\"@type\":\"WebSite\",\"@id\":\"https:\/\/entwicklung-schweiz.ch\/#website\",\"url\":\"https:\/\/entwicklung-schweiz.ch\/\",\"name\":\"Entwicklung Schweiz\",\"description\":\"\",\"publisher\":{\"@id\":\"https:\/\/entwicklung-schweiz.ch\/#organization\"},\"potentialAction\":[{\"@type\":\"SearchAction\",\"target\":{\"@type\":\"EntryPoint\",\"urlTemplate\":\"https:\/\/entwicklung-schweiz.ch\/?s={search_term_string}\"},\"query-input\":\"required name=search_term_string\"}],\"inLanguage\":\"fr-FR\"},{\"@type\":\"Organization\",\"@id\":\"https:\/\/entwicklung-schweiz.ch\/#organization\",\"name\":\"Entwicklung Schweiz\",\"url\":\"https:\/\/entwicklung-schweiz.ch\/\",\"logo\":{\"@type\":\"ImageObject\",\"inLanguage\":\"fr-FR\",\"@id\":\"https:\/\/entwicklung-schweiz.ch\/#\/schema\/logo\/image\/\",\"url\":\"https:\/\/entwicklung-schweiz.ch\/wp-content\/uploads\/2024\/02\/Logo_colors.svg\",\"contentUrl\":\"https:\/\/entwicklung-schweiz.ch\/wp-content\/uploads\/2024\/02\/Logo_colors.svg\",\"width\":243,\"height\":49,\"caption\":\"Entwicklung Schweiz\"},\"image\":{\"@id\":\"https:\/\/entwicklung-schweiz.ch\/#\/schema\/logo\/image\/\"}}]}<\/script>\n<!-- \/ Yoast SEO Premium plugin. -->","yoast_head_json":{"title":"March\u00e9 et approche - Entwicklung Schweiz","robots":{"index":"index","follow":"follow","max-snippet":"max-snippet:-1","max-image-preview":"max-image-preview:large","max-video-preview":"max-video-preview:-1"},"canonical":"https:\/\/entwicklung-schweiz.ch\/fr\/themes\/marche-et-approche\/","og_locale":"fr_FR","og_type":"article","og_title":"March\u00e9 et approche","og_description":"Les membres de D\u00e9veloppement Suisse assument des responsabilit\u00e9s pour la qualit\u00e9 de vie et du logement dans notre pays. Ils contribuent \u00e0 un d\u00e9veloppement judicieux de la Suisse, tenant compte des effets \u00e9conomiques, \u00e9cologiques et sociaux. Ils s\u2019engagent activement dans la vie publique, politique et \u00e9conomique, ainsi qu\u2019aupr\u00e8s des autorit\u00e9s communales et cantonales. Documents de [&hellip;]","og_url":"https:\/\/entwicklung-schweiz.ch\/fr\/themes\/marche-et-approche\/","og_site_name":"Entwicklung Schweiz","article_modified_time":"2024-05-28T06:48:53+00:00","og_image":[{"width":1200,"height":720,"url":"https:\/\/entwicklung-schweiz.ch\/wp-content\/uploads\/2024\/02\/fb83161496ebd322918062fcc2837d17.jpeg","type":"image\/jpeg"}],"twitter_card":"summary_large_image","twitter_misc":{"Dur\u00e9e de lecture estim\u00e9e":"1 minute"},"schema":{"@context":"https:\/\/schema.org","@graph":[{"@type":"WebPage","@id":"https:\/\/entwicklung-schweiz.ch\/fr\/themes\/marche-et-approche\/","url":"https:\/\/entwicklung-schweiz.ch\/fr\/themes\/marche-et-approche\/","name":"March\u00e9 et approche - Entwicklung Schweiz","isPartOf":{"@id":"https:\/\/entwicklung-schweiz.ch\/#website"},"primaryImageOfPage":{"@id":"https:\/\/entwicklung-schweiz.ch\/fr\/themes\/marche-et-approche\/#primaryimage"},"image":{"@id":"https:\/\/entwicklung-schweiz.ch\/fr\/themes\/marche-et-approche\/#primaryimage"},"thumbnailUrl":"https:\/\/entwicklung-schweiz.ch\/wp-content\/uploads\/2024\/02\/fb83161496ebd322918062fcc2837d17.jpeg","datePublished":"2024-02-21T14:05:32+00:00","dateModified":"2024-05-28T06:48:53+00:00","breadcrumb":{"@id":"https:\/\/entwicklung-schweiz.ch\/fr\/themes\/marche-et-approche\/#breadcrumb"},"inLanguage":"fr-FR","potentialAction":[{"@type":"ReadAction","target":["https:\/\/entwicklung-schweiz.ch\/fr\/themes\/marche-et-approche\/"]}]},{"@type":"ImageObject","inLanguage":"fr-FR","@id":"https:\/\/entwicklung-schweiz.ch\/fr\/themes\/marche-et-approche\/#primaryimage","url":"https:\/\/entwicklung-schweiz.ch\/wp-content\/uploads\/2024\/02\/fb83161496ebd322918062fcc2837d17.jpeg","contentUrl":"https:\/\/entwicklung-schweiz.ch\/wp-content\/uploads\/2024\/02\/fb83161496ebd322918062fcc2837d17.jpeg","width":1200,"height":720},{"@type":"BreadcrumbList","@id":"https:\/\/entwicklung-schweiz.ch\/fr\/themes\/marche-et-approche\/#breadcrumb","itemListElement":[{"@type":"ListItem","position":1,"name":"Home","item":"https:\/\/entwicklung-schweiz.ch\/fr\/"},{"@type":"ListItem","position":2,"name":"Th\u00e8mes","item":"https:\/\/entwicklung-schweiz.ch\/fr\/themes\/"},{"@type":"ListItem","position":3,"name":"March\u00e9 et approche"}]},{"@type":"WebSite","@id":"https:\/\/entwicklung-schweiz.ch\/#website","url":"https:\/\/entwicklung-schweiz.ch\/","name":"Entwicklung Schweiz","description":"","publisher":{"@id":"https:\/\/entwicklung-schweiz.ch\/#organization"},"potentialAction":[{"@type":"SearchAction","target":{"@type":"EntryPoint","urlTemplate":"https:\/\/entwicklung-schweiz.ch\/?s={search_term_string}"},"query-input":"required name=search_term_string"}],"inLanguage":"fr-FR"},{"@type":"Organization","@id":"https:\/\/entwicklung-schweiz.ch\/#organization","name":"Entwicklung Schweiz","url":"https:\/\/entwicklung-schweiz.ch\/","logo":{"@type":"ImageObject","inLanguage":"fr-FR","@id":"https:\/\/entwicklung-schweiz.ch\/#\/schema\/logo\/image\/","url":"https:\/\/entwicklung-schweiz.ch\/wp-content\/uploads\/2024\/02\/Logo_colors.svg","contentUrl":"https:\/\/entwicklung-schweiz.ch\/wp-content\/uploads\/2024\/02\/Logo_colors.svg","width":243,"height":49,"caption":"Entwicklung Schweiz"},"image":{"@id":"https:\/\/entwicklung-schweiz.ch\/#\/schema\/logo\/image\/"}}]}},"_links":{"self":[{"href":"https:\/\/entwicklung-schweiz.ch\/fr\/wp-json\/wp\/v2\/pages\/1698"}],"collection":[{"href":"https:\/\/entwicklung-schweiz.ch\/fr\/wp-json\/wp\/v2\/pages"}],"about":[{"href":"https:\/\/entwicklung-schweiz.ch\/fr\/wp-json\/wp\/v2\/types\/page"}],"author":[{"embeddable":true,"href":"https:\/\/entwicklung-schweiz.ch\/fr\/wp-json\/wp\/v2\/users\/7"}],"replies":[{"embeddable":true,"href":"https:\/\/entwicklung-schweiz.ch\/fr\/wp-json\/wp\/v2\/comments?post=1698"}],"version-history":[{"count":3,"href":"https:\/\/entwicklung-schweiz.ch\/fr\/wp-json\/wp\/v2\/pages\/1698\/revisions"}],"predecessor-version":[{"id":1977,"href":"https:\/\/entwicklung-schweiz.ch\/fr\/wp-json\/wp\/v2\/pages\/1698\/revisions\/1977"}],"up":[{"embeddable":true,"href":"https:\/\/entwicklung-schweiz.ch\/fr\/wp-json\/wp\/v2\/pages\/1657"}],"wp:featuredmedia":[{"embeddable":true,"href":"https:\/\/entwicklung-schweiz.ch\/fr\/wp-json\/wp\/v2\/media\/69"}],"wp:attachment":[{"href":"https:\/\/entwicklung-schweiz.ch\/fr\/wp-json\/wp\/v2\/media?parent=1698"}],"curies":[{"name":"wp","href":"https:\/\/api.w.org\/{rel}","templated":true}]}}