{"id":1700,"date":"2024-02-21T15:06:06","date_gmt":"2024-02-21T14:06:06","guid":{"rendered":"https:\/\/dev.entwicklung-schweiz.berta-bewegt.ch\/?page_id=1700"},"modified":"2026-03-10T14:49:40","modified_gmt":"2026-03-10T13:49:40","slug":"formation-et-recherche","status":"publish","type":"page","link":"https:\/\/entwicklung-schweiz.ch\/fr\/themes\/formation-et-recherche\/","title":{"rendered":"Formation et recherche"},"content":{"rendered":"\n<p>Dans notre secteur, la formation continue et la recherche sont primordiales&nbsp;\u2013 \u00e0 plus forte raison en ces temps de p\u00e9nurie de main-d\u2019\u0153uvre qualifi\u00e9e. Nous soutenons donc nos membres et partenaires en leur permettant d\u2019acc\u00e9der aux experts, hautes \u00e9coles et programmes de formation (continue) ad\u00e9quats. Voici nos partenaires actuels en la mati\u00e8re.&nbsp;<\/p>\n\n\n\n<h2 class=\"wp-block-heading\" id=\"h-association-forum-raumwissenschaften-curem\"><strong>Association Forum Raumwissenschaften CUREM<\/strong><\/h2>\n\n\n\n<p>Le Center for Urban &amp; Real Estate Management (CUREM), d\u00e9di\u00e9 \u00e0 la formation et \u00e0 la recherche en mati\u00e8re d\u2019\u00e9conomie immobili\u00e8re, est n\u00e9 en 2003 d\u2019une initiative priv\u00e9e issue du secteur immobilier et destin\u00e9e \u00e0 celui-ci. L\u2019int\u00e9gration \u00e0 l\u2019Universit\u00e9 de Zurich en 2009 garantit sa mise en r\u00e9seau internationale avec d\u2019autres universit\u00e9s de premier plan, sans pour autant perdre la proximit\u00e9 avec la pratique.<\/p>\n\n\n\n            <section class=\"custom-link-block \">\n            <a href=\"https:\/\/www.curem.uzh.ch\/de.html\" class=\"blue-border-button big-btn\" target=\"_blank\"  >\n                Informations, inscription            <\/a>\n        <\/section>\n    \n\n\n\n\n<p><\/p>\n\n\n\n<h2 class=\"wp-block-heading\" id=\"h-cas-gestion-de-projets-construction\"><strong>CAS Gestion de projets Construction<\/strong><\/h2>\n\n\n\n<p>Le march\u00e9 de la construction exige une grande efficacit\u00e9 et une bonne performance. Les d\u00e9lais sont serr\u00e9s, les t\u00e2ches multiples, les clients exigeants et les pressions concurrentielles toujours plus fortes. Les cadres du secteur de la construction doivent se d\u00e9marquer par une orientation client optimale, une pens\u00e9e et action globales, une excellence conceptuelle et organisationnelle ainsi que des connaissances en gestion de projets. Fortement ax\u00e9 sur la pratique, ce cycle de formation sanctionn\u00e9 par un certificat se sert d\u2019exemples du monde de la construction pour transmettre le savoir-faire m\u00e9thodologique permettant de mener \u00e0 bien ses projets au quotidien. Le CAS est organis\u00e9 en collaboration avec D\u00e9veloppement Suisse et l\u2019association GSGI.<\/p>\n\n\n\n            <section class=\"custom-link-block \">\n            <a href=\"https:\/\/www.hslu.ch\/de-ch\/technik-architektur\/weiterbildung\/bau\/cas-projektmanagement-bau\/?gad_source=1&#038;gclid=EAIaIQobChMIt6rN0rvxhQMVLJGDBx0W2ARhEAAYASAAEgLTZvD_BwE&#038;gclsrc=aw.ds\" class=\"blue-border-button big-btn\" target=\"_blank\"  >\n                Informations, inscription            <\/a>\n        <\/section>\n    \n\n\n\n\n<h2 class=\"wp-block-heading\" id=\"h-\"><\/h2>\n","protected":false},"excerpt":{"rendered":"<p>Dans notre secteur, la formation continue et la recherche sont primordiales&nbsp;\u2013 \u00e0 plus forte raison en ces temps de p\u00e9nurie de main-d\u2019\u0153uvre qualifi\u00e9e. Nous soutenons donc nos membres et partenaires en leur permettant d\u2019acc\u00e9der aux experts, hautes \u00e9coles et programmes de formation (continue) ad\u00e9quats. Voici nos partenaires actuels en la mati\u00e8re.&nbsp; Association Forum Raumwissenschaften CUREM [&hellip;]<\/p>\n","protected":false},"author":7,"featured_media":63,"parent":1657,"menu_order":2,"comment_status":"closed","ping_status":"closed","template":"","meta":{"_acf_changed":false,"inline_featured_image":false,"_themeisle_gutenberg_block_has_review":false,"footnotes":""},"acf":[],"yoast_head":"<!-- This site is optimized with the Yoast SEO Premium plugin v22.7 (Yoast SEO v22.7) - https:\/\/yoast.com\/wordpress\/plugins\/seo\/ -->\n<title>Formation et recherche - Entwicklung Schweiz<\/title>\n<meta name=\"robots\" content=\"index, follow, max-snippet:-1, max-image-preview:large, max-video-preview:-1\" \/>\n<link rel=\"canonical\" href=\"https:\/\/entwicklung-schweiz.ch\/fr\/themes\/formation-et-recherche\/\" \/>\n<meta property=\"og:locale\" content=\"fr_FR\" \/>\n<meta property=\"og:type\" content=\"article\" \/>\n<meta property=\"og:title\" content=\"Formation et recherche\" \/>\n<meta property=\"og:description\" content=\"Dans notre secteur, la formation continue et la recherche sont primordiales&nbsp;\u2013 \u00e0 plus forte raison en ces temps de p\u00e9nurie de main-d\u2019\u0153uvre qualifi\u00e9e. Nous soutenons donc nos membres et partenaires en leur permettant d\u2019acc\u00e9der aux experts, hautes \u00e9coles et programmes de formation (continue) ad\u00e9quats. Voici nos partenaires actuels en la mati\u00e8re.&nbsp; Association Forum Raumwissenschaften CUREM [&hellip;]\" \/>\n<meta property=\"og:url\" content=\"https:\/\/entwicklung-schweiz.ch\/fr\/themes\/formation-et-recherche\/\" \/>\n<meta property=\"og:site_name\" content=\"Entwicklung Schweiz\" \/>\n<meta property=\"article:modified_time\" content=\"2026-03-10T13:49:40+00:00\" \/>\n<meta property=\"og:image\" content=\"https:\/\/entwicklung-schweiz.ch\/wp-content\/uploads\/2024\/02\/63eb94c2e04d360e82192cccb9cc5d27.jpeg\" \/>\n\t<meta property=\"og:image:width\" content=\"1900\" \/>\n\t<meta property=\"og:image:height\" content=\"1190\" \/>\n\t<meta property=\"og:image:type\" content=\"image\/jpeg\" \/>\n<meta name=\"twitter:card\" content=\"summary_large_image\" \/>\n<meta name=\"twitter:label1\" content=\"Dur\u00e9e de lecture estim\u00e9e\" \/>\n\t<meta name=\"twitter:data1\" content=\"2 minutes\" \/>\n<script type=\"application\/ld+json\" class=\"yoast-schema-graph\">{\"@context\":\"https:\/\/schema.org\",\"@graph\":[{\"@type\":\"WebPage\",\"@id\":\"https:\/\/entwicklung-schweiz.ch\/fr\/themes\/formation-et-recherche\/\",\"url\":\"https:\/\/entwicklung-schweiz.ch\/fr\/themes\/formation-et-recherche\/\",\"name\":\"Formation et recherche - Entwicklung Schweiz\",\"isPartOf\":{\"@id\":\"https:\/\/entwicklung-schweiz.ch\/#website\"},\"primaryImageOfPage\":{\"@id\":\"https:\/\/entwicklung-schweiz.ch\/fr\/themes\/formation-et-recherche\/#primaryimage\"},\"image\":{\"@id\":\"https:\/\/entwicklung-schweiz.ch\/fr\/themes\/formation-et-recherche\/#primaryimage\"},\"thumbnailUrl\":\"https:\/\/entwicklung-schweiz.ch\/wp-content\/uploads\/2024\/02\/63eb94c2e04d360e82192cccb9cc5d27.jpeg\",\"datePublished\":\"2024-02-21T14:06:06+00:00\",\"dateModified\":\"2026-03-10T13:49:40+00:00\",\"breadcrumb\":{\"@id\":\"https:\/\/entwicklung-schweiz.ch\/fr\/themes\/formation-et-recherche\/#breadcrumb\"},\"inLanguage\":\"fr-FR\",\"potentialAction\":[{\"@type\":\"ReadAction\",\"target\":[\"https:\/\/entwicklung-schweiz.ch\/fr\/themes\/formation-et-recherche\/\"]}]},{\"@type\":\"ImageObject\",\"inLanguage\":\"fr-FR\",\"@id\":\"https:\/\/entwicklung-schweiz.ch\/fr\/themes\/formation-et-recherche\/#primaryimage\",\"url\":\"https:\/\/entwicklung-schweiz.ch\/wp-content\/uploads\/2024\/02\/63eb94c2e04d360e82192cccb9cc5d27.jpeg\",\"contentUrl\":\"https:\/\/entwicklung-schweiz.ch\/wp-content\/uploads\/2024\/02\/63eb94c2e04d360e82192cccb9cc5d27.jpeg\",\"width\":1900,\"height\":1190},{\"@type\":\"BreadcrumbList\",\"@id\":\"https:\/\/entwicklung-schweiz.ch\/fr\/themes\/formation-et-recherche\/#breadcrumb\",\"itemListElement\":[{\"@type\":\"ListItem\",\"position\":1,\"name\":\"Home\",\"item\":\"https:\/\/entwicklung-schweiz.ch\/fr\/\"},{\"@type\":\"ListItem\",\"position\":2,\"name\":\"Th\u00e8mes\",\"item\":\"https:\/\/entwicklung-schweiz.ch\/fr\/themes\/\"},{\"@type\":\"ListItem\",\"position\":3,\"name\":\"Formation et recherche\"}]},{\"@type\":\"WebSite\",\"@id\":\"https:\/\/entwicklung-schweiz.ch\/#website\",\"url\":\"https:\/\/entwicklung-schweiz.ch\/\",\"name\":\"Entwicklung Schweiz\",\"description\":\"\",\"publisher\":{\"@id\":\"https:\/\/entwicklung-schweiz.ch\/#organization\"},\"potentialAction\":[{\"@type\":\"SearchAction\",\"target\":{\"@type\":\"EntryPoint\",\"urlTemplate\":\"https:\/\/entwicklung-schweiz.ch\/?s={search_term_string}\"},\"query-input\":\"required name=search_term_string\"}],\"inLanguage\":\"fr-FR\"},{\"@type\":\"Organization\",\"@id\":\"https:\/\/entwicklung-schweiz.ch\/#organization\",\"name\":\"Entwicklung Schweiz\",\"url\":\"https:\/\/entwicklung-schweiz.ch\/\",\"logo\":{\"@type\":\"ImageObject\",\"inLanguage\":\"fr-FR\",\"@id\":\"https:\/\/entwicklung-schweiz.ch\/#\/schema\/logo\/image\/\",\"url\":\"https:\/\/entwicklung-schweiz.ch\/wp-content\/uploads\/2024\/02\/Logo_colors.svg\",\"contentUrl\":\"https:\/\/entwicklung-schweiz.ch\/wp-content\/uploads\/2024\/02\/Logo_colors.svg\",\"width\":243,\"height\":49,\"caption\":\"Entwicklung Schweiz\"},\"image\":{\"@id\":\"https:\/\/entwicklung-schweiz.ch\/#\/schema\/logo\/image\/\"}}]}<\/script>\n<!-- \/ Yoast SEO Premium plugin. -->","yoast_head_json":{"title":"Formation et recherche - Entwicklung Schweiz","robots":{"index":"index","follow":"follow","max-snippet":"max-snippet:-1","max-image-preview":"max-image-preview:large","max-video-preview":"max-video-preview:-1"},"canonical":"https:\/\/entwicklung-schweiz.ch\/fr\/themes\/formation-et-recherche\/","og_locale":"fr_FR","og_type":"article","og_title":"Formation et recherche","og_description":"Dans notre secteur, la formation continue et la recherche sont primordiales&nbsp;\u2013 \u00e0 plus forte raison en ces temps de p\u00e9nurie de main-d\u2019\u0153uvre qualifi\u00e9e. Nous soutenons donc nos membres et partenaires en leur permettant d\u2019acc\u00e9der aux experts, hautes \u00e9coles et programmes de formation (continue) ad\u00e9quats. Voici nos partenaires actuels en la mati\u00e8re.&nbsp; Association Forum Raumwissenschaften CUREM [&hellip;]","og_url":"https:\/\/entwicklung-schweiz.ch\/fr\/themes\/formation-et-recherche\/","og_site_name":"Entwicklung Schweiz","article_modified_time":"2026-03-10T13:49:40+00:00","og_image":[{"width":1900,"height":1190,"url":"https:\/\/entwicklung-schweiz.ch\/wp-content\/uploads\/2024\/02\/63eb94c2e04d360e82192cccb9cc5d27.jpeg","type":"image\/jpeg"}],"twitter_card":"summary_large_image","twitter_misc":{"Dur\u00e9e de lecture estim\u00e9e":"2 minutes"},"schema":{"@context":"https:\/\/schema.org","@graph":[{"@type":"WebPage","@id":"https:\/\/entwicklung-schweiz.ch\/fr\/themes\/formation-et-recherche\/","url":"https:\/\/entwicklung-schweiz.ch\/fr\/themes\/formation-et-recherche\/","name":"Formation et recherche - Entwicklung Schweiz","isPartOf":{"@id":"https:\/\/entwicklung-schweiz.ch\/#website"},"primaryImageOfPage":{"@id":"https:\/\/entwicklung-schweiz.ch\/fr\/themes\/formation-et-recherche\/#primaryimage"},"image":{"@id":"https:\/\/entwicklung-schweiz.ch\/fr\/themes\/formation-et-recherche\/#primaryimage"},"thumbnailUrl":"https:\/\/entwicklung-schweiz.ch\/wp-content\/uploads\/2024\/02\/63eb94c2e04d360e82192cccb9cc5d27.jpeg","datePublished":"2024-02-21T14:06:06+00:00","dateModified":"2026-03-10T13:49:40+00:00","breadcrumb":{"@id":"https:\/\/entwicklung-schweiz.ch\/fr\/themes\/formation-et-recherche\/#breadcrumb"},"inLanguage":"fr-FR","potentialAction":[{"@type":"ReadAction","target":["https:\/\/entwicklung-schweiz.ch\/fr\/themes\/formation-et-recherche\/"]}]},{"@type":"ImageObject","inLanguage":"fr-FR","@id":"https:\/\/entwicklung-schweiz.ch\/fr\/themes\/formation-et-recherche\/#primaryimage","url":"https:\/\/entwicklung-schweiz.ch\/wp-content\/uploads\/2024\/02\/63eb94c2e04d360e82192cccb9cc5d27.jpeg","contentUrl":"https:\/\/entwicklung-schweiz.ch\/wp-content\/uploads\/2024\/02\/63eb94c2e04d360e82192cccb9cc5d27.jpeg","width":1900,"height":1190},{"@type":"BreadcrumbList","@id":"https:\/\/entwicklung-schweiz.ch\/fr\/themes\/formation-et-recherche\/#breadcrumb","itemListElement":[{"@type":"ListItem","position":1,"name":"Home","item":"https:\/\/entwicklung-schweiz.ch\/fr\/"},{"@type":"ListItem","position":2,"name":"Th\u00e8mes","item":"https:\/\/entwicklung-schweiz.ch\/fr\/themes\/"},{"@type":"ListItem","position":3,"name":"Formation et recherche"}]},{"@type":"WebSite","@id":"https:\/\/entwicklung-schweiz.ch\/#website","url":"https:\/\/entwicklung-schweiz.ch\/","name":"Entwicklung Schweiz","description":"","publisher":{"@id":"https:\/\/entwicklung-schweiz.ch\/#organization"},"potentialAction":[{"@type":"SearchAction","target":{"@type":"EntryPoint","urlTemplate":"https:\/\/entwicklung-schweiz.ch\/?s={search_term_string}"},"query-input":"required name=search_term_string"}],"inLanguage":"fr-FR"},{"@type":"Organization","@id":"https:\/\/entwicklung-schweiz.ch\/#organization","name":"Entwicklung Schweiz","url":"https:\/\/entwicklung-schweiz.ch\/","logo":{"@type":"ImageObject","inLanguage":"fr-FR","@id":"https:\/\/entwicklung-schweiz.ch\/#\/schema\/logo\/image\/","url":"https:\/\/entwicklung-schweiz.ch\/wp-content\/uploads\/2024\/02\/Logo_colors.svg","contentUrl":"https:\/\/entwicklung-schweiz.ch\/wp-content\/uploads\/2024\/02\/Logo_colors.svg","width":243,"height":49,"caption":"Entwicklung Schweiz"},"image":{"@id":"https:\/\/entwicklung-schweiz.ch\/#\/schema\/logo\/image\/"}}]}},"_links":{"self":[{"href":"https:\/\/entwicklung-schweiz.ch\/fr\/wp-json\/wp\/v2\/pages\/1700"}],"collection":[{"href":"https:\/\/entwicklung-schweiz.ch\/fr\/wp-json\/wp\/v2\/pages"}],"about":[{"href":"https:\/\/entwicklung-schweiz.ch\/fr\/wp-json\/wp\/v2\/types\/page"}],"author":[{"embeddable":true,"href":"https:\/\/entwicklung-schweiz.ch\/fr\/wp-json\/wp\/v2\/users\/7"}],"replies":[{"embeddable":true,"href":"https:\/\/entwicklung-schweiz.ch\/fr\/wp-json\/wp\/v2\/comments?post=1700"}],"version-history":[{"count":5,"href":"https:\/\/entwicklung-schweiz.ch\/fr\/wp-json\/wp\/v2\/pages\/1700\/revisions"}],"predecessor-version":[{"id":3250,"href":"https:\/\/entwicklung-schweiz.ch\/fr\/wp-json\/wp\/v2\/pages\/1700\/revisions\/3250"}],"up":[{"embeddable":true,"href":"https:\/\/entwicklung-schweiz.ch\/fr\/wp-json\/wp\/v2\/pages\/1657"}],"wp:featuredmedia":[{"embeddable":true,"href":"https:\/\/entwicklung-schweiz.ch\/fr\/wp-json\/wp\/v2\/media\/63"}],"wp:attachment":[{"href":"https:\/\/entwicklung-schweiz.ch\/fr\/wp-json\/wp\/v2\/media?parent=1700"}],"curies":[{"name":"wp","href":"https:\/\/api.w.org\/{rel}","templated":true}]}}