{"id":1706,"date":"2024-02-21T08:14:54","date_gmt":"2024-02-21T07:14:54","guid":{"rendered":"https:\/\/dev.entwicklung-schweiz.berta-bewegt.ch\/?page_id=1706"},"modified":"2024-05-23T10:01:47","modified_gmt":"2024-05-23T08:01:47","slug":"devenir-membre","status":"publish","type":"page","link":"https:\/\/entwicklung-schweiz.ch\/fr\/membres\/devenir-membre\/","title":{"rendered":"Devenir membre"},"content":{"rendered":"\n<p>Afin que nous puissions, demain encore, construire assez et ce qui convient pour la population&nbsp;\u2013 sans cesse grandissante, comme chacun sait&nbsp;\u2013 il faut un cadre ad\u00e9quat au niveau politique comme sur le march\u00e9.<\/p>\n\n\n\n<p>Cette responsabilit\u00e9 incombe \u00e0 l\u2019association. Nous nous sommes dot\u00e9s de structures l\u00e9g\u00e8res et agiles afin de pouvoir nous concentrer sur ce que nous faisons vraiment bien. Avec un objectif clair, des contenus fond\u00e9s et des solutions concr\u00e8tes, nous allons courageusement de l\u2019avant en empruntant des voies de communication rapides. Cela nous conf\u00e8re efficacit\u00e9 et visibilit\u00e9, l\u00e0 o\u00f9 l\u2019on a besoin de nous.<\/p>\n\n\n\n<p>En tant que membre, vous avez un acc\u00e8s exclusif&nbsp;<\/p>\n\n\n\n<ul>\n<li>\u00e0 notre excellent r\u00e9seau d\u2019acteurs \u00e9conomiques, politiques, administratifs et scientifiques;<\/li>\n\n\n\n<li>\u00e0 des faits, \u00e9tudes, positions ou listes de contr\u00f4le fond\u00e9s;&nbsp;<\/li>\n\n\n\n<li>\u00e0 notre revue de presse;&nbsp;<\/li>\n\n\n\n<li>\u00e0 nos manifestations r\u00e9guli\u00e8res;&nbsp;<\/li>\n\n\n\n<li>aux contenus et r\u00e9seaux de nos organisations partenaires.&nbsp;<\/li>\n<\/ul>\n\n\n\n<p>En tant que membre, vous pouvez communiquer vos pr\u00e9occupations directement et en personne, lancer avec nous une initiative ind\u00e9pendante et profiter de la force de persuasion commune.<\/p>\n\n\n\n<p>Nous nous engageons activement pour nos membres et leurs int\u00e9r\u00eats dans les organes de la Conf\u00e9d\u00e9ration, des cantons et des organisations importants pour le secteur et nous informons r\u00e9guli\u00e8rement. Une adh\u00e9sion \u00e0 notre association permet donc \u00e0 notre industrie d\u2019avoir une voix suffisamment forte&nbsp;\u2013 sans laquelle le march\u00e9 devient encore plus difficile pour notre secteur.<\/p>\n\n\n\n            <section class=\"form-block  \">\n            <div class=\"\"><\/div>\n\n            <div class=\"block-inner-content-part\">\n                                    <h2 class=\"mb-0 text-center scrollMagic-block\" data-uid=\"69fcd99f0831d\">Devenir membre<\/h2>\n                    <div class=\"title-divider\"><\/div>\n                \n                <div class=\"formidable-form-block  frm-button-submit-bg-color-red_dark scrollMagic-block\" data-uid=\"69fcd99f08320\">\n                    <div class=\"frm_forms \" id=\"frm_form_4_container\" data-token=\"d13932a3a2e6fd006e53bd3f81cf74a7\">\n<form enctype=\"multipart\/form-data\" method=\"post\" class=\"frm-show-form  frm_js_validate  frm_ajax_submit  frm_pro_form \" id=\"form_contact-form3\"  data-token=\"d13932a3a2e6fd006e53bd3f81cf74a7\">\n<div class=\"frm_form_fields \">\n<fieldset>\n<legend class=\"frm_screen_reader\">Devenir membre<\/legend>\r\n\r\n<div class=\"frm_fields_container\">\n<input type=\"hidden\" name=\"frm_action\" value=\"create\" \/>\n<input type=\"hidden\" name=\"form_id\" value=\"4\" \/>\n<input type=\"hidden\" name=\"frm_hide_fields_4\" id=\"frm_hide_fields_4\" value=\"\" \/>\n<input type=\"hidden\" name=\"form_key\" value=\"contact-form3\" \/>\n<input type=\"hidden\" name=\"item_meta[0]\" value=\"\" \/>\n<input type=\"hidden\" id=\"frm_submit_entry_4\" name=\"frm_submit_entry_4\" value=\"9ba20ccc3a\" \/><input type=\"hidden\" name=\"_wp_http_referer\" value=\"\/fr\/wp-json\/wp\/v2\/pages\/1706\" \/><div id=\"frm_field_26_container\" class=\"frm_form_field form-field  frm_top_container frm12\">\r\n    <label for=\"field_qtp254\" id=\"field_qtp254_label\" class=\"frm_primary_label\">Titre de civilit\u00e9 \r\n        <span class=\"frm_required\" aria-hidden=\"true\"><\/span>\r\n    <\/label>\r\n    \t\t<select name=\"item_meta[26]\" id=\"field_qtp254\"  data-placeholder=\"Titre de civilit\u00e9\"  placeholder=\"Titre de civilit\u00e9\" data-invmsg=\"Titre de civilit\u00e9  est non valide\" aria-invalid=\"false\"  >\n\t\t<option  class=\"frm-select-placeholder\" value=\"\" data-placeholder=\"true\">Titre de civilit\u00e9<\/option><option  value=\"Monsieur\">Monsieur<\/option><option  value=\"Madame\">Madame<\/option>\t<\/select>\n\t\r\n    \r\n    \r\n<\/div>\n<div id=\"frm_field_27_container\" class=\"frm_form_field form-field  frm_top_container\">\r\n    <label for=\"field_tkfxx4\" id=\"field_tkfxx4_label\" class=\"frm_primary_label\">Pr\u00e9nom\r\n        <span class=\"frm_required\" aria-hidden=\"true\"><\/span>\r\n    <\/label>\r\n    <input type=\"text\" id=\"field_tkfxx4\" name=\"item_meta[27]\" value=\"\"  placeholder=\"Pr\u00e9nom\" data-invmsg=\"Name is invalid\" aria-invalid=\"false\"  \/>\r\n    \r\n    \r\n<\/div>\n<div id=\"frm_field_28_container\" class=\"frm_form_field form-field  frm_top_container frm12\">\r\n    <label for=\"field_1ss94\" id=\"field_1ss94_label\" class=\"frm_primary_label\">Nom de famille\r\n        <span class=\"frm_required\" aria-hidden=\"true\"><\/span>\r\n    <\/label>\r\n    <input type=\"text\" id=\"field_1ss94\" name=\"item_meta[28]\" value=\"\"  placeholder=\"Nom de famille\" data-invmsg=\"Name is invalid\" aria-invalid=\"false\"  \/>\r\n    \r\n    \r\n<\/div>\n<div id=\"frm_field_29_container\" class=\"frm_form_field form-field  frm_top_container frm12\">\r\n    <label for=\"field_3zx0w4\" id=\"field_3zx0w4_label\" class=\"frm_primary_label\">Entreprise\r\n        <span class=\"frm_required\" aria-hidden=\"true\"><\/span>\r\n    <\/label>\r\n    <input type=\"text\" id=\"field_3zx0w4\" name=\"item_meta[29]\" value=\"\"  placeholder=\"Entreprise\" data-invmsg=\"Name is invalid\" aria-invalid=\"false\"  \/>\r\n    \r\n    \r\n<\/div>\n<div id=\"frm_field_30_container\" class=\"frm_form_field form-field  frm_required_field frm_top_container frm_full\">\r\n    <label for=\"field_29yf4d4\" id=\"field_29yf4d4_label\" class=\"frm_primary_label\">Courrier \u00e9lectronique\r\n        <span class=\"frm_required\" aria-hidden=\"true\">*<\/span>\r\n    <\/label>\r\n    <input type=\"email\" id=\"field_29yf4d4\" name=\"item_meta[30]\" value=\"\"  placeholder=\"Courrier \u00e9lectronique*\" data-reqmsg=\"Ce champ ne doit pas \u00eatre vide.\" aria-required=\"true\" data-invmsg=\"Please enter a valid email address\" aria-invalid=\"false\"  \/>\r\n    \r\n    \r\n<\/div>\n<div id=\"frm_field_31_container\" class=\"frm_form_field form-field  frm_required_field frm_top_container vertical_radio\">\r\n    <div  id=\"field_hwxzn4_label\" class=\"frm_primary_label\">Datenschutzbestimmung\r\n        <span class=\"frm_required\" aria-hidden=\"true\">*<\/span>\r\n    <\/div>\r\n    <div class=\"frm_opt_container\" aria-labelledby=\"field_hwxzn4_label\" role=\"group\">\t\t<div class=\"frm_checkbox\" id=\"frm_checkbox_31-0\"><label for=\"field_hwxzn4-0\"><input type=\"checkbox\" name=\"item_meta[31][]\" id=\"field_hwxzn4-0\" value=\"Par la pr\u00e9sente, j&#039;accepte la  &lt;a&gt; disposition sur la protection des donn\u00e9es&lt;\/a&gt;.\"  data-reqmsg=\"Dieses Feld darf nicht leer sein.\" data-invmsg=\"Datenschutzbestimmung est non valide\" aria-invalid=\"false\"   aria-required=\"true\"  \/> Par la pr\u00e9sente, j&rsquo;accepte la  <a> disposition sur la protection des donn\u00e9es<\/a>.<\/label><\/div>\n<\/div>\r\n    \r\n    \r\n<\/div>\n<div id=\"frm_field_62_container\" class=\"frm_form_field form-field  frm_none_container\">\n\t<label for=\"g-recaptcha-response\" id=\"field_iaf31_label\" class=\"frm_primary_label\">Captcha\n\t\t<span class=\"frm_required\" aria-hidden=\"true\"><\/span>\n\t<\/label>\n\t<div  id=\"field_iaf31\" class=\"frm-g-recaptcha\" data-sitekey=\"6LdocOopAAAAAMb3Dx5RCFIPjN_HTeNtwzvoDVB7\" data-size=\"invisible\" data-theme=\"light\"><\/div>\n\t\n\t\n<\/div>\n<div id=\"frm_field_32_container\" class=\"frm_form_field form-field \">\r\n\t<div class=\"frm_submit\">\r\n\r\n<button class=\"frm_button_submit frm_final_submit\" type=\"submit\"   formnovalidate=\"formnovalidate\">S&#039;inscrire<\/button>\r\n\r\n\r\n<\/div>\r\n<\/div>\n\t<input type=\"hidden\" name=\"item_key\" value=\"\" \/>\n\t\t\t\t<div class=\"frm__65d3681073c13\">\n\t\t\t\t<label for=\"frm_email_4\" >\n\t\t\t\t\tSi vous \u00eates un humain, ne remplissez pas ce champ.\t\t\t\t<\/label>\n\t\t\t\t<input  id=\"frm_email_4\" type=\"text\" class=\"frm_verify\" name=\"frm__65d3681073c13\" value=\"\" autocomplete=\"false\"  \/>\n\t\t\t<\/div>\n\t\t<input name=\"frm_state\" type=\"hidden\" value=\"dM6WO8tFGVQwx+\/J2QVteGHkzB1D\/IEgJZ82gNImH20=\" \/><\/div>\n<\/fieldset>\n<\/div>\n<\/form>\n<\/div>\n                <\/div>\n            <\/div>\n        <\/section>\n    \n\n\n\n\n\n            <section class=\"page-card-block page-card-block-mb-bigger \">\n            \n            <div class=\"page-card-image-block-mob scrollMagic-block\" style=\"background-image: url('https:\/\/entwicklung-schweiz.ch\/wp-content\/uploads\/2024\/02\/0e63fbcf1081f46e9fc9cae18857aad8-1200x800.jpeg')\" data-uid=\"69fcd99f4ce00\">\n                <img decoding=\"async\" src=\"https:\/\/entwicklung-schweiz.ch\/wp-content\/themes\/entwicklung_schweiz\/assets\/images\/page_card_image_frame.png\" alt=\"Frame\" width=\"1px\" height=\"1px\" \/>\n            <\/div>\n\n            <div class=\"page-card-content-block  bg-color-white border-color-red_dark  scrollMagic-block\" data-uid=\"69fcd99f4c5c6\">\n                <div class=\"page-card-top-block\">\n                                            <h2 class=\"mb-0 word-break-on h2-big text-red_dark\">Partenaires associ\u00e9s<\/h2>\n                                    <\/div>\n\n                                    <div class=\"page-card-middle-block\">\n                        <p class=\"mb-0 card-description-simple \">D\u00e9veloppement Suisse recueille avec plaisir l\u2019adh\u00e9sion d\u2019entreprises pouvant attester d\u2019une longue exp\u00e9rience et d\u2019une grande expertise dans la gestion de projets et la fourniture de prestations g\u00e9n\u00e9rales dans le domaine de la construction. En principe, l\u2019adh\u00e9sion est r\u00e9serv\u00e9e aux entreprises financi\u00e8rement saines.<\/p>\n                    <\/div>\n                \n                <div class=\"page-card-buttons-block\">\n                    \n                    <a href=\"https:\/\/entwicklung-schweiz.ch\/fr\/membres\/partenaires-associes\/\" class=\"red_dark-border-button \" >Devenir partenaire associ\u00e9<\/a>\n                <\/div>\n            <\/div>\n\n            <div class=\"page-card-image-block scrollMagic-block delay-animation-1\" style=\"background-image: url('https:\/\/entwicklung-schweiz.ch\/wp-content\/uploads\/2024\/02\/0e63fbcf1081f46e9fc9cae18857aad8-1200x800.jpeg')\" data-uid=\"69fcd99f4c5c6\">\n                <img decoding=\"async\" src=\"https:\/\/entwicklung-schweiz.ch\/wp-content\/themes\/entwicklung_schweiz\/assets\/images\/page_card_image_frame.png\" alt=\"Frame\" width=\"1px\" height=\"1px\" \/>\n            <\/div>\n        <\/section>\n    \n","protected":false},"excerpt":{"rendered":"<p>Afin que nous puissions, demain encore, construire assez et ce qui convient pour la population&nbsp;\u2013 sans cesse grandissante, comme chacun sait&nbsp;\u2013 il faut un cadre ad\u00e9quat au niveau politique comme sur le march\u00e9. Cette responsabilit\u00e9 incombe \u00e0 l\u2019association. Nous nous sommes dot\u00e9s de structures l\u00e9g\u00e8res et agiles afin de pouvoir nous concentrer sur ce que [&hellip;]<\/p>\n","protected":false},"author":7,"featured_media":66,"parent":1662,"menu_order":4,"comment_status":"closed","ping_status":"closed","template":"","meta":{"_acf_changed":false,"inline_featured_image":false,"_themeisle_gutenberg_block_has_review":false,"footnotes":""},"acf":[],"yoast_head":"<!-- This site is optimized with the Yoast SEO Premium plugin v22.7 (Yoast SEO v22.7) - https:\/\/yoast.com\/wordpress\/plugins\/seo\/ -->\n<title>Devenir membre - Entwicklung Schweiz<\/title>\n<meta name=\"robots\" content=\"index, follow, max-snippet:-1, max-image-preview:large, max-video-preview:-1\" \/>\n<link rel=\"canonical\" href=\"https:\/\/entwicklung-schweiz.ch\/fr\/membres\/devenir-membre\/\" \/>\n<meta property=\"og:locale\" content=\"fr_FR\" \/>\n<meta property=\"og:type\" content=\"article\" \/>\n<meta property=\"og:title\" content=\"Devenir membre\" \/>\n<meta property=\"og:description\" content=\"Afin que nous puissions, demain encore, construire assez et ce qui convient pour la population&nbsp;\u2013 sans cesse grandissante, comme chacun sait&nbsp;\u2013 il faut un cadre ad\u00e9quat au niveau politique comme sur le march\u00e9. Cette responsabilit\u00e9 incombe \u00e0 l\u2019association. Nous nous sommes dot\u00e9s de structures l\u00e9g\u00e8res et agiles afin de pouvoir nous concentrer sur ce que [&hellip;]\" \/>\n<meta property=\"og:url\" content=\"https:\/\/entwicklung-schweiz.ch\/fr\/membres\/devenir-membre\/\" \/>\n<meta property=\"og:site_name\" content=\"Entwicklung Schweiz\" \/>\n<meta property=\"article:modified_time\" content=\"2024-05-23T08:01:47+00:00\" \/>\n<meta property=\"og:image\" content=\"https:\/\/entwicklung-schweiz.ch\/wp-content\/uploads\/2024\/02\/b0df5bbd57ae3e03954da3d3c1af5149.jpeg\" \/>\n\t<meta property=\"og:image:width\" content=\"1380\" \/>\n\t<meta property=\"og:image:height\" content=\"975\" \/>\n\t<meta property=\"og:image:type\" content=\"image\/jpeg\" \/>\n<meta name=\"twitter:card\" content=\"summary_large_image\" \/>\n<meta name=\"twitter:label1\" content=\"Dur\u00e9e de lecture estim\u00e9e\" \/>\n\t<meta name=\"twitter:data1\" content=\"2 minutes\" \/>\n<script type=\"application\/ld+json\" class=\"yoast-schema-graph\">{\"@context\":\"https:\/\/schema.org\",\"@graph\":[{\"@type\":\"WebPage\",\"@id\":\"https:\/\/entwicklung-schweiz.ch\/fr\/membres\/devenir-membre\/\",\"url\":\"https:\/\/entwicklung-schweiz.ch\/fr\/membres\/devenir-membre\/\",\"name\":\"Devenir membre - Entwicklung Schweiz\",\"isPartOf\":{\"@id\":\"https:\/\/entwicklung-schweiz.ch\/#website\"},\"primaryImageOfPage\":{\"@id\":\"https:\/\/entwicklung-schweiz.ch\/fr\/membres\/devenir-membre\/#primaryimage\"},\"image\":{\"@id\":\"https:\/\/entwicklung-schweiz.ch\/fr\/membres\/devenir-membre\/#primaryimage\"},\"thumbnailUrl\":\"https:\/\/entwicklung-schweiz.ch\/wp-content\/uploads\/2024\/02\/b0df5bbd57ae3e03954da3d3c1af5149.jpeg\",\"datePublished\":\"2024-02-21T07:14:54+00:00\",\"dateModified\":\"2024-05-23T08:01:47+00:00\",\"breadcrumb\":{\"@id\":\"https:\/\/entwicklung-schweiz.ch\/fr\/membres\/devenir-membre\/#breadcrumb\"},\"inLanguage\":\"fr-FR\",\"potentialAction\":[{\"@type\":\"ReadAction\",\"target\":[\"https:\/\/entwicklung-schweiz.ch\/fr\/membres\/devenir-membre\/\"]}]},{\"@type\":\"ImageObject\",\"inLanguage\":\"fr-FR\",\"@id\":\"https:\/\/entwicklung-schweiz.ch\/fr\/membres\/devenir-membre\/#primaryimage\",\"url\":\"https:\/\/entwicklung-schweiz.ch\/wp-content\/uploads\/2024\/02\/b0df5bbd57ae3e03954da3d3c1af5149.jpeg\",\"contentUrl\":\"https:\/\/entwicklung-schweiz.ch\/wp-content\/uploads\/2024\/02\/b0df5bbd57ae3e03954da3d3c1af5149.jpeg\",\"width\":1380,\"height\":975},{\"@type\":\"BreadcrumbList\",\"@id\":\"https:\/\/entwicklung-schweiz.ch\/fr\/membres\/devenir-membre\/#breadcrumb\",\"itemListElement\":[{\"@type\":\"ListItem\",\"position\":1,\"name\":\"Home\",\"item\":\"https:\/\/entwicklung-schweiz.ch\/fr\/\"},{\"@type\":\"ListItem\",\"position\":2,\"name\":\"Membres\",\"item\":\"https:\/\/entwicklung-schweiz.ch\/fr\/membres\/\"},{\"@type\":\"ListItem\",\"position\":3,\"name\":\"Devenir membre\"}]},{\"@type\":\"WebSite\",\"@id\":\"https:\/\/entwicklung-schweiz.ch\/#website\",\"url\":\"https:\/\/entwicklung-schweiz.ch\/\",\"name\":\"Entwicklung Schweiz\",\"description\":\"\",\"publisher\":{\"@id\":\"https:\/\/entwicklung-schweiz.ch\/#organization\"},\"potentialAction\":[{\"@type\":\"SearchAction\",\"target\":{\"@type\":\"EntryPoint\",\"urlTemplate\":\"https:\/\/entwicklung-schweiz.ch\/?s={search_term_string}\"},\"query-input\":\"required name=search_term_string\"}],\"inLanguage\":\"fr-FR\"},{\"@type\":\"Organization\",\"@id\":\"https:\/\/entwicklung-schweiz.ch\/#organization\",\"name\":\"Entwicklung Schweiz\",\"url\":\"https:\/\/entwicklung-schweiz.ch\/\",\"logo\":{\"@type\":\"ImageObject\",\"inLanguage\":\"fr-FR\",\"@id\":\"https:\/\/entwicklung-schweiz.ch\/#\/schema\/logo\/image\/\",\"url\":\"https:\/\/entwicklung-schweiz.ch\/wp-content\/uploads\/2024\/02\/Logo_colors.svg\",\"contentUrl\":\"https:\/\/entwicklung-schweiz.ch\/wp-content\/uploads\/2024\/02\/Logo_colors.svg\",\"width\":243,\"height\":49,\"caption\":\"Entwicklung Schweiz\"},\"image\":{\"@id\":\"https:\/\/entwicklung-schweiz.ch\/#\/schema\/logo\/image\/\"}}]}<\/script>\n<!-- \/ Yoast SEO Premium plugin. -->","yoast_head_json":{"title":"Devenir membre - Entwicklung Schweiz","robots":{"index":"index","follow":"follow","max-snippet":"max-snippet:-1","max-image-preview":"max-image-preview:large","max-video-preview":"max-video-preview:-1"},"canonical":"https:\/\/entwicklung-schweiz.ch\/fr\/membres\/devenir-membre\/","og_locale":"fr_FR","og_type":"article","og_title":"Devenir membre","og_description":"Afin que nous puissions, demain encore, construire assez et ce qui convient pour la population&nbsp;\u2013 sans cesse grandissante, comme chacun sait&nbsp;\u2013 il faut un cadre ad\u00e9quat au niveau politique comme sur le march\u00e9. Cette responsabilit\u00e9 incombe \u00e0 l\u2019association. Nous nous sommes dot\u00e9s de structures l\u00e9g\u00e8res et agiles afin de pouvoir nous concentrer sur ce que [&hellip;]","og_url":"https:\/\/entwicklung-schweiz.ch\/fr\/membres\/devenir-membre\/","og_site_name":"Entwicklung Schweiz","article_modified_time":"2024-05-23T08:01:47+00:00","og_image":[{"width":1380,"height":975,"url":"https:\/\/entwicklung-schweiz.ch\/wp-content\/uploads\/2024\/02\/b0df5bbd57ae3e03954da3d3c1af5149.jpeg","type":"image\/jpeg"}],"twitter_card":"summary_large_image","twitter_misc":{"Dur\u00e9e de lecture estim\u00e9e":"2 minutes"},"schema":{"@context":"https:\/\/schema.org","@graph":[{"@type":"WebPage","@id":"https:\/\/entwicklung-schweiz.ch\/fr\/membres\/devenir-membre\/","url":"https:\/\/entwicklung-schweiz.ch\/fr\/membres\/devenir-membre\/","name":"Devenir membre - Entwicklung Schweiz","isPartOf":{"@id":"https:\/\/entwicklung-schweiz.ch\/#website"},"primaryImageOfPage":{"@id":"https:\/\/entwicklung-schweiz.ch\/fr\/membres\/devenir-membre\/#primaryimage"},"image":{"@id":"https:\/\/entwicklung-schweiz.ch\/fr\/membres\/devenir-membre\/#primaryimage"},"thumbnailUrl":"https:\/\/entwicklung-schweiz.ch\/wp-content\/uploads\/2024\/02\/b0df5bbd57ae3e03954da3d3c1af5149.jpeg","datePublished":"2024-02-21T07:14:54+00:00","dateModified":"2024-05-23T08:01:47+00:00","breadcrumb":{"@id":"https:\/\/entwicklung-schweiz.ch\/fr\/membres\/devenir-membre\/#breadcrumb"},"inLanguage":"fr-FR","potentialAction":[{"@type":"ReadAction","target":["https:\/\/entwicklung-schweiz.ch\/fr\/membres\/devenir-membre\/"]}]},{"@type":"ImageObject","inLanguage":"fr-FR","@id":"https:\/\/entwicklung-schweiz.ch\/fr\/membres\/devenir-membre\/#primaryimage","url":"https:\/\/entwicklung-schweiz.ch\/wp-content\/uploads\/2024\/02\/b0df5bbd57ae3e03954da3d3c1af5149.jpeg","contentUrl":"https:\/\/entwicklung-schweiz.ch\/wp-content\/uploads\/2024\/02\/b0df5bbd57ae3e03954da3d3c1af5149.jpeg","width":1380,"height":975},{"@type":"BreadcrumbList","@id":"https:\/\/entwicklung-schweiz.ch\/fr\/membres\/devenir-membre\/#breadcrumb","itemListElement":[{"@type":"ListItem","position":1,"name":"Home","item":"https:\/\/entwicklung-schweiz.ch\/fr\/"},{"@type":"ListItem","position":2,"name":"Membres","item":"https:\/\/entwicklung-schweiz.ch\/fr\/membres\/"},{"@type":"ListItem","position":3,"name":"Devenir membre"}]},{"@type":"WebSite","@id":"https:\/\/entwicklung-schweiz.ch\/#website","url":"https:\/\/entwicklung-schweiz.ch\/","name":"Entwicklung Schweiz","description":"","publisher":{"@id":"https:\/\/entwicklung-schweiz.ch\/#organization"},"potentialAction":[{"@type":"SearchAction","target":{"@type":"EntryPoint","urlTemplate":"https:\/\/entwicklung-schweiz.ch\/?s={search_term_string}"},"query-input":"required name=search_term_string"}],"inLanguage":"fr-FR"},{"@type":"Organization","@id":"https:\/\/entwicklung-schweiz.ch\/#organization","name":"Entwicklung Schweiz","url":"https:\/\/entwicklung-schweiz.ch\/","logo":{"@type":"ImageObject","inLanguage":"fr-FR","@id":"https:\/\/entwicklung-schweiz.ch\/#\/schema\/logo\/image\/","url":"https:\/\/entwicklung-schweiz.ch\/wp-content\/uploads\/2024\/02\/Logo_colors.svg","contentUrl":"https:\/\/entwicklung-schweiz.ch\/wp-content\/uploads\/2024\/02\/Logo_colors.svg","width":243,"height":49,"caption":"Entwicklung Schweiz"},"image":{"@id":"https:\/\/entwicklung-schweiz.ch\/#\/schema\/logo\/image\/"}}]}},"_links":{"self":[{"href":"https:\/\/entwicklung-schweiz.ch\/fr\/wp-json\/wp\/v2\/pages\/1706"}],"collection":[{"href":"https:\/\/entwicklung-schweiz.ch\/fr\/wp-json\/wp\/v2\/pages"}],"about":[{"href":"https:\/\/entwicklung-schweiz.ch\/fr\/wp-json\/wp\/v2\/types\/page"}],"author":[{"embeddable":true,"href":"https:\/\/entwicklung-schweiz.ch\/fr\/wp-json\/wp\/v2\/users\/7"}],"replies":[{"embeddable":true,"href":"https:\/\/entwicklung-schweiz.ch\/fr\/wp-json\/wp\/v2\/comments?post=1706"}],"version-history":[{"count":3,"href":"https:\/\/entwicklung-schweiz.ch\/fr\/wp-json\/wp\/v2\/pages\/1706\/revisions"}],"predecessor-version":[{"id":1814,"href":"https:\/\/entwicklung-schweiz.ch\/fr\/wp-json\/wp\/v2\/pages\/1706\/revisions\/1814"}],"up":[{"embeddable":true,"href":"https:\/\/entwicklung-schweiz.ch\/fr\/wp-json\/wp\/v2\/pages\/1662"}],"wp:featuredmedia":[{"embeddable":true,"href":"https:\/\/entwicklung-schweiz.ch\/fr\/wp-json\/wp\/v2\/media\/66"}],"wp:attachment":[{"href":"https:\/\/entwicklung-schweiz.ch\/fr\/wp-json\/wp\/v2\/media?parent=1706"}],"curies":[{"name":"wp","href":"https:\/\/api.w.org\/{rel}","templated":true}]}}