{"id":1708,"date":"2024-02-21T08:38:50","date_gmt":"2024-02-21T07:38:50","guid":{"rendered":"https:\/\/dev.entwicklung-schweiz.berta-bewegt.ch\/?page_id=1708"},"modified":"2024-05-22T11:48:57","modified_gmt":"2024-05-22T09:48:57","slug":"nos-membres","status":"publish","type":"page","link":"https:\/\/entwicklung-schweiz.ch\/fr\/membres\/nos-membres\/","title":{"rendered":"Nos membres"},"content":{"rendered":"\n<p>Les membres de D\u00e9veloppement Suisse assument des responsabilit\u00e9s pour la qualit\u00e9 de vie et du logement dans notre pays. Ils contribuent \u00e0 un d\u00e9veloppement judicieux de la Suisse, tenant compte des effets \u00e9conomiques, \u00e9cologiques et sociaux. Ils s\u2019engagent activement dans la vie publique, politique et \u00e9conomique, ainsi qu\u2019aupr\u00e8s des autorit\u00e9s communales et cantonales.<\/p>\n\n\n\n            <section class=\"logos-block  \">\n            <div class=\"\"><\/div>\n\n            <div class=\"block-inner-content-part\">\n                                    <h2 class=\"mb-0\">Les membres<\/h2>\n                    <div class=\"title-divider\"><\/div>\n                \n                \n                <div class=\"logos\">\n                                            <div class=\"logo-wrapper delay-animation-0 scrollMagic-block\" data-uid=\"69e60b61ce4ea\">\n                            <div class=\"border-color-red\">\n                                <div class=\"logo\" style=\"background-image: url('https:\/\/entwicklung-schweiz.ch\/wp-content\/uploads\/2024\/02\/be0d0969a869d58d4bcac24b1232667d.png')\"><\/div>\n\n                                                                    <div class=\"logo-link\">\n                                        <a href=\"https:\/\/www.alfred-mueller.ch\/de\/home\" class=\"text-red\" target=\"_blank\">Lien<\/a>\n                                    <\/div>\n                                                            <\/div>\n                        <\/div>\n                                            <div class=\"logo-wrapper delay-animation-1 scrollMagic-block\" data-uid=\"69e60b61cf038\">\n                            <div class=\"border-color-red\">\n                                <div class=\"logo\" style=\"background-image: url('https:\/\/entwicklung-schweiz.ch\/wp-content\/uploads\/2024\/02\/058a405cb4eda61fd21f4698494a140f.png')\"><\/div>\n\n                                                                    <div class=\"logo-link\">\n                                        <a href=\"https:\/\/www.anliker.ch\/\" class=\"text-red\" target=\"_blank\">Lien<\/a>\n                                    <\/div>\n                                                            <\/div>\n                        <\/div>\n                                            <div class=\"logo-wrapper delay-animation-2 scrollMagic-block\" data-uid=\"69e60b61cf4ed\">\n                            <div class=\"border-color-red\">\n                                <div class=\"logo\" style=\"background-image: url('https:\/\/entwicklung-schweiz.ch\/wp-content\/uploads\/2024\/11\/Artisa-Group_blu_cmyk_solo-logo-1.png')\"><\/div>\n\n                                                                    <div class=\"logo-link\">\n                                        <a href=\"https:\/\/artisagroup.com\/\" class=\"text-red\" target=\"_blank\">Lien<\/a>\n                                    <\/div>\n                                                            <\/div>\n                        <\/div>\n                                            <div class=\"logo-wrapper delay-animation-3 scrollMagic-block\" data-uid=\"69e60b61cf919\">\n                            <div class=\"border-color-red\">\n                                <div class=\"logo\" style=\"background-image: url('https:\/\/entwicklung-schweiz.ch\/wp-content\/uploads\/2025\/03\/Birchmeier_gruen_cmyk.jpg')\"><\/div>\n\n                                                                    <div class=\"logo-link\">\n                                        <a href=\"https:\/\/www.birchmeier-gruppe.ch\/\" class=\"text-red\" target=\"_blank\">Lien<\/a>\n                                    <\/div>\n                                                            <\/div>\n                        <\/div>\n                                            <div class=\"logo-wrapper delay-animation-0 scrollMagic-block\" data-uid=\"69e60b61cfe0e\">\n                            <div class=\"border-color-red\">\n                                <div class=\"logo\" style=\"background-image: url('https:\/\/entwicklung-schweiz.ch\/wp-content\/uploads\/2024\/02\/3cb0998f26bb86bf9eb99c14395f37db.jpeg')\"><\/div>\n\n                                                                    <div class=\"logo-link\">\n                                        <a href=\"https:\/\/www.c-vanoli.ch\/\" class=\"text-red\" target=\"_blank\">Lien<\/a>\n                                    <\/div>\n                                                            <\/div>\n                        <\/div>\n                                            <div class=\"logo-wrapper delay-animation-1 scrollMagic-block\" data-uid=\"69e60b61d0337\">\n                            <div class=\"border-color-red\">\n                                <div class=\"logo\" style=\"background-image: url('https:\/\/entwicklung-schweiz.ch\/wp-content\/uploads\/2025\/11\/ERNE_Gruppe_Original_RGB_16.4mm.png')\"><\/div>\n\n                                                                    <div class=\"logo-link\">\n                                        <a href=\"https:\/\/www.erne-gruppe.ch\/de\/\" class=\"text-red\" target=\"_blank\">Lien<\/a>\n                                    <\/div>\n                                                            <\/div>\n                        <\/div>\n                                            <div class=\"logo-wrapper delay-animation-2 scrollMagic-block\" data-uid=\"69e60b61d0736\">\n                            <div class=\"border-color-red\">\n                                <div class=\"logo\" style=\"background-image: url('https:\/\/entwicklung-schweiz.ch\/wp-content\/uploads\/2024\/02\/bad27fa9712010a8a180b9d7c7de9748.jpeg')\"><\/div>\n\n                                                                    <div class=\"logo-link\">\n                                        <a href=\"https:\/\/frutiger.com\/\" class=\"text-red\" target=\"_blank\">Lien<\/a>\n                                    <\/div>\n                                                            <\/div>\n                        <\/div>\n                                            <div class=\"logo-wrapper delay-animation-3 scrollMagic-block\" data-uid=\"69e60b61d0e3f\">\n                            <div class=\"border-color-red\">\n                                <div class=\"logo\" style=\"background-image: url('https:\/\/entwicklung-schweiz.ch\/wp-content\/uploads\/2024\/02\/b4fd8bcddc8d553dfd6b3701ad022d95.png')\"><\/div>\n\n                                                                    <div class=\"logo-link\">\n                                        <a href=\"https:\/\/www.gross-ag.ch\/de\/home.html\" class=\"text-red\" target=\"_blank\">Lien<\/a>\n                                    <\/div>\n                                                            <\/div>\n                        <\/div>\n                                            <div class=\"logo-wrapper delay-animation-0 scrollMagic-block\" data-uid=\"69e60b61d13ce\">\n                            <div class=\"border-color-red\">\n                                <div class=\"logo\" style=\"background-image: url('https:\/\/entwicklung-schweiz.ch\/wp-content\/uploads\/2024\/02\/3ee0f6b73ccabf94a4b1af3c3ef72969.jpeg')\"><\/div>\n\n                                                                    <div class=\"logo-link\">\n                                        <a href=\"https:\/\/hrs.ch\" class=\"text-red\" target=\"_blank\">Lien<\/a>\n                                    <\/div>\n                                                            <\/div>\n                        <\/div>\n                                            <div class=\"logo-wrapper delay-animation-1 scrollMagic-block\" data-uid=\"69e60b61d1a48\">\n                            <div class=\"border-color-red\">\n                                <div class=\"logo\" style=\"background-image: url('https:\/\/entwicklung-schweiz.ch\/wp-content\/uploads\/2024\/02\/9b9678461f8cc21b06d73e9d07d1863b.png')\"><\/div>\n\n                                                                    <div class=\"logo-link\">\n                                        <a href=\"https:\/\/implenia.com\" class=\"text-red\" target=\"_blank\">Lien<\/a>\n                                    <\/div>\n                                                            <\/div>\n                        <\/div>\n                                            <div class=\"logo-wrapper delay-animation-2 scrollMagic-block\" data-uid=\"69e60b61d1d76\">\n                            <div class=\"border-color-red\">\n                                <div class=\"logo\" style=\"background-image: url('https:\/\/entwicklung-schweiz.ch\/wp-content\/uploads\/2024\/02\/2495c69970e819e5ef27d6f96553d395.png')\"><\/div>\n\n                                                                    <div class=\"logo-link\">\n                                        <a href=\"https:\/\/www.leuthard.ag\/\" class=\"text-red\" target=\"_blank\">Lien<\/a>\n                                    <\/div>\n                                                            <\/div>\n                        <\/div>\n                                            <div class=\"logo-wrapper delay-animation-3 scrollMagic-block\" data-uid=\"69e60b61dbc2d\">\n                            <div class=\"border-color-red\">\n                                <div class=\"logo\" style=\"background-image: url('https:\/\/entwicklung-schweiz.ch\/wp-content\/uploads\/2024\/02\/28205b84e83044b7c2a82963cb60094c.png')\"><\/div>\n\n                                                                    <div class=\"logo-link\">\n                                        <a href=\"https:\/\/www.losinger-marazzi.ch\/de\/\" class=\"text-red\" target=\"_blank\">Lien<\/a>\n                                    <\/div>\n                                                            <\/div>\n                        <\/div>\n                                            <div class=\"logo-wrapper delay-animation-0 scrollMagic-block\" data-uid=\"69e60b61dc09c\">\n                            <div class=\"border-color-red\">\n                                <div class=\"logo\" style=\"background-image: url('https:\/\/entwicklung-schweiz.ch\/wp-content\/uploads\/2024\/02\/f5b1aad353cc558e759e21f90a4a8080.png')\"><\/div>\n\n                                                                    <div class=\"logo-link\">\n                                        <a href=\"https:\/\/www.marti-gesamtleistungen.ch\/de\/\" class=\"text-red\" target=\"_blank\">Lien<\/a>\n                                    <\/div>\n                                                            <\/div>\n                        <\/div>\n                                            <div class=\"logo-wrapper delay-animation-1 scrollMagic-block\" data-uid=\"69e60b61dc423\">\n                            <div class=\"border-color-red\">\n                                <div class=\"logo\" style=\"background-image: url('https:\/\/entwicklung-schweiz.ch\/wp-content\/uploads\/2024\/02\/1e65c1e4649f29104deac19b07a12a86.jpeg')\"><\/div>\n\n                                                                    <div class=\"logo-link\">\n                                        <a href=\"https:\/\/www.pvision.ch\/\" class=\"text-red\" target=\"_blank\">Lien<\/a>\n                                    <\/div>\n                                                            <\/div>\n                        <\/div>\n                                            <div class=\"logo-wrapper delay-animation-2 scrollMagic-block\" data-uid=\"69e60b61dc7bb\">\n                            <div class=\"border-color-red\">\n                                <div class=\"logo\" style=\"background-image: url('https:\/\/entwicklung-schweiz.ch\/wp-content\/uploads\/2024\/05\/WSG_Logo_RGB_Mint75-pdf.jpg')\"><\/div>\n\n                                                                    <div class=\"logo-link\">\n                                        <a href=\"https:\/\/wsg.ch\/de\/\" class=\"text-red\" target=\"_blank\">Lien<\/a>\n                                    <\/div>\n                                                            <\/div>\n                        <\/div>\n                                    <\/div>\n            <\/div>\n        <\/section>\n    \n\n\n\n<p><\/p>\n\n\n\n            <section class=\"page-card-block  \">\n            \n            <div class=\"page-card-image-block-mob scrollMagic-block\" style=\"background-image: url('https:\/\/entwicklung-schweiz.ch\/wp-content\/uploads\/2024\/02\/b0df5bbd57ae3e03954da3d3c1af5149-1200x848.jpeg')\" data-uid=\"69e60b61ddd5b\">\n                <img decoding=\"async\" src=\"https:\/\/entwicklung-schweiz.ch\/wp-content\/themes\/entwicklung_schweiz\/assets\/images\/page_card_image_frame.png\" alt=\"Frame\" width=\"1px\" height=\"1px\" \/>\n            <\/div>\n\n            <div class=\"page-card-content-block  bg-color-white border-color-red_dark  scrollMagic-block\" data-uid=\"69e60b61dd95b\">\n                <div class=\"page-card-top-block\">\n                                            <h2 class=\"mb-0 word-break-on h2-big text-red_dark\">Devenir membre<\/h2>\n                                    <\/div>\n\n                                    <div class=\"page-card-middle-block\">\n                        <p class=\"mb-0 card-description-simple \">Devenez membre de D\u00e9veloppement Suisse.\r\n<\/p>\n                    <\/div>\n                \n                <div class=\"page-card-buttons-block\">\n                    \n                    <a href=\"https:\/\/entwicklung-schweiz.ch\/fr\/membres\/devenir-membre\/\" class=\"red_dark-border-button \" >Contact<\/a>\n                <\/div>\n            <\/div>\n\n            <div class=\"page-card-image-block scrollMagic-block delay-animation-1\" style=\"background-image: url('https:\/\/entwicklung-schweiz.ch\/wp-content\/uploads\/2024\/02\/b0df5bbd57ae3e03954da3d3c1af5149-1200x848.jpeg')\" data-uid=\"69e60b61dd95b\">\n                <img decoding=\"async\" src=\"https:\/\/entwicklung-schweiz.ch\/wp-content\/themes\/entwicklung_schweiz\/assets\/images\/page_card_image_frame.png\" alt=\"Frame\" width=\"1px\" height=\"1px\" \/>\n            <\/div>\n        <\/section>\n    \n\n\n\n            <section class=\"page-card-block page-card-block-mb-bigger \">\n            \n            <div class=\"page-card-image-block-mob scrollMagic-block\" style=\"background-image: url('https:\/\/entwicklung-schweiz.ch\/wp-content\/uploads\/2024\/02\/0e63fbcf1081f46e9fc9cae18857aad8-1200x800.jpeg')\" data-uid=\"69e60b61def83\">\n                <img decoding=\"async\" src=\"https:\/\/entwicklung-schweiz.ch\/wp-content\/themes\/entwicklung_schweiz\/assets\/images\/page_card_image_frame.png\" alt=\"Frame\" width=\"1px\" height=\"1px\" \/>\n            <\/div>\n\n            <div class=\"page-card-content-block  bg-color-red_dark border-color-red_dark  scrollMagic-block\" data-uid=\"69e60b61de8b0\">\n                <div class=\"page-card-top-block\">\n                                            <h2 class=\"mb-0 word-break-on h2-big text-white\">Partenaires associ\u00e9s<\/h2>\n                                    <\/div>\n\n                                    <div class=\"page-card-middle-block\">\n                        <p class=\"mb-0 card-description-simple text-white\">Devenez partenaire associ\u00e9 de D\u00e9veloppement Suisse.\r\n<\/p>\n                    <\/div>\n                \n                <div class=\"page-card-buttons-block\">\n                    \n                    <a href=\"https:\/\/entwicklung-schweiz.ch\/fr\/membres\/partenaires-associes\/\" class=\"white-border-button white-border-button-hover-red_dark\" >En savoir plus<\/a>\n                <\/div>\n            <\/div>\n\n            <div class=\"page-card-image-block scrollMagic-block delay-animation-1\" style=\"background-image: url('https:\/\/entwicklung-schweiz.ch\/wp-content\/uploads\/2024\/02\/0e63fbcf1081f46e9fc9cae18857aad8-1200x800.jpeg')\" data-uid=\"69e60b61de8b0\">\n                <img decoding=\"async\" src=\"https:\/\/entwicklung-schweiz.ch\/wp-content\/themes\/entwicklung_schweiz\/assets\/images\/page_card_image_frame.png\" alt=\"Frame\" width=\"1px\" height=\"1px\" \/>\n            <\/div>\n        <\/section>\n    \n","protected":false},"excerpt":{"rendered":"<p>Les membres de D\u00e9veloppement Suisse assument des responsabilit\u00e9s pour la qualit\u00e9 de vie et du logement dans notre pays. Ils contribuent \u00e0 un d\u00e9veloppement judicieux de la Suisse, tenant compte des effets \u00e9conomiques, \u00e9cologiques et sociaux. Ils s\u2019engagent activement dans la vie publique, politique et \u00e9conomique, ainsi qu\u2019aupr\u00e8s des autorit\u00e9s communales et cantonales.<\/p>\n","protected":false},"author":7,"featured_media":66,"parent":1662,"menu_order":2,"comment_status":"closed","ping_status":"closed","template":"","meta":{"_acf_changed":false,"inline_featured_image":false,"_themeisle_gutenberg_block_has_review":false,"footnotes":""},"acf":[],"yoast_head":"<!-- This site is optimized with the Yoast SEO Premium plugin v22.7 (Yoast SEO v22.7) - https:\/\/yoast.com\/wordpress\/plugins\/seo\/ -->\n<title>Nos membres - Entwicklung Schweiz<\/title>\n<meta name=\"robots\" content=\"index, follow, max-snippet:-1, max-image-preview:large, max-video-preview:-1\" \/>\n<link rel=\"canonical\" href=\"https:\/\/entwicklung-schweiz.ch\/fr\/membres\/nos-membres\/\" \/>\n<meta property=\"og:locale\" content=\"fr_FR\" \/>\n<meta property=\"og:type\" content=\"article\" \/>\n<meta property=\"og:title\" content=\"Nos membres\" \/>\n<meta property=\"og:description\" content=\"Les membres de D\u00e9veloppement Suisse assument des responsabilit\u00e9s pour la qualit\u00e9 de vie et du logement dans notre pays. Ils contribuent \u00e0 un d\u00e9veloppement judicieux de la Suisse, tenant compte des effets \u00e9conomiques, \u00e9cologiques et sociaux. Ils s\u2019engagent activement dans la vie publique, politique et \u00e9conomique, ainsi qu\u2019aupr\u00e8s des autorit\u00e9s communales et cantonales.\" \/>\n<meta property=\"og:url\" content=\"https:\/\/entwicklung-schweiz.ch\/fr\/membres\/nos-membres\/\" \/>\n<meta property=\"og:site_name\" content=\"Entwicklung Schweiz\" \/>\n<meta property=\"article:modified_time\" content=\"2024-05-22T09:48:57+00:00\" \/>\n<meta property=\"og:image\" content=\"https:\/\/entwicklung-schweiz.ch\/wp-content\/uploads\/2024\/02\/b0df5bbd57ae3e03954da3d3c1af5149.jpeg\" \/>\n\t<meta property=\"og:image:width\" content=\"1380\" \/>\n\t<meta property=\"og:image:height\" content=\"975\" \/>\n\t<meta property=\"og:image:type\" content=\"image\/jpeg\" \/>\n<meta name=\"twitter:card\" content=\"summary_large_image\" \/>\n<meta name=\"twitter:label1\" content=\"Dur\u00e9e de lecture estim\u00e9e\" \/>\n\t<meta name=\"twitter:data1\" content=\"1 minute\" \/>\n<script type=\"application\/ld+json\" class=\"yoast-schema-graph\">{\"@context\":\"https:\/\/schema.org\",\"@graph\":[{\"@type\":\"WebPage\",\"@id\":\"https:\/\/entwicklung-schweiz.ch\/fr\/membres\/nos-membres\/\",\"url\":\"https:\/\/entwicklung-schweiz.ch\/fr\/membres\/nos-membres\/\",\"name\":\"Nos membres - Entwicklung Schweiz\",\"isPartOf\":{\"@id\":\"https:\/\/entwicklung-schweiz.ch\/#website\"},\"primaryImageOfPage\":{\"@id\":\"https:\/\/entwicklung-schweiz.ch\/fr\/membres\/nos-membres\/#primaryimage\"},\"image\":{\"@id\":\"https:\/\/entwicklung-schweiz.ch\/fr\/membres\/nos-membres\/#primaryimage\"},\"thumbnailUrl\":\"https:\/\/entwicklung-schweiz.ch\/wp-content\/uploads\/2024\/02\/b0df5bbd57ae3e03954da3d3c1af5149.jpeg\",\"datePublished\":\"2024-02-21T07:38:50+00:00\",\"dateModified\":\"2024-05-22T09:48:57+00:00\",\"breadcrumb\":{\"@id\":\"https:\/\/entwicklung-schweiz.ch\/fr\/membres\/nos-membres\/#breadcrumb\"},\"inLanguage\":\"fr-FR\",\"potentialAction\":[{\"@type\":\"ReadAction\",\"target\":[\"https:\/\/entwicklung-schweiz.ch\/fr\/membres\/nos-membres\/\"]}]},{\"@type\":\"ImageObject\",\"inLanguage\":\"fr-FR\",\"@id\":\"https:\/\/entwicklung-schweiz.ch\/fr\/membres\/nos-membres\/#primaryimage\",\"url\":\"https:\/\/entwicklung-schweiz.ch\/wp-content\/uploads\/2024\/02\/b0df5bbd57ae3e03954da3d3c1af5149.jpeg\",\"contentUrl\":\"https:\/\/entwicklung-schweiz.ch\/wp-content\/uploads\/2024\/02\/b0df5bbd57ae3e03954da3d3c1af5149.jpeg\",\"width\":1380,\"height\":975},{\"@type\":\"BreadcrumbList\",\"@id\":\"https:\/\/entwicklung-schweiz.ch\/fr\/membres\/nos-membres\/#breadcrumb\",\"itemListElement\":[{\"@type\":\"ListItem\",\"position\":1,\"name\":\"Home\",\"item\":\"https:\/\/entwicklung-schweiz.ch\/fr\/\"},{\"@type\":\"ListItem\",\"position\":2,\"name\":\"Membres\",\"item\":\"https:\/\/entwicklung-schweiz.ch\/fr\/membres\/\"},{\"@type\":\"ListItem\",\"position\":3,\"name\":\"Nos membres\"}]},{\"@type\":\"WebSite\",\"@id\":\"https:\/\/entwicklung-schweiz.ch\/#website\",\"url\":\"https:\/\/entwicklung-schweiz.ch\/\",\"name\":\"Entwicklung Schweiz\",\"description\":\"\",\"publisher\":{\"@id\":\"https:\/\/entwicklung-schweiz.ch\/#organization\"},\"potentialAction\":[{\"@type\":\"SearchAction\",\"target\":{\"@type\":\"EntryPoint\",\"urlTemplate\":\"https:\/\/entwicklung-schweiz.ch\/?s={search_term_string}\"},\"query-input\":\"required name=search_term_string\"}],\"inLanguage\":\"fr-FR\"},{\"@type\":\"Organization\",\"@id\":\"https:\/\/entwicklung-schweiz.ch\/#organization\",\"name\":\"Entwicklung Schweiz\",\"url\":\"https:\/\/entwicklung-schweiz.ch\/\",\"logo\":{\"@type\":\"ImageObject\",\"inLanguage\":\"fr-FR\",\"@id\":\"https:\/\/entwicklung-schweiz.ch\/#\/schema\/logo\/image\/\",\"url\":\"https:\/\/entwicklung-schweiz.ch\/wp-content\/uploads\/2024\/02\/Logo_colors.svg\",\"contentUrl\":\"https:\/\/entwicklung-schweiz.ch\/wp-content\/uploads\/2024\/02\/Logo_colors.svg\",\"width\":243,\"height\":49,\"caption\":\"Entwicklung Schweiz\"},\"image\":{\"@id\":\"https:\/\/entwicklung-schweiz.ch\/#\/schema\/logo\/image\/\"}}]}<\/script>\n<!-- \/ Yoast SEO Premium plugin. -->","yoast_head_json":{"title":"Nos membres - Entwicklung Schweiz","robots":{"index":"index","follow":"follow","max-snippet":"max-snippet:-1","max-image-preview":"max-image-preview:large","max-video-preview":"max-video-preview:-1"},"canonical":"https:\/\/entwicklung-schweiz.ch\/fr\/membres\/nos-membres\/","og_locale":"fr_FR","og_type":"article","og_title":"Nos membres","og_description":"Les membres de D\u00e9veloppement Suisse assument des responsabilit\u00e9s pour la qualit\u00e9 de vie et du logement dans notre pays. Ils contribuent \u00e0 un d\u00e9veloppement judicieux de la Suisse, tenant compte des effets \u00e9conomiques, \u00e9cologiques et sociaux. Ils s\u2019engagent activement dans la vie publique, politique et \u00e9conomique, ainsi qu\u2019aupr\u00e8s des autorit\u00e9s communales et cantonales.","og_url":"https:\/\/entwicklung-schweiz.ch\/fr\/membres\/nos-membres\/","og_site_name":"Entwicklung Schweiz","article_modified_time":"2024-05-22T09:48:57+00:00","og_image":[{"width":1380,"height":975,"url":"https:\/\/entwicklung-schweiz.ch\/wp-content\/uploads\/2024\/02\/b0df5bbd57ae3e03954da3d3c1af5149.jpeg","type":"image\/jpeg"}],"twitter_card":"summary_large_image","twitter_misc":{"Dur\u00e9e de lecture estim\u00e9e":"1 minute"},"schema":{"@context":"https:\/\/schema.org","@graph":[{"@type":"WebPage","@id":"https:\/\/entwicklung-schweiz.ch\/fr\/membres\/nos-membres\/","url":"https:\/\/entwicklung-schweiz.ch\/fr\/membres\/nos-membres\/","name":"Nos membres - Entwicklung Schweiz","isPartOf":{"@id":"https:\/\/entwicklung-schweiz.ch\/#website"},"primaryImageOfPage":{"@id":"https:\/\/entwicklung-schweiz.ch\/fr\/membres\/nos-membres\/#primaryimage"},"image":{"@id":"https:\/\/entwicklung-schweiz.ch\/fr\/membres\/nos-membres\/#primaryimage"},"thumbnailUrl":"https:\/\/entwicklung-schweiz.ch\/wp-content\/uploads\/2024\/02\/b0df5bbd57ae3e03954da3d3c1af5149.jpeg","datePublished":"2024-02-21T07:38:50+00:00","dateModified":"2024-05-22T09:48:57+00:00","breadcrumb":{"@id":"https:\/\/entwicklung-schweiz.ch\/fr\/membres\/nos-membres\/#breadcrumb"},"inLanguage":"fr-FR","potentialAction":[{"@type":"ReadAction","target":["https:\/\/entwicklung-schweiz.ch\/fr\/membres\/nos-membres\/"]}]},{"@type":"ImageObject","inLanguage":"fr-FR","@id":"https:\/\/entwicklung-schweiz.ch\/fr\/membres\/nos-membres\/#primaryimage","url":"https:\/\/entwicklung-schweiz.ch\/wp-content\/uploads\/2024\/02\/b0df5bbd57ae3e03954da3d3c1af5149.jpeg","contentUrl":"https:\/\/entwicklung-schweiz.ch\/wp-content\/uploads\/2024\/02\/b0df5bbd57ae3e03954da3d3c1af5149.jpeg","width":1380,"height":975},{"@type":"BreadcrumbList","@id":"https:\/\/entwicklung-schweiz.ch\/fr\/membres\/nos-membres\/#breadcrumb","itemListElement":[{"@type":"ListItem","position":1,"name":"Home","item":"https:\/\/entwicklung-schweiz.ch\/fr\/"},{"@type":"ListItem","position":2,"name":"Membres","item":"https:\/\/entwicklung-schweiz.ch\/fr\/membres\/"},{"@type":"ListItem","position":3,"name":"Nos membres"}]},{"@type":"WebSite","@id":"https:\/\/entwicklung-schweiz.ch\/#website","url":"https:\/\/entwicklung-schweiz.ch\/","name":"Entwicklung Schweiz","description":"","publisher":{"@id":"https:\/\/entwicklung-schweiz.ch\/#organization"},"potentialAction":[{"@type":"SearchAction","target":{"@type":"EntryPoint","urlTemplate":"https:\/\/entwicklung-schweiz.ch\/?s={search_term_string}"},"query-input":"required name=search_term_string"}],"inLanguage":"fr-FR"},{"@type":"Organization","@id":"https:\/\/entwicklung-schweiz.ch\/#organization","name":"Entwicklung Schweiz","url":"https:\/\/entwicklung-schweiz.ch\/","logo":{"@type":"ImageObject","inLanguage":"fr-FR","@id":"https:\/\/entwicklung-schweiz.ch\/#\/schema\/logo\/image\/","url":"https:\/\/entwicklung-schweiz.ch\/wp-content\/uploads\/2024\/02\/Logo_colors.svg","contentUrl":"https:\/\/entwicklung-schweiz.ch\/wp-content\/uploads\/2024\/02\/Logo_colors.svg","width":243,"height":49,"caption":"Entwicklung Schweiz"},"image":{"@id":"https:\/\/entwicklung-schweiz.ch\/#\/schema\/logo\/image\/"}}]}},"_links":{"self":[{"href":"https:\/\/entwicklung-schweiz.ch\/fr\/wp-json\/wp\/v2\/pages\/1708"}],"collection":[{"href":"https:\/\/entwicklung-schweiz.ch\/fr\/wp-json\/wp\/v2\/pages"}],"about":[{"href":"https:\/\/entwicklung-schweiz.ch\/fr\/wp-json\/wp\/v2\/types\/page"}],"author":[{"embeddable":true,"href":"https:\/\/entwicklung-schweiz.ch\/fr\/wp-json\/wp\/v2\/users\/7"}],"replies":[{"embeddable":true,"href":"https:\/\/entwicklung-schweiz.ch\/fr\/wp-json\/wp\/v2\/comments?post=1708"}],"version-history":[{"count":2,"href":"https:\/\/entwicklung-schweiz.ch\/fr\/wp-json\/wp\/v2\/pages\/1708\/revisions"}],"predecessor-version":[{"id":1759,"href":"https:\/\/entwicklung-schweiz.ch\/fr\/wp-json\/wp\/v2\/pages\/1708\/revisions\/1759"}],"up":[{"embeddable":true,"href":"https:\/\/entwicklung-schweiz.ch\/fr\/wp-json\/wp\/v2\/pages\/1662"}],"wp:featuredmedia":[{"embeddable":true,"href":"https:\/\/entwicklung-schweiz.ch\/fr\/wp-json\/wp\/v2\/media\/66"}],"wp:attachment":[{"href":"https:\/\/entwicklung-schweiz.ch\/fr\/wp-json\/wp\/v2\/media?parent=1708"}],"curies":[{"name":"wp","href":"https:\/\/api.w.org\/{rel}","templated":true}]}}