{"id":286,"date":"2024-02-21T14:14:48","date_gmt":"2024-02-21T13:14:48","guid":{"rendered":"https:\/\/dev.entwicklung-schweiz.bertastrasse1.ch\/events\/"},"modified":"2024-05-22T13:57:52","modified_gmt":"2024-05-22T11:57:52","slug":"manifestations","status":"publish","type":"page","link":"https:\/\/entwicklung-schweiz.ch\/fr\/manifestations\/","title":{"rendered":"Manifestations"},"content":{"rendered":"\n<p>D\u00e9veloppement Suisse organise chaque ann\u00e9e plusieurs \u00e9v\u00e9nements exclusifs auxquels ses membres et partenaires associ\u00e9s re\u00e7oivent une invitation personnelle. Pour les diff\u00e9rentes parties prenantes, ils offrent une occasion unique de se rencontrer, d\u2019\u00e9changer les connaissances et exp\u00e9riences, de nouer de nouveaux contacts et de discuter de sujets pertinents pour le secteur et orient\u00e9s vers l\u2019avenir, ouvrant la voie \u00e0 de nouvelles id\u00e9es et \u00e0 des solutions communes.<\/p>\n\n\n\n<h2 class=\"wp-block-heading\"><strong>Manifestations pass\u00e9es<\/strong><\/h2>\n\n\n\n<p>Les membres de D\u00e9veloppement Suisse assument des responsabilit\u00e9s pour la qualit\u00e9 de vie et du logement dans notre pays. Ils contribuent \u00e0 un d\u00e9veloppement judicieux de la Suisse, tenant compte des effets \u00e9conomiques, \u00e9cologiques et sociaux. Ils s\u2019engagent activement dans la vie publique, politique et \u00e9conomique, ainsi qu\u2019aupr\u00e8s des autorit\u00e9s communales et cantonales.<\/p>\n\n\n\n    <section class=\"events-old-block\" data-postsperpage=\"3\" data-maxnumpages=\"2\" data-paged=\"1\" data-pagemaincolor=\"red\">\n                    <div class=\"event-old-cards-block\">\n                \n<div class=\"event-old-card-block\">\n    <div class=\"event-old-card-image-block-mob scrollMagic-block\" style=\"background-image: url('https:\/\/entwicklung-schweiz.ch\/wp-content\/uploads\/2025\/06\/Screenshots7-1200x675.jpg')\" data-uid=\"6a08a0f425b54\">\n        <img decoding=\"async\" src=\"https:\/\/entwicklung-schweiz.ch\/wp-content\/themes\/entwicklung_schweiz\/assets\/images\/page_card_image_frame.png\" alt=\"Frame\" width=\"1px\" height=\"1px\" \/>\n    <\/div>\n\n    <div class=\"event-old-card-content-block border-color-red scrollMagic-block\" data-uid=\"6a08a0f425b54\">\n        <div class=\"event-old-card-top-block\">\n            <h2 class=\"mb-0 h2-big text-red\">\n                Manifestation annuelle \u00e0 Berne 2025            <\/h2>\n            <div class=\"title-divider\"><\/div>\n\n                    <\/div>\n\n        <div class=\"event-old-card-button-block\">\n            <div class=\"button-divider\"><\/div>\n            <a href=\"https:\/\/entwicklung-schweiz.ch\/fr\/event\/manifestation-annuelle-a-berne-2025\/\" class=\"red-border-button \">En savoir plus<\/a>\n        <\/div>\n    <\/div>\n\n    <div class=\"event-old-card-image-block scrollMagic-block delay-animation-1\" style=\"background-image: url('https:\/\/entwicklung-schweiz.ch\/wp-content\/uploads\/2025\/06\/Screenshots7-1200x675.jpg')\" data-uid=\"6a08a0f425b54\">\n        <img decoding=\"async\" src=\"https:\/\/entwicklung-schweiz.ch\/wp-content\/themes\/entwicklung_schweiz\/assets\/images\/page_card_image_frame.png\" alt=\"Frame\" width=\"1px\" height=\"1px\" \/>\n    <\/div>\n<\/div>\n\n<div class=\"event-old-card-block\">\n    <div class=\"event-old-card-image-block-mob scrollMagic-block\" style=\"background-image: url('https:\/\/entwicklung-schweiz.ch\/wp-content\/uploads\/2024\/05\/jahresanlass2024-1200x675.png')\" data-uid=\"6a08a0f42667a\">\n        <img decoding=\"async\" src=\"https:\/\/entwicklung-schweiz.ch\/wp-content\/themes\/entwicklung_schweiz\/assets\/images\/page_card_image_frame.png\" alt=\"Frame\" width=\"1px\" height=\"1px\" \/>\n    <\/div>\n\n    <div class=\"event-old-card-content-block border-color-red scrollMagic-block\" data-uid=\"6a08a0f42667a\">\n        <div class=\"event-old-card-top-block\">\n            <h2 class=\"mb-0 h2-big text-red\">\n                Manifestation annuelle \u00e0 Berne 2024            <\/h2>\n            <div class=\"title-divider\"><\/div>\n\n                            <p class=\"event-old-card-description\">FR<\/p>\n                    <\/div>\n\n        <div class=\"event-old-card-button-block\">\n            <div class=\"button-divider\"><\/div>\n            <a href=\"https:\/\/entwicklung-schweiz.ch\/fr\/event\/manifestation-2024\/\" class=\"red-border-button \">En savoir plus<\/a>\n        <\/div>\n    <\/div>\n\n    <div class=\"event-old-card-image-block scrollMagic-block delay-animation-1\" style=\"background-image: url('https:\/\/entwicklung-schweiz.ch\/wp-content\/uploads\/2024\/05\/jahresanlass2024-1200x675.png')\" data-uid=\"6a08a0f42667a\">\n        <img decoding=\"async\" src=\"https:\/\/entwicklung-schweiz.ch\/wp-content\/themes\/entwicklung_schweiz\/assets\/images\/page_card_image_frame.png\" alt=\"Frame\" width=\"1px\" height=\"1px\" \/>\n    <\/div>\n<\/div>\n\n<div class=\"event-old-card-block\">\n    <div class=\"event-old-card-image-block-mob scrollMagic-block\" style=\"background-image: url('https:\/\/entwicklung-schweiz.ch\/wp-content\/uploads\/2024\/02\/fd744a7dd7b13d0c0097723abc771899.jpeg')\" data-uid=\"6a08a0f426ec9\">\n        <img decoding=\"async\" src=\"https:\/\/entwicklung-schweiz.ch\/wp-content\/themes\/entwicklung_schweiz\/assets\/images\/page_card_image_frame.png\" alt=\"Frame\" width=\"1px\" height=\"1px\" \/>\n    <\/div>\n\n    <div class=\"event-old-card-content-block border-color-red scrollMagic-block\" data-uid=\"6a08a0f426ec9\">\n        <div class=\"event-old-card-top-block\">\n            <h2 class=\"mb-0 h2-big text-red\">\n                Forum annuel 2022            <\/h2>\n            <div class=\"title-divider\"><\/div>\n\n                            <p class=\"event-old-card-description\">Apr\u00e8s deux ans de pause, le Forum annuel de D\u00e9veloppement Suisse a pu de nouveau avoir lieu le 1er juin. Devant plus de 150 invit\u00e9s, la conseill\u00e8re f\u00e9d\u00e9rale Viola Amherd a pr\u00e9sent\u00e9 les multiples facettes de la strat\u00e9gie immobili\u00e8re du DDPS.<\/p>\n                    <\/div>\n\n        <div class=\"event-old-card-button-block\">\n            <div class=\"button-divider\"><\/div>\n            <a href=\"https:\/\/entwicklung-schweiz.ch\/fr\/event\/fr-jahresanlass-2022\/\" class=\"red-border-button \">En savoir plus<\/a>\n        <\/div>\n    <\/div>\n\n    <div class=\"event-old-card-image-block scrollMagic-block delay-animation-1\" style=\"background-image: url('https:\/\/entwicklung-schweiz.ch\/wp-content\/uploads\/2024\/02\/fd744a7dd7b13d0c0097723abc771899.jpeg')\" data-uid=\"6a08a0f426ec9\">\n        <img decoding=\"async\" src=\"https:\/\/entwicklung-schweiz.ch\/wp-content\/themes\/entwicklung_schweiz\/assets\/images\/page_card_image_frame.png\" alt=\"Frame\" width=\"1px\" height=\"1px\" \/>\n    <\/div>\n<\/div>\n            <\/div>\n\n                            <div class=\"event-old-load-more-btn-block\">\n                    <a href=\"#\" class=\"red-border-button big-btn \">charger plus<\/a>\n                <\/div>\n                        <\/section>\n\n\n\n","protected":false},"excerpt":{"rendered":"<p>D\u00e9veloppement Suisse organise chaque ann\u00e9e plusieurs \u00e9v\u00e9nements exclusifs auxquels ses membres et partenaires associ\u00e9s re\u00e7oivent une invitation personnelle. Pour les diff\u00e9rentes parties prenantes, ils offrent une occasion unique de se rencontrer, d\u2019\u00e9changer les connaissances et exp\u00e9riences, de nouer de nouveaux contacts et de discuter de sujets pertinents pour le secteur et orient\u00e9s vers l\u2019avenir, ouvrant [&hellip;]<\/p>\n","protected":false},"author":1,"featured_media":66,"parent":0,"menu_order":3,"comment_status":"closed","ping_status":"closed","template":"","meta":{"_acf_changed":false,"inline_featured_image":false,"_themeisle_gutenberg_block_has_review":false,"footnotes":""},"class_list":["post-286","page","type-page","status-publish","has-post-thumbnail","hentry"],"acf":[],"yoast_head":"<!-- This site is optimized with the Yoast SEO Premium plugin v22.7 (Yoast SEO v27.5) - https:\/\/yoast.com\/product\/yoast-seo-premium-wordpress\/ -->\n<title>Manifestations - Entwicklung Schweiz<\/title>\n<meta name=\"robots\" content=\"index, follow, max-snippet:-1, max-image-preview:large, max-video-preview:-1\" \/>\n<link rel=\"canonical\" href=\"https:\/\/entwicklung-schweiz.ch\/fr\/manifestations\/\" \/>\n<meta property=\"og:locale\" content=\"fr_FR\" \/>\n<meta property=\"og:type\" content=\"article\" \/>\n<meta property=\"og:title\" content=\"Manifestations\" \/>\n<meta property=\"og:description\" content=\"D\u00e9veloppement Suisse organise chaque ann\u00e9e plusieurs \u00e9v\u00e9nements exclusifs auxquels ses membres et partenaires associ\u00e9s re\u00e7oivent une invitation personnelle. Pour les diff\u00e9rentes parties prenantes, ils offrent une occasion unique de se rencontrer, d\u2019\u00e9changer les connaissances et exp\u00e9riences, de nouer de nouveaux contacts et de discuter de sujets pertinents pour le secteur et orient\u00e9s vers l\u2019avenir, ouvrant [&hellip;]\" \/>\n<meta property=\"og:url\" content=\"https:\/\/entwicklung-schweiz.ch\/fr\/manifestations\/\" \/>\n<meta property=\"og:site_name\" content=\"Entwicklung Schweiz\" \/>\n<meta property=\"article:modified_time\" content=\"2024-05-22T11:57:52+00:00\" \/>\n<meta property=\"og:image\" content=\"https:\/\/entwicklung-schweiz.ch\/wp-content\/uploads\/2024\/02\/b0df5bbd57ae3e03954da3d3c1af5149.jpeg\" \/>\n\t<meta property=\"og:image:width\" content=\"1380\" \/>\n\t<meta property=\"og:image:height\" content=\"975\" \/>\n\t<meta property=\"og:image:type\" content=\"image\/jpeg\" \/>\n<meta name=\"twitter:card\" content=\"summary_large_image\" \/>\n<meta name=\"twitter:label1\" content=\"Dur\u00e9e de lecture estim\u00e9e\" \/>\n\t<meta name=\"twitter:data1\" content=\"1 minute\" \/>\n<script type=\"application\/ld+json\" class=\"yoast-schema-graph\">{\"@context\":\"https:\\\/\\\/schema.org\",\"@graph\":[{\"@type\":\"WebPage\",\"@id\":\"https:\\\/\\\/entwicklung-schweiz.ch\\\/fr\\\/manifestations\\\/\",\"url\":\"https:\\\/\\\/entwicklung-schweiz.ch\\\/fr\\\/manifestations\\\/\",\"name\":\"Manifestations - Entwicklung Schweiz\",\"isPartOf\":{\"@id\":\"https:\\\/\\\/entwicklung-schweiz.ch\\\/#website\"},\"primaryImageOfPage\":{\"@id\":\"https:\\\/\\\/entwicklung-schweiz.ch\\\/fr\\\/manifestations\\\/#primaryimage\"},\"image\":{\"@id\":\"https:\\\/\\\/entwicklung-schweiz.ch\\\/fr\\\/manifestations\\\/#primaryimage\"},\"thumbnailUrl\":\"https:\\\/\\\/entwicklung-schweiz.ch\\\/wp-content\\\/uploads\\\/2024\\\/02\\\/b0df5bbd57ae3e03954da3d3c1af5149.jpeg\",\"datePublished\":\"2024-02-21T13:14:48+00:00\",\"dateModified\":\"2024-05-22T11:57:52+00:00\",\"breadcrumb\":{\"@id\":\"https:\\\/\\\/entwicklung-schweiz.ch\\\/fr\\\/manifestations\\\/#breadcrumb\"},\"inLanguage\":\"fr-FR\",\"potentialAction\":[{\"@type\":\"ReadAction\",\"target\":[\"https:\\\/\\\/entwicklung-schweiz.ch\\\/fr\\\/manifestations\\\/\"]}]},{\"@type\":\"ImageObject\",\"inLanguage\":\"fr-FR\",\"@id\":\"https:\\\/\\\/entwicklung-schweiz.ch\\\/fr\\\/manifestations\\\/#primaryimage\",\"url\":\"https:\\\/\\\/entwicklung-schweiz.ch\\\/wp-content\\\/uploads\\\/2024\\\/02\\\/b0df5bbd57ae3e03954da3d3c1af5149.jpeg\",\"contentUrl\":\"https:\\\/\\\/entwicklung-schweiz.ch\\\/wp-content\\\/uploads\\\/2024\\\/02\\\/b0df5bbd57ae3e03954da3d3c1af5149.jpeg\",\"width\":1380,\"height\":975},{\"@type\":\"BreadcrumbList\",\"@id\":\"https:\\\/\\\/entwicklung-schweiz.ch\\\/fr\\\/manifestations\\\/#breadcrumb\",\"itemListElement\":[{\"@type\":\"ListItem\",\"position\":1,\"name\":\"Home\",\"item\":\"https:\\\/\\\/entwicklung-schweiz.ch\\\/fr\\\/\"},{\"@type\":\"ListItem\",\"position\":2,\"name\":\"Manifestations\"}]},{\"@type\":\"WebSite\",\"@id\":\"https:\\\/\\\/entwicklung-schweiz.ch\\\/#website\",\"url\":\"https:\\\/\\\/entwicklung-schweiz.ch\\\/\",\"name\":\"Entwicklung Schweiz\",\"description\":\"\",\"publisher\":{\"@id\":\"https:\\\/\\\/entwicklung-schweiz.ch\\\/#organization\"},\"potentialAction\":[{\"@type\":\"SearchAction\",\"target\":{\"@type\":\"EntryPoint\",\"urlTemplate\":\"https:\\\/\\\/entwicklung-schweiz.ch\\\/?s={search_term_string}\"},\"query-input\":{\"@type\":\"PropertyValueSpecification\",\"valueRequired\":true,\"valueName\":\"search_term_string\"}}],\"inLanguage\":\"fr-FR\"},{\"@type\":\"Organization\",\"@id\":\"https:\\\/\\\/entwicklung-schweiz.ch\\\/#organization\",\"name\":\"Entwicklung Schweiz\",\"url\":\"https:\\\/\\\/entwicklung-schweiz.ch\\\/\",\"logo\":{\"@type\":\"ImageObject\",\"inLanguage\":\"fr-FR\",\"@id\":\"https:\\\/\\\/entwicklung-schweiz.ch\\\/#\\\/schema\\\/logo\\\/image\\\/\",\"url\":\"https:\\\/\\\/entwicklung-schweiz.ch\\\/wp-content\\\/uploads\\\/2024\\\/02\\\/Logo_colors.svg\",\"contentUrl\":\"https:\\\/\\\/entwicklung-schweiz.ch\\\/wp-content\\\/uploads\\\/2024\\\/02\\\/Logo_colors.svg\",\"width\":243,\"height\":49,\"caption\":\"Entwicklung Schweiz\"},\"image\":{\"@id\":\"https:\\\/\\\/entwicklung-schweiz.ch\\\/#\\\/schema\\\/logo\\\/image\\\/\"}}]}<\/script>\n<!-- \/ Yoast SEO Premium plugin. -->","yoast_head_json":{"title":"Manifestations - Entwicklung Schweiz","robots":{"index":"index","follow":"follow","max-snippet":"max-snippet:-1","max-image-preview":"max-image-preview:large","max-video-preview":"max-video-preview:-1"},"canonical":"https:\/\/entwicklung-schweiz.ch\/fr\/manifestations\/","og_locale":"fr_FR","og_type":"article","og_title":"Manifestations","og_description":"D\u00e9veloppement Suisse organise chaque ann\u00e9e plusieurs \u00e9v\u00e9nements exclusifs auxquels ses membres et partenaires associ\u00e9s re\u00e7oivent une invitation personnelle. Pour les diff\u00e9rentes parties prenantes, ils offrent une occasion unique de se rencontrer, d\u2019\u00e9changer les connaissances et exp\u00e9riences, de nouer de nouveaux contacts et de discuter de sujets pertinents pour le secteur et orient\u00e9s vers l\u2019avenir, ouvrant [&hellip;]","og_url":"https:\/\/entwicklung-schweiz.ch\/fr\/manifestations\/","og_site_name":"Entwicklung Schweiz","article_modified_time":"2024-05-22T11:57:52+00:00","og_image":[{"width":1380,"height":975,"url":"https:\/\/entwicklung-schweiz.ch\/wp-content\/uploads\/2024\/02\/b0df5bbd57ae3e03954da3d3c1af5149.jpeg","type":"image\/jpeg"}],"twitter_card":"summary_large_image","twitter_misc":{"Dur\u00e9e de lecture estim\u00e9e":"1 minute"},"schema":{"@context":"https:\/\/schema.org","@graph":[{"@type":"WebPage","@id":"https:\/\/entwicklung-schweiz.ch\/fr\/manifestations\/","url":"https:\/\/entwicklung-schweiz.ch\/fr\/manifestations\/","name":"Manifestations - Entwicklung Schweiz","isPartOf":{"@id":"https:\/\/entwicklung-schweiz.ch\/#website"},"primaryImageOfPage":{"@id":"https:\/\/entwicklung-schweiz.ch\/fr\/manifestations\/#primaryimage"},"image":{"@id":"https:\/\/entwicklung-schweiz.ch\/fr\/manifestations\/#primaryimage"},"thumbnailUrl":"https:\/\/entwicklung-schweiz.ch\/wp-content\/uploads\/2024\/02\/b0df5bbd57ae3e03954da3d3c1af5149.jpeg","datePublished":"2024-02-21T13:14:48+00:00","dateModified":"2024-05-22T11:57:52+00:00","breadcrumb":{"@id":"https:\/\/entwicklung-schweiz.ch\/fr\/manifestations\/#breadcrumb"},"inLanguage":"fr-FR","potentialAction":[{"@type":"ReadAction","target":["https:\/\/entwicklung-schweiz.ch\/fr\/manifestations\/"]}]},{"@type":"ImageObject","inLanguage":"fr-FR","@id":"https:\/\/entwicklung-schweiz.ch\/fr\/manifestations\/#primaryimage","url":"https:\/\/entwicklung-schweiz.ch\/wp-content\/uploads\/2024\/02\/b0df5bbd57ae3e03954da3d3c1af5149.jpeg","contentUrl":"https:\/\/entwicklung-schweiz.ch\/wp-content\/uploads\/2024\/02\/b0df5bbd57ae3e03954da3d3c1af5149.jpeg","width":1380,"height":975},{"@type":"BreadcrumbList","@id":"https:\/\/entwicklung-schweiz.ch\/fr\/manifestations\/#breadcrumb","itemListElement":[{"@type":"ListItem","position":1,"name":"Home","item":"https:\/\/entwicklung-schweiz.ch\/fr\/"},{"@type":"ListItem","position":2,"name":"Manifestations"}]},{"@type":"WebSite","@id":"https:\/\/entwicklung-schweiz.ch\/#website","url":"https:\/\/entwicklung-schweiz.ch\/","name":"Entwicklung Schweiz","description":"","publisher":{"@id":"https:\/\/entwicklung-schweiz.ch\/#organization"},"potentialAction":[{"@type":"SearchAction","target":{"@type":"EntryPoint","urlTemplate":"https:\/\/entwicklung-schweiz.ch\/?s={search_term_string}"},"query-input":{"@type":"PropertyValueSpecification","valueRequired":true,"valueName":"search_term_string"}}],"inLanguage":"fr-FR"},{"@type":"Organization","@id":"https:\/\/entwicklung-schweiz.ch\/#organization","name":"Entwicklung Schweiz","url":"https:\/\/entwicklung-schweiz.ch\/","logo":{"@type":"ImageObject","inLanguage":"fr-FR","@id":"https:\/\/entwicklung-schweiz.ch\/#\/schema\/logo\/image\/","url":"https:\/\/entwicklung-schweiz.ch\/wp-content\/uploads\/2024\/02\/Logo_colors.svg","contentUrl":"https:\/\/entwicklung-schweiz.ch\/wp-content\/uploads\/2024\/02\/Logo_colors.svg","width":243,"height":49,"caption":"Entwicklung Schweiz"},"image":{"@id":"https:\/\/entwicklung-schweiz.ch\/#\/schema\/logo\/image\/"}}]}},"_links":{"self":[{"href":"https:\/\/entwicklung-schweiz.ch\/fr\/wp-json\/wp\/v2\/pages\/286","targetHints":{"allow":["GET"]}}],"collection":[{"href":"https:\/\/entwicklung-schweiz.ch\/fr\/wp-json\/wp\/v2\/pages"}],"about":[{"href":"https:\/\/entwicklung-schweiz.ch\/fr\/wp-json\/wp\/v2\/types\/page"}],"author":[{"embeddable":true,"href":"https:\/\/entwicklung-schweiz.ch\/fr\/wp-json\/wp\/v2\/users\/1"}],"replies":[{"embeddable":true,"href":"https:\/\/entwicklung-schweiz.ch\/fr\/wp-json\/wp\/v2\/comments?post=286"}],"version-history":[{"count":5,"href":"https:\/\/entwicklung-schweiz.ch\/fr\/wp-json\/wp\/v2\/pages\/286\/revisions"}],"predecessor-version":[{"id":1687,"href":"https:\/\/entwicklung-schweiz.ch\/fr\/wp-json\/wp\/v2\/pages\/286\/revisions\/1687"}],"wp:featuredmedia":[{"embeddable":true,"href":"https:\/\/entwicklung-schweiz.ch\/fr\/wp-json\/wp\/v2\/media\/66"}],"wp:attachment":[{"href":"https:\/\/entwicklung-schweiz.ch\/fr\/wp-json\/wp\/v2\/media?parent=286"}],"curies":[{"name":"wp","href":"https:\/\/api.w.org\/{rel}","templated":true}]}}