{"id":659,"date":"2024-02-19T15:37:00","date_gmt":"2024-02-19T14:37:00","guid":{"rendered":"https:\/\/dev.entwicklung-schweiz.bertastrasse1.ch\/startseite\/"},"modified":"2026-01-30T15:19:09","modified_gmt":"2026-01-30T14:19:09","slug":"startseite","status":"publish","type":"page","link":"https:\/\/entwicklung-schweiz.ch\/fr\/","title":{"rendered":"Page d\u2019accueil"},"content":{"rendered":"\n    <section class=\"promo-text-button-block\">\n        <div class=\"promo-text-button-block-bg bg-color-red\"><\/div>\n\n        <div class=\"promo-text-button-cols-wrapper\">\n            <div class=\"promo-text-wrapper\">\n                <div>\n                                            <h1 class=\"mb-0 text-red\">Moniteur des march\u00e9s publics hiver 2025<\/h1>\n                    \n                                            <div class=\"text-block\">\n                            <p class=\"text-medium mb-0 text-red\">Le dernier moniteur des march\u00e9s publics hiver 2025 montre un net apaisement de la dynamique du march\u00e9 apr\u00e8s les bouleversements importants cons\u00e9cutifs \u00e0 la r\u00e9vision totale du droit des march\u00e9s publics. Alors que les crit\u00e8res de qualit\u00e9 et de durabilit\u00e9 sont d\u00e9sormais solidement ancr\u00e9s dans la pratique des march\u00e9s publics, les taux de croissance de nombreux indicateurs s\u2019aplatissent jusqu\u2019\u00e0 fin 2025.<\/p>\n                        <\/div>\n                    \n                                            <div class=\"button-block\">\n                            <a href=\"https:\/\/entwicklung-schweiz.ch\/fr\/moniteur-des-marches-publics-hiver-2025-stabilisation-a-un-niveau-eleve\/\" target=\"_blank\" class=\"red-border-button\">Plus d&rsquo;informations<\/a>\n                        <\/div>\n                                    <\/div>\n            <\/div>\n\n                            <div class=\"promo-image-block\">\n                    <img decoding=\"async\" src=\"https:\/\/entwicklung-schweiz.ch\/wp-content\/uploads\/2026\/01\/260130-Bild-Beitrag-Vergabemonitor-1200x800.png\" alt=\"260130 Bild Beitrag Vergabemonitor\" \/>\n                <\/div>\n                    <\/div>\n    <\/section>\n\n\n\n\n\n\n\n\n            <section class=\"page-card-block  \">\n            \n            <div class=\"page-card-image-block-mob scrollMagic-block\" style=\"background-image: url('https:\/\/entwicklung-schweiz.ch\/wp-content\/uploads\/2024\/05\/22-06-02-JA-0160-Kopie36_page-0001-1200x801.jpg')\" data-uid=\"69d509c668c31\">\n                <img decoding=\"async\" src=\"https:\/\/entwicklung-schweiz.ch\/wp-content\/themes\/entwicklung_schweiz\/assets\/images\/page_card_image_frame.png\" alt=\"Frame\" width=\"1px\" height=\"1px\" \/>\n            <\/div>\n\n            <div class=\"page-card-content-block  bg-color-white border-color-red  scrollMagic-block\" data-uid=\"69d509c667c08\">\n                <div class=\"page-card-top-block\">\n                                            <h2 class=\"mb-0 word-break-on h2-big text-red\">Association<\/h2>\n                                    <\/div>\n\n                                    <div class=\"page-card-middle-block\">\n                        <p class=\"mb-0 card-description-bigger text-red\">Nous nous engageons pour un espace de vie utilis\u00e9 dans un esprit d\u2019innovation et de durabilit\u00e9. Notre r\u00e9ussite tient \u00e0 la perspective d\u2019ensemble cr\u00e9\u00e9e en combinant planification, d\u00e9veloppement et r\u00e9alisation.\r\n<\/p>\n                    <\/div>\n                \n                <div class=\"page-card-buttons-block\">\n                    \n                    <a href=\"https:\/\/entwicklung-schweiz.ch\/fr\/association\/\" class=\"red-border-button \" >En savoir plus<\/a>\n                <\/div>\n            <\/div>\n\n            <div class=\"page-card-image-block scrollMagic-block delay-animation-1\" style=\"background-image: url('https:\/\/entwicklung-schweiz.ch\/wp-content\/uploads\/2024\/05\/22-06-02-JA-0160-Kopie36_page-0001-1200x801.jpg')\" data-uid=\"69d509c667c08\">\n                <img decoding=\"async\" src=\"https:\/\/entwicklung-schweiz.ch\/wp-content\/themes\/entwicklung_schweiz\/assets\/images\/page_card_image_frame.png\" alt=\"Frame\" width=\"1px\" height=\"1px\" \/>\n            <\/div>\n        <\/section>\n    \n\n\n\n            <section class=\"page-card-block  \">\n            \n            <div class=\"page-card-image-block-mob scrollMagic-block\" style=\"background-image: url('https:\/\/entwicklung-schweiz.ch\/wp-content\/uploads\/2024\/02\/fb83161496ebd322918062fcc2837d17.jpeg')\" data-uid=\"69d509c66a9d7\">\n                <img decoding=\"async\" src=\"https:\/\/entwicklung-schweiz.ch\/wp-content\/themes\/entwicklung_schweiz\/assets\/images\/page_card_image_frame.png\" alt=\"Frame\" width=\"1px\" height=\"1px\" \/>\n            <\/div>\n\n            <div class=\"page-card-content-block  bg-color-blue border-color-blue  scrollMagic-block\" data-uid=\"69d509c66a468\">\n                <div class=\"page-card-top-block\">\n                                            <h2 class=\"mb-0 word-break-on h2-big text-white\">Th\u00e8mes<\/h2>\n                                    <\/div>\n\n                                    <div class=\"page-card-middle-block\">\n                        <p class=\"mb-0 card-description-bigger text-white\">Notre engagement politique pour une Suisse moderne et durable\r\n\r\n<\/p>\n                    <\/div>\n                \n                <div class=\"page-card-buttons-block\">\n                    \n                    <a href=\"https:\/\/entwicklung-schweiz.ch\/fr\/themes\/\" class=\"white-border-button white-border-button-hover-blue\" >En savoir plus<\/a>\n                <\/div>\n            <\/div>\n\n            <div class=\"page-card-image-block scrollMagic-block delay-animation-1\" style=\"background-image: url('https:\/\/entwicklung-schweiz.ch\/wp-content\/uploads\/2024\/02\/fb83161496ebd322918062fcc2837d17.jpeg')\" data-uid=\"69d509c66a468\">\n                <img decoding=\"async\" src=\"https:\/\/entwicklung-schweiz.ch\/wp-content\/themes\/entwicklung_schweiz\/assets\/images\/page_card_image_frame.png\" alt=\"Frame\" width=\"1px\" height=\"1px\" \/>\n            <\/div>\n        <\/section>\n    \n\n\n\n            <section class=\"page-card-block page-card-block-mb-bigger \">\n            \n            <div class=\"page-card-image-block-mob scrollMagic-block\" style=\"background-image: url('https:\/\/entwicklung-schweiz.ch\/wp-content\/uploads\/2024\/02\/b0df5bbd57ae3e03954da3d3c1af5149-1200x848.jpeg')\" data-uid=\"69d509c67c731\">\n                <img decoding=\"async\" src=\"https:\/\/entwicklung-schweiz.ch\/wp-content\/themes\/entwicklung_schweiz\/assets\/images\/page_card_image_frame.png\" alt=\"Frame\" width=\"1px\" height=\"1px\" \/>\n            <\/div>\n\n            <div class=\"page-card-content-block  bg-color-red_dark border-color-red_dark  scrollMagic-block\" data-uid=\"69d509c67b8de\">\n                <div class=\"page-card-top-block\">\n                                            <h2 class=\"mb-0 word-break-on h2-big text-white\">Membres<\/h2>\n                                    <\/div>\n\n                                    <div class=\"page-card-middle-block\">\n                        <p class=\"mb-0 card-description-bigger text-white\">Nos membres d\u00e9veloppent, planifient et mettent en \u0153uvre \u2013 pour une Suisse o\u00f9 il fait bon vivre.\r\n<\/p>\n                    <\/div>\n                \n                <div class=\"page-card-buttons-block\">\n                                            <a href=\"https:\/\/entwicklung-schweiz.ch\/fr\/membres\/devenir-membre\/\" class=\"white-bg-button white-bg-button-red_dark\" >Devenir membre<\/a>\n                        <div class=\"buttons-divider\"><\/div>\n                    \n                    <a href=\"https:\/\/entwicklung-schweiz.ch\/fr\/membres\/\" class=\"white-border-button white-border-button-hover-red_dark\" >En savoir plus<\/a>\n                <\/div>\n            <\/div>\n\n            <div class=\"page-card-image-block scrollMagic-block delay-animation-1\" style=\"background-image: url('https:\/\/entwicklung-schweiz.ch\/wp-content\/uploads\/2024\/02\/b0df5bbd57ae3e03954da3d3c1af5149-1200x848.jpeg')\" data-uid=\"69d509c67b8de\">\n                <img decoding=\"async\" src=\"https:\/\/entwicklung-schweiz.ch\/wp-content\/themes\/entwicklung_schweiz\/assets\/images\/page_card_image_frame.png\" alt=\"Frame\" width=\"1px\" height=\"1px\" \/>\n            <\/div>\n        <\/section>\n    \n\n\n\n    <section class=\"post-3-cards-block \">\n            <h2 class=\"  mb-0 scrollMagic-block\" data-uid=\"69d509c67ff7a\">Sur le th\u00e8me<\/h2>\n        <div class=\"title-divider\"><\/div>\n    \n    <div class=\"post-cards\">\n                <div class=\"post-card scrollMagic-block delay-animation-0\" data-uid=\"69d509c680470\">\n        <a href=\"https:\/\/entwicklung-schweiz.ch\/fr\/une-offre-limitee-des-prix-eleves-la-recherche-dun-logement-reste-difficile\/\" class=\"post-card-image-block\" style=\"background-image: url('https:\/\/entwicklung-schweiz.ch\/wp-content\/uploads\/2026\/03\/260317-Bild-Wohnungsknappheit_1-800x533.png')\">\n            <img decoding=\"async\" src=\"https:\/\/entwicklung-schweiz.ch\/wp-content\/themes\/entwicklung_schweiz\/assets\/images\/post_card_image_frame.png\" alt=\"Frame\" width=\"1px\" height=\"1px\" \/>\n        <\/a>\n\n        <div class=\"post-card-content-block\">\n            \n            <h3 class=\"small mb-0\">\n                <a href=\"https:\/\/entwicklung-schweiz.ch\/fr\/une-offre-limitee-des-prix-eleves-la-recherche-dun-logement-reste-difficile\/\">Une offre limit\u00e9e, des prix \u00e9lev\u00e9s : la recherche d&rsquo;un logement reste difficile<\/a>\n            <\/h3>\n        <\/div>\n    <\/div>\n            <div class=\"post-card scrollMagic-block delay-animation-1\" data-uid=\"69d509c680a3b\">\n        <a href=\"https:\/\/entwicklung-schweiz.ch\/fr\/moniteur-des-marches-publics-hiver-2025-stabilisation-a-un-niveau-eleve\/\" class=\"post-card-image-block\" style=\"background-image: url('https:\/\/entwicklung-schweiz.ch\/wp-content\/uploads\/2026\/01\/260130-Bild-Beitrag-Vergabemonitor-800x533.png')\">\n            <img decoding=\"async\" src=\"https:\/\/entwicklung-schweiz.ch\/wp-content\/themes\/entwicklung_schweiz\/assets\/images\/post_card_image_frame.png\" alt=\"Frame\" width=\"1px\" height=\"1px\" \/>\n        <\/a>\n\n        <div class=\"post-card-content-block\">\n            \n            <h3 class=\"small mb-0\">\n                <a href=\"https:\/\/entwicklung-schweiz.ch\/fr\/moniteur-des-marches-publics-hiver-2025-stabilisation-a-un-niveau-eleve\/\">Moniteur des march\u00e9s publics hiver 2025 : stabilisation \u00e0 un niveau \u00e9lev\u00e9<\/a>\n            <\/h3>\n        <\/div>\n    <\/div>\n            <div class=\"post-card scrollMagic-block delay-animation-2\" data-uid=\"69d509c6816c1\">\n        <a href=\"https:\/\/entwicklung-schweiz.ch\/fr\/principales-modifications-du-droit-des-contrats-de-construction-revision-du-co-et-du-cc-au-1er-janvier-2026\/\" class=\"post-card-image-block\" style=\"background-image: url('https:\/\/entwicklung-schweiz.ch\/wp-content\/uploads\/2025\/12\/251215-Artikel-OR-Revision-800x533.png')\">\n            <img decoding=\"async\" src=\"https:\/\/entwicklung-schweiz.ch\/wp-content\/themes\/entwicklung_schweiz\/assets\/images\/post_card_image_frame.png\" alt=\"Frame\" width=\"1px\" height=\"1px\" \/>\n        <\/a>\n\n        <div class=\"post-card-content-block\">\n            \n            <h3 class=\"small mb-0\">\n                <a href=\"https:\/\/entwicklung-schweiz.ch\/fr\/principales-modifications-du-droit-des-contrats-de-construction-revision-du-co-et-du-cc-au-1er-janvier-2026\/\">Principales modifications du droit des contrats de construction (r\u00e9vision du CO et du CC) au 1er janvier 2026<\/a>\n            <\/h3>\n        <\/div>\n    <\/div>\n        <\/div>\n\n            <div class=\"button-block\">\n            <a href=\"https:\/\/entwicklung-schweiz.ch\/fr\/medias\/\" class=\"red-border-button big-btn\">Toutes les contributions<\/a>\n        <\/div>\n    <\/section>\n\n\n\n\n    <section class=\"promo-text-button-block\">\n        <div class=\"promo-text-button-block-bg bg-color-red\"><\/div>\n\n        <div class=\"promo-text-button-cols-wrapper\">\n            <div class=\"promo-text-wrapper\">\n                <div>\n                    \n                    \n                                    <\/div>\n            <\/div>\n\n                    <\/div>\n    <\/section>\n\n\n\n\n\n\n\n\n    <section class=\"promo-text-button-block\">\n        <div class=\"promo-text-button-block-bg bg-color-red\"><\/div>\n\n        <div class=\"promo-text-button-cols-wrapper\">\n            <div class=\"promo-text-wrapper\">\n                <div>\n                    \n                    \n                                    <\/div>\n            <\/div>\n\n                    <\/div>\n    <\/section>\n\n\n\n\n\n","protected":false},"excerpt":{"rendered":"","protected":false},"author":1,"featured_media":647,"parent":0,"menu_order":7,"comment_status":"closed","ping_status":"closed","template":"","meta":{"_acf_changed":false,"inline_featured_image":false,"_themeisle_gutenberg_block_has_review":false,"footnotes":""},"acf":[],"yoast_head":"<!-- This site is optimized with the Yoast SEO Premium plugin v22.7 (Yoast SEO v22.7) - https:\/\/yoast.com\/wordpress\/plugins\/seo\/ -->\n<title>Page d\u2019accueil - Entwicklung Schweiz<\/title>\n<meta name=\"robots\" content=\"index, follow, max-snippet:-1, max-image-preview:large, max-video-preview:-1\" \/>\n<link rel=\"canonical\" href=\"https:\/\/entwicklung-schweiz.ch\/fr\/\" \/>\n<meta property=\"og:locale\" content=\"fr_FR\" \/>\n<meta property=\"og:type\" content=\"article\" \/>\n<meta property=\"og:title\" content=\"Page d\u2019accueil\" \/>\n<meta property=\"og:url\" content=\"https:\/\/entwicklung-schweiz.ch\/fr\/\" \/>\n<meta property=\"og:site_name\" content=\"Entwicklung Schweiz\" \/>\n<meta property=\"article:modified_time\" content=\"2026-01-30T14:19:09+00:00\" \/>\n<meta name=\"twitter:card\" content=\"summary_large_image\" \/>\n<meta name=\"twitter:label1\" content=\"Dur\u00e9e de lecture estim\u00e9e\" \/>\n\t<meta name=\"twitter:data1\" content=\"1 minute\" \/>\n<script type=\"application\/ld+json\" class=\"yoast-schema-graph\">{\"@context\":\"https:\/\/schema.org\",\"@graph\":[{\"@type\":\"WebPage\",\"@id\":\"https:\/\/entwicklung-schweiz.ch\/fr\/\",\"url\":\"https:\/\/entwicklung-schweiz.ch\/fr\/\",\"name\":\"Page d\u2019accueil - Entwicklung Schweiz\",\"isPartOf\":{\"@id\":\"https:\/\/entwicklung-schweiz.ch\/#website\"},\"primaryImageOfPage\":{\"@id\":\"https:\/\/entwicklung-schweiz.ch\/fr\/#primaryimage\"},\"image\":{\"@id\":\"https:\/\/entwicklung-schweiz.ch\/fr\/#primaryimage\"},\"thumbnailUrl\":\"https:\/\/entwicklung-schweiz.ch\/wp-content\/uploads\/2024\/02\/Logo_colors.svg\",\"datePublished\":\"2024-02-19T14:37:00+00:00\",\"dateModified\":\"2026-01-30T14:19:09+00:00\",\"breadcrumb\":{\"@id\":\"https:\/\/entwicklung-schweiz.ch\/fr\/#breadcrumb\"},\"inLanguage\":\"fr-FR\",\"potentialAction\":[{\"@type\":\"ReadAction\",\"target\":[\"https:\/\/entwicklung-schweiz.ch\/fr\/\"]}]},{\"@type\":\"ImageObject\",\"inLanguage\":\"fr-FR\",\"@id\":\"https:\/\/entwicklung-schweiz.ch\/fr\/#primaryimage\",\"url\":\"https:\/\/entwicklung-schweiz.ch\/wp-content\/uploads\/2024\/02\/Logo_colors.svg\",\"contentUrl\":\"https:\/\/entwicklung-schweiz.ch\/wp-content\/uploads\/2024\/02\/Logo_colors.svg\"},{\"@type\":\"BreadcrumbList\",\"@id\":\"https:\/\/entwicklung-schweiz.ch\/fr\/#breadcrumb\",\"itemListElement\":[{\"@type\":\"ListItem\",\"position\":1,\"name\":\"Home\",\"item\":\"https:\/\/entwicklung-schweiz.ch\/fr\/\"},{\"@type\":\"ListItem\",\"position\":2,\"name\":\"Page d\u2019accueil\"}]},{\"@type\":\"WebSite\",\"@id\":\"https:\/\/entwicklung-schweiz.ch\/#website\",\"url\":\"https:\/\/entwicklung-schweiz.ch\/\",\"name\":\"Entwicklung Schweiz\",\"description\":\"\",\"publisher\":{\"@id\":\"https:\/\/entwicklung-schweiz.ch\/#organization\"},\"potentialAction\":[{\"@type\":\"SearchAction\",\"target\":{\"@type\":\"EntryPoint\",\"urlTemplate\":\"https:\/\/entwicklung-schweiz.ch\/?s={search_term_string}\"},\"query-input\":\"required name=search_term_string\"}],\"inLanguage\":\"fr-FR\"},{\"@type\":\"Organization\",\"@id\":\"https:\/\/entwicklung-schweiz.ch\/#organization\",\"name\":\"Entwicklung Schweiz\",\"url\":\"https:\/\/entwicklung-schweiz.ch\/\",\"logo\":{\"@type\":\"ImageObject\",\"inLanguage\":\"fr-FR\",\"@id\":\"https:\/\/entwicklung-schweiz.ch\/#\/schema\/logo\/image\/\",\"url\":\"https:\/\/entwicklung-schweiz.ch\/wp-content\/uploads\/2024\/02\/Logo_colors.svg\",\"contentUrl\":\"https:\/\/entwicklung-schweiz.ch\/wp-content\/uploads\/2024\/02\/Logo_colors.svg\",\"width\":243,\"height\":49,\"caption\":\"Entwicklung Schweiz\"},\"image\":{\"@id\":\"https:\/\/entwicklung-schweiz.ch\/#\/schema\/logo\/image\/\"}}]}<\/script>\n<!-- \/ Yoast SEO Premium plugin. -->","yoast_head_json":{"title":"Page d\u2019accueil - Entwicklung Schweiz","robots":{"index":"index","follow":"follow","max-snippet":"max-snippet:-1","max-image-preview":"max-image-preview:large","max-video-preview":"max-video-preview:-1"},"canonical":"https:\/\/entwicklung-schweiz.ch\/fr\/","og_locale":"fr_FR","og_type":"article","og_title":"Page d\u2019accueil","og_url":"https:\/\/entwicklung-schweiz.ch\/fr\/","og_site_name":"Entwicklung Schweiz","article_modified_time":"2026-01-30T14:19:09+00:00","twitter_card":"summary_large_image","twitter_misc":{"Dur\u00e9e de lecture estim\u00e9e":"1 minute"},"schema":{"@context":"https:\/\/schema.org","@graph":[{"@type":"WebPage","@id":"https:\/\/entwicklung-schweiz.ch\/fr\/","url":"https:\/\/entwicklung-schweiz.ch\/fr\/","name":"Page d\u2019accueil - Entwicklung Schweiz","isPartOf":{"@id":"https:\/\/entwicklung-schweiz.ch\/#website"},"primaryImageOfPage":{"@id":"https:\/\/entwicklung-schweiz.ch\/fr\/#primaryimage"},"image":{"@id":"https:\/\/entwicklung-schweiz.ch\/fr\/#primaryimage"},"thumbnailUrl":"https:\/\/entwicklung-schweiz.ch\/wp-content\/uploads\/2024\/02\/Logo_colors.svg","datePublished":"2024-02-19T14:37:00+00:00","dateModified":"2026-01-30T14:19:09+00:00","breadcrumb":{"@id":"https:\/\/entwicklung-schweiz.ch\/fr\/#breadcrumb"},"inLanguage":"fr-FR","potentialAction":[{"@type":"ReadAction","target":["https:\/\/entwicklung-schweiz.ch\/fr\/"]}]},{"@type":"ImageObject","inLanguage":"fr-FR","@id":"https:\/\/entwicklung-schweiz.ch\/fr\/#primaryimage","url":"https:\/\/entwicklung-schweiz.ch\/wp-content\/uploads\/2024\/02\/Logo_colors.svg","contentUrl":"https:\/\/entwicklung-schweiz.ch\/wp-content\/uploads\/2024\/02\/Logo_colors.svg"},{"@type":"BreadcrumbList","@id":"https:\/\/entwicklung-schweiz.ch\/fr\/#breadcrumb","itemListElement":[{"@type":"ListItem","position":1,"name":"Home","item":"https:\/\/entwicklung-schweiz.ch\/fr\/"},{"@type":"ListItem","position":2,"name":"Page d\u2019accueil"}]},{"@type":"WebSite","@id":"https:\/\/entwicklung-schweiz.ch\/#website","url":"https:\/\/entwicklung-schweiz.ch\/","name":"Entwicklung Schweiz","description":"","publisher":{"@id":"https:\/\/entwicklung-schweiz.ch\/#organization"},"potentialAction":[{"@type":"SearchAction","target":{"@type":"EntryPoint","urlTemplate":"https:\/\/entwicklung-schweiz.ch\/?s={search_term_string}"},"query-input":"required name=search_term_string"}],"inLanguage":"fr-FR"},{"@type":"Organization","@id":"https:\/\/entwicklung-schweiz.ch\/#organization","name":"Entwicklung Schweiz","url":"https:\/\/entwicklung-schweiz.ch\/","logo":{"@type":"ImageObject","inLanguage":"fr-FR","@id":"https:\/\/entwicklung-schweiz.ch\/#\/schema\/logo\/image\/","url":"https:\/\/entwicklung-schweiz.ch\/wp-content\/uploads\/2024\/02\/Logo_colors.svg","contentUrl":"https:\/\/entwicklung-schweiz.ch\/wp-content\/uploads\/2024\/02\/Logo_colors.svg","width":243,"height":49,"caption":"Entwicklung Schweiz"},"image":{"@id":"https:\/\/entwicklung-schweiz.ch\/#\/schema\/logo\/image\/"}}]}},"_links":{"self":[{"href":"https:\/\/entwicklung-schweiz.ch\/fr\/wp-json\/wp\/v2\/pages\/659"}],"collection":[{"href":"https:\/\/entwicklung-schweiz.ch\/fr\/wp-json\/wp\/v2\/pages"}],"about":[{"href":"https:\/\/entwicklung-schweiz.ch\/fr\/wp-json\/wp\/v2\/types\/page"}],"author":[{"embeddable":true,"href":"https:\/\/entwicklung-schweiz.ch\/fr\/wp-json\/wp\/v2\/users\/1"}],"replies":[{"embeddable":true,"href":"https:\/\/entwicklung-schweiz.ch\/fr\/wp-json\/wp\/v2\/comments?post=659"}],"version-history":[{"count":10,"href":"https:\/\/entwicklung-schweiz.ch\/fr\/wp-json\/wp\/v2\/pages\/659\/revisions"}],"predecessor-version":[{"id":3203,"href":"https:\/\/entwicklung-schweiz.ch\/fr\/wp-json\/wp\/v2\/pages\/659\/revisions\/3203"}],"wp:featuredmedia":[{"embeddable":true,"href":"https:\/\/entwicklung-schweiz.ch\/fr\/wp-json\/wp\/v2\/media\/647"}],"wp:attachment":[{"href":"https:\/\/entwicklung-schweiz.ch\/fr\/wp-json\/wp\/v2\/media?parent=659"}],"curies":[{"name":"wp","href":"https:\/\/api.w.org\/{rel}","templated":true}]}}